{"id":830,"date":"2025-07-13T15:29:03","date_gmt":"2025-07-13T13:29:03","guid":{"rendered":"https:\/\/www.cronopio.de\/seitenstetten\/?page_id=830"},"modified":"2025-07-13T15:29:03","modified_gmt":"2025-07-13T13:29:03","slug":"amor-io-sento-lalma","status":"publish","type":"page","link":"https:\/\/www.cronopio.de\/seitenstetten\/2025-2\/weltliche-musik\/amor-io-sento-lalma\/","title":{"rendered":"Amor io sento l\u2019alma"},"content":{"rendered":"\n<figure class=\"wp-block-table\"><table><tbody><tr><td>Amor io sento l\u2019alma<br>Tornar nel foc\u2019ond\u2019io<br>Fui liet\u2019e piu che mai d\u2019arder desio.<br>Lo ard\u2019in chiara fiamma<br>Nudrisc\u2019il miser core<br>E quanto piu s\u2019infiamma<br>Tanto piu cresce amore<br>Perch\u2019ogni mio dolore<br>Torna nel foc\u2019ond\u2019io<br>fili liet\u2019e piu che mai d\u2019arder desio.<\/td><td>Amor, ich f\u00fchle die Seele<br>zur\u00fcckkehren in das Feuer, in dem ich<br>fr\u00f6hlich war und mehr denn je das Verlangen hatte, zu brennen.<br>Das Brennen in klarer Flamme<br>N\u00e4hrt das arme Herz,<br>Und je mehr es entflammt,<br>Desto mehr w\u00e4chst die Liebe.<br>Denn all mein Schmerz<br>Kehrt zur\u00fcck in das Feuer, aus dem ich<br>Fr\u00f6hlich war und mehr denn je das Verlangen hatte, zu brennen.<br>(Perplexity)<\/td><\/tr><\/tbody><\/table><\/figure>\n\n\n\n<p class=\"wp-block-paragraph\"><\/p>\n","protected":false},"excerpt":{"rendered":"<p>Amor io sento l\u2019almaTornar nel foc\u2019ond\u2019ioFui liet\u2019e piu che mai d\u2019arder desio.Lo ard\u2019in chiara fiammaNudrisc\u2019il miser coreE quanto piu s\u2019infiammaTanto piu cresce amorePerch\u2019ogni mio doloreTorna nel foc\u2019ond\u2019iofili liet\u2019e piu che mai d\u2019arder desio. Amor, ich f\u00fchle die Seelezur\u00fcckkehren in das Feuer, in dem ichfr\u00f6hlich war und mehr denn je das &hellip;<\/p>\n","protected":false},"author":2,"featured_media":0,"parent":678,"menu_order":0,"comment_status":"closed","ping_status":"closed","template":"","meta":{"_crdt_document":"","_themeisle_gutenberg_block_has_review":false,"h5ap_radio_sources":[],"footnotes":""},"class_list":["post-830","page","type-page","status-publish","hentry"],"_links":{"self":[{"href":"https:\/\/www.cronopio.de\/seitenstetten\/wp-json\/wp\/v2\/pages\/830","targetHints":{"allow":["GET"]}}],"collection":[{"href":"https:\/\/www.cronopio.de\/seitenstetten\/wp-json\/wp\/v2\/pages"}],"about":[{"href":"https:\/\/www.cronopio.de\/seitenstetten\/wp-json\/wp\/v2\/types\/page"}],"author":[{"embeddable":true,"href":"https:\/\/www.cronopio.de\/seitenstetten\/wp-json\/wp\/v2\/users\/2"}],"replies":[{"embeddable":true,"href":"https:\/\/www.cronopio.de\/seitenstetten\/wp-json\/wp\/v2\/comments?post=830"}],"version-history":[{"count":1,"href":"https:\/\/www.cronopio.de\/seitenstetten\/wp-json\/wp\/v2\/pages\/830\/revisions"}],"predecessor-version":[{"id":831,"href":"https:\/\/www.cronopio.de\/seitenstetten\/wp-json\/wp\/v2\/pages\/830\/revisions\/831"}],"up":[{"embeddable":true,"href":"https:\/\/www.cronopio.de\/seitenstetten\/wp-json\/wp\/v2\/pages\/678"}],"wp:attachment":[{"href":"https:\/\/www.cronopio.de\/seitenstetten\/wp-json\/wp\/v2\/media?parent=830"}],"curies":[{"name":"wp","href":"https:\/\/api.w.org\/{rel}","templated":true}]}}