{"id":828,"date":"2025-07-13T15:28:05","date_gmt":"2025-07-13T13:28:05","guid":{"rendered":"https:\/\/www.cronopio.de\/seitenstetten\/?page_id=828"},"modified":"2025-07-13T15:28:06","modified_gmt":"2025-07-13T13:28:06","slug":"donna-del-mio-cor-chiave","status":"publish","type":"page","link":"https:\/\/www.cronopio.de\/seitenstetten\/2025-2\/weltliche-musik\/donna-del-mio-cor-chiave\/","title":{"rendered":"Donna del mio cor chiave"},"content":{"rendered":"\n<figure class=\"wp-block-table\"><table><tbody><tr><td>Donna del mio cor chiave<br>Qual foco piu soave<br>Saria del foco mio<br>Se v\u2019udissi cantar com\u2019io desio?<br>Siatemi dunque tale<br>Ch\u2019io goda (a pochi eguale)<br>De la vostra virtut\u2019e del mio male.<\/td><td>Dame, Schl\u00fcssel meines Herzens,<br>Welches Feuer w\u00e4re s\u00fc\u00dfer<br>Als das Feuer, das in mir brennt,<br>Wenn ich euch singen h\u00f6rte, wie ich es ersehne?<br>Seid mir also so gewogen,<br>Dass ich (wie nur wenige)<br>An eurer Tugend und an meinem Leiden Freude finde.<br>(Perplexity)<\/td><\/tr><\/tbody><\/table><\/figure>\n\n\n\n<p class=\"wp-block-paragraph\"><\/p>\n","protected":false},"excerpt":{"rendered":"<p>Donna del mio cor chiaveQual foco piu soaveSaria del foco mioSe v\u2019udissi cantar com\u2019io desio?Siatemi dunque taleCh\u2019io goda (a pochi eguale)De la vostra virtut\u2019e del mio male. Dame, Schl\u00fcssel meines Herzens,Welches Feuer w\u00e4re s\u00fc\u00dferAls das Feuer, das in mir brennt,Wenn ich euch singen h\u00f6rte, wie ich es ersehne?Seid mir also &hellip;<\/p>\n","protected":false},"author":2,"featured_media":0,"parent":678,"menu_order":0,"comment_status":"closed","ping_status":"closed","template":"","meta":{"_crdt_document":"","_themeisle_gutenberg_block_has_review":false,"h5ap_radio_sources":[],"footnotes":""},"class_list":["post-828","page","type-page","status-publish","hentry"],"_links":{"self":[{"href":"https:\/\/www.cronopio.de\/seitenstetten\/wp-json\/wp\/v2\/pages\/828","targetHints":{"allow":["GET"]}}],"collection":[{"href":"https:\/\/www.cronopio.de\/seitenstetten\/wp-json\/wp\/v2\/pages"}],"about":[{"href":"https:\/\/www.cronopio.de\/seitenstetten\/wp-json\/wp\/v2\/types\/page"}],"author":[{"embeddable":true,"href":"https:\/\/www.cronopio.de\/seitenstetten\/wp-json\/wp\/v2\/users\/2"}],"replies":[{"embeddable":true,"href":"https:\/\/www.cronopio.de\/seitenstetten\/wp-json\/wp\/v2\/comments?post=828"}],"version-history":[{"count":1,"href":"https:\/\/www.cronopio.de\/seitenstetten\/wp-json\/wp\/v2\/pages\/828\/revisions"}],"predecessor-version":[{"id":829,"href":"https:\/\/www.cronopio.de\/seitenstetten\/wp-json\/wp\/v2\/pages\/828\/revisions\/829"}],"up":[{"embeddable":true,"href":"https:\/\/www.cronopio.de\/seitenstetten\/wp-json\/wp\/v2\/pages\/678"}],"wp:attachment":[{"href":"https:\/\/www.cronopio.de\/seitenstetten\/wp-json\/wp\/v2\/media?parent=828"}],"curies":[{"name":"wp","href":"https:\/\/api.w.org\/{rel}","templated":true}]}}