{"id":826,"date":"2025-07-13T15:26:35","date_gmt":"2025-07-13T13:26:35","guid":{"rendered":"https:\/\/www.cronopio.de\/seitenstetten\/?page_id=826"},"modified":"2025-07-13T15:26:35","modified_gmt":"2025-07-13T13:26:35","slug":"donna-potessio-dire","status":"publish","type":"page","link":"https:\/\/www.cronopio.de\/seitenstetten\/2025-2\/weltliche-musik\/donna-potessio-dire\/","title":{"rendered":"Donna, potess&#8217;io dire"},"content":{"rendered":"\n<figure class=\"wp-block-table\"><table><tbody><tr><td>Donna potess\u2019io dire,<br>L\u2019immenso mio martire<br>Ma nol dir\u00f2 che non gli epena eguale<br>Giu nel cerchio infernale<br>Ma pur senza mentire<br>Dir\u00f2 ch\u2019\u00e8 tant\u2019 (o del ciel chiara stella)<br>Quanto voi sete bella.<\/td><td>Lady, ich w\u00fcnschte, ich k\u00f6nnte<br>die Unermesslichkeit meines Leidens schildern,<br>aber ich werde es nicht tun, denn der Schmerz hat nicht seinesgleichen<br>unten in den Kreisen der H\u00f6lle.<br>Doch ohne zu l\u00fcgen<br>will ich sagen, dass es so gro\u00df ist (o heller Stern des Himmels)<br>wie du sch\u00f6n bist.<br>(DeepL nach einer englischen \u00dcbersetzung)<\/td><\/tr><\/tbody><\/table><\/figure>\n\n\n\n<p class=\"wp-block-paragraph\"><\/p>\n","protected":false},"excerpt":{"rendered":"<p>Donna potess\u2019io dire,L\u2019immenso mio martireMa nol dir\u00f2 che non gli epena egualeGiu nel cerchio infernaleMa pur senza mentireDir\u00f2 ch\u2019\u00e8 tant\u2019 (o del ciel chiara stella)Quanto voi sete bella. Lady, ich w\u00fcnschte, ich k\u00f6nntedie Unermesslichkeit meines Leidens schildern,aber ich werde es nicht tun, denn der Schmerz hat nicht seinesgleichenunten in den &hellip;<\/p>\n","protected":false},"author":2,"featured_media":0,"parent":678,"menu_order":0,"comment_status":"closed","ping_status":"closed","template":"","meta":{"_crdt_document":"","_themeisle_gutenberg_block_has_review":false,"h5ap_radio_sources":[],"footnotes":""},"class_list":["post-826","page","type-page","status-publish","hentry"],"_links":{"self":[{"href":"https:\/\/www.cronopio.de\/seitenstetten\/wp-json\/wp\/v2\/pages\/826","targetHints":{"allow":["GET"]}}],"collection":[{"href":"https:\/\/www.cronopio.de\/seitenstetten\/wp-json\/wp\/v2\/pages"}],"about":[{"href":"https:\/\/www.cronopio.de\/seitenstetten\/wp-json\/wp\/v2\/types\/page"}],"author":[{"embeddable":true,"href":"https:\/\/www.cronopio.de\/seitenstetten\/wp-json\/wp\/v2\/users\/2"}],"replies":[{"embeddable":true,"href":"https:\/\/www.cronopio.de\/seitenstetten\/wp-json\/wp\/v2\/comments?post=826"}],"version-history":[{"count":1,"href":"https:\/\/www.cronopio.de\/seitenstetten\/wp-json\/wp\/v2\/pages\/826\/revisions"}],"predecessor-version":[{"id":827,"href":"https:\/\/www.cronopio.de\/seitenstetten\/wp-json\/wp\/v2\/pages\/826\/revisions\/827"}],"up":[{"embeddable":true,"href":"https:\/\/www.cronopio.de\/seitenstetten\/wp-json\/wp\/v2\/pages\/678"}],"wp:attachment":[{"href":"https:\/\/www.cronopio.de\/seitenstetten\/wp-json\/wp\/v2\/media?parent=826"}],"curies":[{"name":"wp","href":"https:\/\/api.w.org\/{rel}","templated":true}]}}