{"id":824,"date":"2025-07-13T15:25:40","date_gmt":"2025-07-13T13:25:40","guid":{"rendered":"https:\/\/www.cronopio.de\/seitenstetten\/?page_id=824"},"modified":"2025-07-13T15:25:40","modified_gmt":"2025-07-13T13:25:40","slug":"come-vago-augelin-cha-poca-poco","status":"publish","type":"page","link":"https:\/\/www.cronopio.de\/seitenstetten\/2025-2\/weltliche-musik\/come-vago-augelin-cha-poca-poco\/","title":{"rendered":"Come vago augelin ch&#8217;a poc&#8217;a poco"},"content":{"rendered":"\n<figure class=\"wp-block-table\"><table><tbody><tr><td>Come vago augelin ch\u2019a poc\u2019a poco<br>S\u2019assicura saltar di ram\u2019in ramo<br>Gustando il cibo onde dal visco e colto<br>Cosi da bei diporti riso e gioco<br>Donna gentil mi pres\u2019al suo dolce amo<br>Mentre gl\u2019occhi pascea nel ehiaro volto<br>Ma fur gl\u2019inganni si soavi e l\u2019esea<br>Che nulla par che di languir m\u2019incresca<\/td><td>Wie der entz\u00fcckte kleine Vogel, der St\u00fcck f\u00fcr St\u00fcck<br>vorsichtig von Ast zu Ast h\u00fcpft,<br>und das Futter probiert, dessen Schlinge ihn fangen wird.<br>So fing mich eine vornehme Dame mit ihren reizenden Manieren,<br>ihrem Lachen und ihrer Verspieltheit<br>an ihrem s\u00fc\u00dfen Haken<br>w\u00e4hrend meine Augen sich an ihrem strahlenden Gesicht labten.<br>Doch ihre List und ihr Widerhaken waren so raffiniert<br>dass ich nichts zu bedauern scheine, au\u00dfer meiner Tr\u00e4gheit.<br>(DeepL)<\/td><\/tr><\/tbody><\/table><\/figure>\n\n\n\n<p class=\"wp-block-paragraph\"><\/p>\n","protected":false},"excerpt":{"rendered":"<p>Come vago augelin ch\u2019a poc\u2019a pocoS\u2019assicura saltar di ram\u2019in ramoGustando il cibo onde dal visco e coltoCosi da bei diporti riso e giocoDonna gentil mi pres\u2019al suo dolce amoMentre gl\u2019occhi pascea nel ehiaro voltoMa fur gl\u2019inganni si soavi e l\u2019eseaChe nulla par che di languir m\u2019incresca Wie der entz\u00fcckte kleine &hellip;<\/p>\n","protected":false},"author":2,"featured_media":0,"parent":678,"menu_order":0,"comment_status":"closed","ping_status":"closed","template":"","meta":{"_crdt_document":"","_themeisle_gutenberg_block_has_review":false,"h5ap_radio_sources":[],"footnotes":""},"class_list":["post-824","page","type-page","status-publish","hentry"],"_links":{"self":[{"href":"https:\/\/www.cronopio.de\/seitenstetten\/wp-json\/wp\/v2\/pages\/824","targetHints":{"allow":["GET"]}}],"collection":[{"href":"https:\/\/www.cronopio.de\/seitenstetten\/wp-json\/wp\/v2\/pages"}],"about":[{"href":"https:\/\/www.cronopio.de\/seitenstetten\/wp-json\/wp\/v2\/types\/page"}],"author":[{"embeddable":true,"href":"https:\/\/www.cronopio.de\/seitenstetten\/wp-json\/wp\/v2\/users\/2"}],"replies":[{"embeddable":true,"href":"https:\/\/www.cronopio.de\/seitenstetten\/wp-json\/wp\/v2\/comments?post=824"}],"version-history":[{"count":1,"href":"https:\/\/www.cronopio.de\/seitenstetten\/wp-json\/wp\/v2\/pages\/824\/revisions"}],"predecessor-version":[{"id":825,"href":"https:\/\/www.cronopio.de\/seitenstetten\/wp-json\/wp\/v2\/pages\/824\/revisions\/825"}],"up":[{"embeddable":true,"href":"https:\/\/www.cronopio.de\/seitenstetten\/wp-json\/wp\/v2\/pages\/678"}],"wp:attachment":[{"href":"https:\/\/www.cronopio.de\/seitenstetten\/wp-json\/wp\/v2\/media?parent=824"}],"curies":[{"name":"wp","href":"https:\/\/api.w.org\/{rel}","templated":true}]}}