{"id":820,"date":"2025-07-13T15:23:48","date_gmt":"2025-07-13T13:23:48","guid":{"rendered":"https:\/\/www.cronopio.de\/seitenstetten\/?page_id=820"},"modified":"2025-07-13T15:23:48","modified_gmt":"2025-07-13T13:23:48","slug":"vedesti-amor","status":"publish","type":"page","link":"https:\/\/www.cronopio.de\/seitenstetten\/2025-2\/weltliche-musik\/vedesti-amor\/","title":{"rendered":"Vedesti amor"},"content":{"rendered":"\n<figure class=\"wp-block-table\"><table><tbody><tr><td>Vedesti amor giamai di s\u00ec bel sole,<br>S\u00ec belle luci e di s\u00ec bella pietra<br>Uscir s\u00ec belle fiamme e in quell&#8216; un core<br>Arder s\u00ec lieto e raddoppiand&#8216; il fuoco,<br>Si dolcemente raddopiar&#8216; il pianto<br>E far d&#8217;i danni suoi pietoso il cielo.<\/td><td>Hast du, Amor, je eine so sch\u00f6ne Sonne gesehen,<br>so sch\u00f6ne Augen und aus so sch\u00f6nem Stein<br>so sch\u00f6ne Flammen hervorgehen und in jenem einen Herzen<br>so freudig brennen und das Feuer sich verdoppeln,<br>so sanft das Weinen sich verdoppeln<br>Und den Himmel mitleidig machen ob seines Leids?<br>(Perplexity)<\/td><\/tr><\/tbody><\/table><\/figure>\n\n\n\n<p class=\"wp-block-paragraph\"><\/p>\n","protected":false},"excerpt":{"rendered":"<p>Vedesti amor giamai di s\u00ec bel sole,S\u00ec belle luci e di s\u00ec bella pietraUscir s\u00ec belle fiamme e in quell&#8216; un coreArder s\u00ec lieto e raddoppiand&#8216; il fuoco,Si dolcemente raddopiar&#8216; il piantoE far d&#8217;i danni suoi pietoso il cielo. Hast du, Amor, je eine so sch\u00f6ne Sonne gesehen,so sch\u00f6ne Augen &hellip;<\/p>\n","protected":false},"author":2,"featured_media":0,"parent":678,"menu_order":0,"comment_status":"closed","ping_status":"closed","template":"","meta":{"_crdt_document":"","_themeisle_gutenberg_block_has_review":false,"h5ap_radio_sources":[],"footnotes":""},"class_list":["post-820","page","type-page","status-publish","hentry"],"_links":{"self":[{"href":"https:\/\/www.cronopio.de\/seitenstetten\/wp-json\/wp\/v2\/pages\/820","targetHints":{"allow":["GET"]}}],"collection":[{"href":"https:\/\/www.cronopio.de\/seitenstetten\/wp-json\/wp\/v2\/pages"}],"about":[{"href":"https:\/\/www.cronopio.de\/seitenstetten\/wp-json\/wp\/v2\/types\/page"}],"author":[{"embeddable":true,"href":"https:\/\/www.cronopio.de\/seitenstetten\/wp-json\/wp\/v2\/users\/2"}],"replies":[{"embeddable":true,"href":"https:\/\/www.cronopio.de\/seitenstetten\/wp-json\/wp\/v2\/comments?post=820"}],"version-history":[{"count":1,"href":"https:\/\/www.cronopio.de\/seitenstetten\/wp-json\/wp\/v2\/pages\/820\/revisions"}],"predecessor-version":[{"id":821,"href":"https:\/\/www.cronopio.de\/seitenstetten\/wp-json\/wp\/v2\/pages\/820\/revisions\/821"}],"up":[{"embeddable":true,"href":"https:\/\/www.cronopio.de\/seitenstetten\/wp-json\/wp\/v2\/pages\/678"}],"wp:attachment":[{"href":"https:\/\/www.cronopio.de\/seitenstetten\/wp-json\/wp\/v2\/media?parent=820"}],"curies":[{"name":"wp","href":"https:\/\/api.w.org\/{rel}","templated":true}]}}