{"id":808,"date":"2025-07-13T15:16:40","date_gmt":"2025-07-13T13:16:40","guid":{"rendered":"https:\/\/www.cronopio.de\/seitenstetten\/?page_id=808"},"modified":"2025-07-13T15:18:33","modified_gmt":"2025-07-13T13:18:33","slug":"sassi-palae-sabbion-del-adrian-lio-2","status":"publish","type":"page","link":"https:\/\/www.cronopio.de\/seitenstetten\/2025-2\/weltliche-musik\/sassi-palae-sabbion-del-adrian-lio-2\/","title":{"rendered":"O che felice giorno"},"content":{"rendered":"\n<figure class=\"wp-block-table\"><table><tbody><tr><td>O che felice giorno<br>Grato \u00e0 noi fa ritorno.<br>Celebriamolo tutti<br>in feste e in canto.<br>Ne Pastor sia fra queste selv\u2019intanto,<br>Che di gioia e d\u2019Amor<br>Non vesti l\u2018alm\u2019e\u2019l core.<br>E di mille sampogne odassi intorno<br>Lieti sonar ogn\u2019antro, ogni soggiorno.<\/td><td>Oh welch gl\u00fccklicher Tag<br>kehrt freundlich zu uns zur\u00fcck.<br>Feiern wir ihn alle<br>mit Festen und Ges\u00e4ngen.<br>Kein Hirte sei in all diesen W\u00e4ldern,<br>der nicht mit Freude und Liebe<br>Seele und Herz erf\u00fclle.<br>Und aus tausend Sackpfeifen h\u00f6re man ringsum<br>fr\u00f6hlich ert\u00f6nen jede H\u00f6hle, jede Behausung.<br>(Gerhard Weydt auf CPDL)<\/td><\/tr><\/tbody><\/table><\/figure>\n\n\n\n<p class=\"wp-block-paragraph\"><\/p>\n","protected":false},"excerpt":{"rendered":"<p>O che felice giornoGrato \u00e0 noi fa ritorno.Celebriamolo tuttiin feste e in canto.Ne Pastor sia fra queste selv\u2019intanto,Che di gioia e d\u2019AmorNon vesti l\u2018alm\u2019e\u2019l core.E di mille sampogne odassi intornoLieti sonar ogn\u2019antro, ogni soggiorno. Oh welch gl\u00fccklicher Tagkehrt freundlich zu uns zur\u00fcck.Feiern wir ihn allemit Festen und Ges\u00e4ngen.Kein Hirte sei &hellip;<\/p>\n","protected":false},"author":2,"featured_media":0,"parent":678,"menu_order":0,"comment_status":"closed","ping_status":"closed","template":"","meta":{"_crdt_document":"","_themeisle_gutenberg_block_has_review":false,"h5ap_radio_sources":[],"footnotes":""},"class_list":["post-808","page","type-page","status-publish","hentry"],"_links":{"self":[{"href":"https:\/\/www.cronopio.de\/seitenstetten\/wp-json\/wp\/v2\/pages\/808","targetHints":{"allow":["GET"]}}],"collection":[{"href":"https:\/\/www.cronopio.de\/seitenstetten\/wp-json\/wp\/v2\/pages"}],"about":[{"href":"https:\/\/www.cronopio.de\/seitenstetten\/wp-json\/wp\/v2\/types\/page"}],"author":[{"embeddable":true,"href":"https:\/\/www.cronopio.de\/seitenstetten\/wp-json\/wp\/v2\/users\/2"}],"replies":[{"embeddable":true,"href":"https:\/\/www.cronopio.de\/seitenstetten\/wp-json\/wp\/v2\/comments?post=808"}],"version-history":[{"count":3,"href":"https:\/\/www.cronopio.de\/seitenstetten\/wp-json\/wp\/v2\/pages\/808\/revisions"}],"predecessor-version":[{"id":811,"href":"https:\/\/www.cronopio.de\/seitenstetten\/wp-json\/wp\/v2\/pages\/808\/revisions\/811"}],"up":[{"embeddable":true,"href":"https:\/\/www.cronopio.de\/seitenstetten\/wp-json\/wp\/v2\/pages\/678"}],"wp:attachment":[{"href":"https:\/\/www.cronopio.de\/seitenstetten\/wp-json\/wp\/v2\/media?parent=808"}],"curies":[{"name":"wp","href":"https:\/\/api.w.org\/{rel}","templated":true}]}}