{"id":800,"date":"2025-07-13T13:19:37","date_gmt":"2025-07-13T11:19:37","guid":{"rendered":"https:\/\/www.cronopio.de\/seitenstetten\/?page_id=800"},"modified":"2025-07-13T13:19:37","modified_gmt":"2025-07-13T11:19:37","slug":"concordes-adhibete-animos","status":"publish","type":"page","link":"https:\/\/www.cronopio.de\/seitenstetten\/2025-2\/weltliche-musik\/concordes-adhibete-animos\/","title":{"rendered":"Concordes adhibete animos"},"content":{"rendered":"\n<figure class=\"wp-block-table\"><table><tbody><tr><td>Concordes adhibete animos, Musae,<br>inclita turba<br>Aetherei patris sacra propago Iovis.<br>Laude Pannopheum summa<br>decora te, Adrianum,<br>Intulit ut vestro munera summa choro.<br>Harmonicos magis ac suaves<br>nemo edidit unquam<br>Cantus, per quem nunc musica vera viget.<br>Ergo aetas omnis colat<br>hunc laudetur origo:<br>Felix, quae hunc genuit Flandria in orbe virum.<\/td><td>Eintr\u00e4chtig merkt auf, ihr Musen,<br>ruhmreiche Schar, heiliger Spross Jupiters,<br>des Vaters der G\u00f6tterwelt.<br>Schm\u00fcckt mit h\u00f6chstem Lob dich, Adrian, den<br>Verk\u00fcnder, wie er euren Chor mit h\u00f6chsten<br>Gaben beschenkt hat.<br>Niemals schuf jemand harmonischere und<br>lieblichere Ges\u00e4nge,<br>durch den nun die Musik wahrhaft in Bl\u00fcte steht.<br>Also soll ihn jedes Zeitalter verehren und auch<br>seine Herkunft preisen: Gl\u00fccklich das Land, das<br>diesen Mann auf die Welt gebracht: Flandern.<\/td><\/tr><tr><td>c.f. Vive, Adriane, decus Musarum!<\/td><td>c.f. Lebe wohl, Adrian, du Zierde der Musen!<br>(Konzertprogramm &#8222;I Flamminghi&#8220;)<\/td><\/tr><\/tbody><\/table><\/figure>\n\n\n\n<p class=\"wp-block-paragraph\"><\/p>\n","protected":false},"excerpt":{"rendered":"<p>Concordes adhibete animos, Musae,inclita turbaAetherei patris sacra propago Iovis.Laude Pannopheum summadecora te, Adrianum,Intulit ut vestro munera summa choro.Harmonicos magis ac suavesnemo edidit unquamCantus, per quem nunc musica vera viget.Ergo aetas omnis colathunc laudetur origo:Felix, quae hunc genuit Flandria in orbe virum. Eintr\u00e4chtig merkt auf, ihr Musen,ruhmreiche Schar, heiliger Spross Jupiters,des &hellip;<\/p>\n","protected":false},"author":2,"featured_media":0,"parent":678,"menu_order":0,"comment_status":"closed","ping_status":"closed","template":"","meta":{"_crdt_document":"","_themeisle_gutenberg_block_has_review":false,"h5ap_radio_sources":[],"footnotes":""},"class_list":["post-800","page","type-page","status-publish","hentry"],"_links":{"self":[{"href":"https:\/\/www.cronopio.de\/seitenstetten\/wp-json\/wp\/v2\/pages\/800","targetHints":{"allow":["GET"]}}],"collection":[{"href":"https:\/\/www.cronopio.de\/seitenstetten\/wp-json\/wp\/v2\/pages"}],"about":[{"href":"https:\/\/www.cronopio.de\/seitenstetten\/wp-json\/wp\/v2\/types\/page"}],"author":[{"embeddable":true,"href":"https:\/\/www.cronopio.de\/seitenstetten\/wp-json\/wp\/v2\/users\/2"}],"replies":[{"embeddable":true,"href":"https:\/\/www.cronopio.de\/seitenstetten\/wp-json\/wp\/v2\/comments?post=800"}],"version-history":[{"count":1,"href":"https:\/\/www.cronopio.de\/seitenstetten\/wp-json\/wp\/v2\/pages\/800\/revisions"}],"predecessor-version":[{"id":801,"href":"https:\/\/www.cronopio.de\/seitenstetten\/wp-json\/wp\/v2\/pages\/800\/revisions\/801"}],"up":[{"embeddable":true,"href":"https:\/\/www.cronopio.de\/seitenstetten\/wp-json\/wp\/v2\/pages\/678"}],"wp:attachment":[{"href":"https:\/\/www.cronopio.de\/seitenstetten\/wp-json\/wp\/v2\/media?parent=800"}],"curies":[{"name":"wp","href":"https:\/\/api.w.org\/{rel}","templated":true}]}}