{"id":798,"date":"2025-07-13T13:18:30","date_gmt":"2025-07-13T11:18:30","guid":{"rendered":"https:\/\/www.cronopio.de\/seitenstetten\/?page_id=798"},"modified":"2025-07-13T13:18:30","modified_gmt":"2025-07-13T11:18:30","slug":"beato-mi-direi","status":"publish","type":"page","link":"https:\/\/www.cronopio.de\/seitenstetten\/2025-2\/weltliche-musik\/beato-mi-direi\/","title":{"rendered":"Beato mi direi"},"content":{"rendered":"\n<figure class=\"wp-block-table\"><table><tbody><tr><td>Beato mi direi,<br>se mi mostrasse vostr&#8217;alma mercede<br>Quel di che fan vostre parole fede.<br>Ma son homai si stanco<br>De l&#8217;aspettar cio che&#8217;l mio cor desia,<br>Ch&#8217;io potrei venir manco,<br>In van bramando vostra cortesia.<br>Dunque speranza mia,<br>prima ch&#8217;io giung&#8217;al fin gli anni rei,<br>Consolatte gli afflitti spirti mei.<\/td><td>Gl\u00fccklich w\u00fcrde ich mich nennen,<br>wenn Eure Seele mir jene Gnade erwiese,<br>von der Eure Worte Zeugnis geben.<br>Doch bin ich nun so m\u00fcde<br>des Wartens auf das, was mein Herz begehrt,<br>dass ich daran zugrunde gehen k\u00f6nnte,<br>vergeblich Eure G\u00fcte ersehnend.<br>Darum, meine Hoffnung,<br>bevor ich das Ende dieser traurigen Jahre erreiche,<br>tr\u00f6stet meinen gequ\u00e4lten Geist.<br>(\u00dcbersetzung von Perplexity)<\/td><\/tr><\/tbody><\/table><\/figure>\n\n\n\n<p class=\"wp-block-paragraph\"><\/p>\n","protected":false},"excerpt":{"rendered":"<p>Beato mi direi,se mi mostrasse vostr&#8217;alma mercedeQuel di che fan vostre parole fede.Ma son homai si stancoDe l&#8217;aspettar cio che&#8217;l mio cor desia,Ch&#8217;io potrei venir manco,In van bramando vostra cortesia.Dunque speranza mia,prima ch&#8217;io giung&#8217;al fin gli anni rei,Consolatte gli afflitti spirti mei. Gl\u00fccklich w\u00fcrde ich mich nennen,wenn Eure Seele mir &hellip;<\/p>\n","protected":false},"author":2,"featured_media":0,"parent":678,"menu_order":0,"comment_status":"closed","ping_status":"closed","template":"","meta":{"_crdt_document":"","_themeisle_gutenberg_block_has_review":false,"h5ap_radio_sources":[],"footnotes":""},"class_list":["post-798","page","type-page","status-publish","hentry"],"_links":{"self":[{"href":"https:\/\/www.cronopio.de\/seitenstetten\/wp-json\/wp\/v2\/pages\/798","targetHints":{"allow":["GET"]}}],"collection":[{"href":"https:\/\/www.cronopio.de\/seitenstetten\/wp-json\/wp\/v2\/pages"}],"about":[{"href":"https:\/\/www.cronopio.de\/seitenstetten\/wp-json\/wp\/v2\/types\/page"}],"author":[{"embeddable":true,"href":"https:\/\/www.cronopio.de\/seitenstetten\/wp-json\/wp\/v2\/users\/2"}],"replies":[{"embeddable":true,"href":"https:\/\/www.cronopio.de\/seitenstetten\/wp-json\/wp\/v2\/comments?post=798"}],"version-history":[{"count":1,"href":"https:\/\/www.cronopio.de\/seitenstetten\/wp-json\/wp\/v2\/pages\/798\/revisions"}],"predecessor-version":[{"id":799,"href":"https:\/\/www.cronopio.de\/seitenstetten\/wp-json\/wp\/v2\/pages\/798\/revisions\/799"}],"up":[{"embeddable":true,"href":"https:\/\/www.cronopio.de\/seitenstetten\/wp-json\/wp\/v2\/pages\/678"}],"wp:attachment":[{"href":"https:\/\/www.cronopio.de\/seitenstetten\/wp-json\/wp\/v2\/media?parent=798"}],"curies":[{"name":"wp","href":"https:\/\/api.w.org\/{rel}","templated":true}]}}