{"id":784,"date":"2025-07-13T00:25:46","date_gmt":"2025-07-12T22:25:46","guid":{"rendered":"https:\/\/www.cronopio.de\/seitenstetten\/?page_id=784"},"modified":"2025-07-13T00:25:47","modified_gmt":"2025-07-12T22:25:47","slug":"pianzal-grego-pueta","status":"publish","type":"page","link":"https:\/\/www.cronopio.de\/seitenstetten\/2025-2\/weltliche-musik\/pianzal-grego-pueta\/","title":{"rendered":"Pianza&#8217;l Grego Pueta"},"content":{"rendered":"\n<figure class=\"wp-block-table\"><table><tbody><tr><td>Pianza&#8217;l Grego Pueta e&#8217;l Mantuan,<br>La Fiorentin e tutto canto&#8217;l mundo,<br>Da puo chie la xe morto chel profundo,<br>M\u00e0stora della Musica, Adrian,<\/td><td>M\u00f6gen der griechische Dichter* und der Mantuaner** trauern,<br>der Florentiner*** und die ganze Welt,<br>da dieser gro\u00dfe Meister der Musik, Adrian, tot ist.<\/td><\/tr><tr><td>Chie la tir\u00e0 cha in terra, in munte in pian,<br>Chell&#8217;armonia del cel chie zira in tundo,<br>Cul modo bel \u00e0 tutti ha mustra&#8217;l fundo<br>Tal ch&#8217;ogni cor malao xe turn\u00e0 san.<\/td><td>Der hier auf die Erde, die Berge und die Ebene<br>jene Harmonie des Himmels herabzog, die sich dreht;<br>mit seiner feinen Art zeigte er allen<br>ihre Tiefen, so dass jedes kranke Herz gesund wurde.<\/td><\/tr><tr><td>Fra tandi chie lo pianze, el pianzo angora<br>Mi, Blessi, che privao la sun adesso,<br>D&#8217;un chie cul canto la mio verso honora,<\/td><td>Unter so vielen, die um ihn trauern, trauere auch ich,<br>ich, Blessi****, der ich nun<br>eines Menschen beraubt bin, der mit seinem Gesang meine Verse ehrte.<\/td><\/tr><tr><td>Esso xe in celo, e vede&#8217;l sol lappresso,<br>E mi xe in terra d&#8217;ogni luse fora:<br>Ah, perchie no xe and\u00e0 anga mi cun esso?<\/td><td>Er ist im Himmel und sieht die Sonne aus n\u00e4chster N\u00e4he,<br>und ich bin auf der Erde, fern von allem Licht;<br>Ach, warum bin ich nicht auch mit ihm gegangen?<\/td><\/tr><tr><td>Cando sar\u00e0 cuncesso,<br>Veder in chesta vita un&#8217;aldro lu,<br>Chie no la xe sta mai ghel sar\u00e0 pi\u00f9?<\/td><td>Wann wird es verg\u00f6nnt sein,<br>einen anderen wie ihn in diesem Leben zu sehen,<br>der jetzt nicht ist und nie mehr sein wird?<br>(DeepL nach der englischen \u00dcbersetzung von Leofranc Holford-Strevens [CPDL])<\/td><\/tr><\/tbody><\/table><\/figure>\n\n\n\n<p class=\"wp-block-paragraph\">* Homer <\/p>\n\n\n\n<p class=\"wp-block-paragraph\">** Vergil <\/p>\n\n\n\n<p class=\"wp-block-paragraph\">*** Dante<\/p>\n\n\n\n<p class=\"wp-block-paragraph\">**** Manoli Blessi ist ein Pseudonym des Textdichters Antonio Molino<\/p>\n","protected":false},"excerpt":{"rendered":"<p>Pianza&#8217;l Grego Pueta e&#8217;l Mantuan,La Fiorentin e tutto canto&#8217;l mundo,Da puo chie la xe morto chel profundo,M\u00e0stora della Musica, Adrian, M\u00f6gen der griechische Dichter* und der Mantuaner** trauern,der Florentiner*** und die ganze Welt,da dieser gro\u00dfe Meister der Musik, Adrian, tot ist. Chie la tir\u00e0 cha in terra, in munte in &hellip;<\/p>\n","protected":false},"author":2,"featured_media":0,"parent":678,"menu_order":0,"comment_status":"closed","ping_status":"closed","template":"","meta":{"_crdt_document":"","_themeisle_gutenberg_block_has_review":false,"h5ap_radio_sources":[],"footnotes":""},"class_list":["post-784","page","type-page","status-publish","hentry"],"_links":{"self":[{"href":"https:\/\/www.cronopio.de\/seitenstetten\/wp-json\/wp\/v2\/pages\/784","targetHints":{"allow":["GET"]}}],"collection":[{"href":"https:\/\/www.cronopio.de\/seitenstetten\/wp-json\/wp\/v2\/pages"}],"about":[{"href":"https:\/\/www.cronopio.de\/seitenstetten\/wp-json\/wp\/v2\/types\/page"}],"author":[{"embeddable":true,"href":"https:\/\/www.cronopio.de\/seitenstetten\/wp-json\/wp\/v2\/users\/2"}],"replies":[{"embeddable":true,"href":"https:\/\/www.cronopio.de\/seitenstetten\/wp-json\/wp\/v2\/comments?post=784"}],"version-history":[{"count":1,"href":"https:\/\/www.cronopio.de\/seitenstetten\/wp-json\/wp\/v2\/pages\/784\/revisions"}],"predecessor-version":[{"id":786,"href":"https:\/\/www.cronopio.de\/seitenstetten\/wp-json\/wp\/v2\/pages\/784\/revisions\/786"}],"up":[{"embeddable":true,"href":"https:\/\/www.cronopio.de\/seitenstetten\/wp-json\/wp\/v2\/pages\/678"}],"wp:attachment":[{"href":"https:\/\/www.cronopio.de\/seitenstetten\/wp-json\/wp\/v2\/media?parent=784"}],"curies":[{"name":"wp","href":"https:\/\/api.w.org\/{rel}","templated":true}]}}