{"id":782,"date":"2025-07-13T00:22:29","date_gmt":"2025-07-12T22:22:29","guid":{"rendered":"https:\/\/www.cronopio.de\/seitenstetten\/?page_id=782"},"modified":"2025-07-13T00:22:29","modified_gmt":"2025-07-12T22:22:29","slug":"o-vui-greghette","status":"publish","type":"page","link":"https:\/\/www.cronopio.de\/seitenstetten\/2025-2\/weltliche-musik\/o-vui-greghette\/","title":{"rendered":"O Vui Greghette"},"content":{"rendered":"\n<figure class=\"wp-block-table\"><table><tbody><tr><td>O Vui Greghette belle innamorae,<br>Chie rosignol pareu su la candari,<br>Anga nu semo del vostre cundrae,<br>Bun greghi candarini e palicari.<br>Vergni con nui del pari<br>Chie dolcemende insieme candaremo.<\/td><td>O ihr sch\u00f6nen verliebten Griechinnen,<br>die ihr wie Nachtigallen auf der Zypresse singt,<br>auch wir sind aus eurer Gegend,<br>gute griechische S\u00e4nger und Plauderer.<br>Kommt mit uns zusammen,<br>damit wir gemeinsam s\u00fc\u00df singen.<\/td><\/tr><tr><td>Cusi nui far volemo,<br>Da puo chie&#8217;l zendillezza el curtesia vostre,<br>Ne invida a star in cumbagnia.<\/td><td>So m\u00f6chten wir es tun,<br>denn eure Liebensw\u00fcrdigkeit und H\u00f6flichkeit<br>l\u00e4dt uns ein, in (eurer) Gesellschaft zu sein.<\/td><\/tr><tr><td>Cantemo donga de chel dio d&#8217;amore,<br>Chie del mundo \u00e8 signore,<br>Amur sia benendetto.<\/td><td>Lasst uns singen von jenem Gott der Liebe,<br>der Herr der Welt ist,<br>gesegnet sei die Liebe.<\/td><\/tr><tr><td>L&#8217;arco el bolzun chie passa&#8217;l nostro petto,<br>E del persone vili,<br>Nel fa vegnir zendili.<\/td><td>Der Bogen und der Pfeil, die unsere Brust durchbohren,<br>machen auch aus gew\u00f6hnlichen Menschen<br>edle Menschen.<br>(Perplexity)<\/td><\/tr><\/tbody><\/table><\/figure>\n\n\n\n<p class=\"wp-block-paragraph\"><\/p>\n","protected":false},"excerpt":{"rendered":"<p>O Vui Greghette belle innamorae,Chie rosignol pareu su la candari,Anga nu semo del vostre cundrae,Bun greghi candarini e palicari.Vergni con nui del pariChie dolcemende insieme candaremo. O ihr sch\u00f6nen verliebten Griechinnen,die ihr wie Nachtigallen auf der Zypresse singt,auch wir sind aus eurer Gegend,gute griechische S\u00e4nger und Plauderer.Kommt mit uns zusammen,damit &hellip;<\/p>\n","protected":false},"author":2,"featured_media":0,"parent":678,"menu_order":0,"comment_status":"closed","ping_status":"closed","template":"","meta":{"_crdt_document":"","_themeisle_gutenberg_block_has_review":false,"h5ap_radio_sources":[],"footnotes":""},"class_list":["post-782","page","type-page","status-publish","hentry"],"_links":{"self":[{"href":"https:\/\/www.cronopio.de\/seitenstetten\/wp-json\/wp\/v2\/pages\/782","targetHints":{"allow":["GET"]}}],"collection":[{"href":"https:\/\/www.cronopio.de\/seitenstetten\/wp-json\/wp\/v2\/pages"}],"about":[{"href":"https:\/\/www.cronopio.de\/seitenstetten\/wp-json\/wp\/v2\/types\/page"}],"author":[{"embeddable":true,"href":"https:\/\/www.cronopio.de\/seitenstetten\/wp-json\/wp\/v2\/users\/2"}],"replies":[{"embeddable":true,"href":"https:\/\/www.cronopio.de\/seitenstetten\/wp-json\/wp\/v2\/comments?post=782"}],"version-history":[{"count":1,"href":"https:\/\/www.cronopio.de\/seitenstetten\/wp-json\/wp\/v2\/pages\/782\/revisions"}],"predecessor-version":[{"id":783,"href":"https:\/\/www.cronopio.de\/seitenstetten\/wp-json\/wp\/v2\/pages\/782\/revisions\/783"}],"up":[{"embeddable":true,"href":"https:\/\/www.cronopio.de\/seitenstetten\/wp-json\/wp\/v2\/pages\/678"}],"wp:attachment":[{"href":"https:\/\/www.cronopio.de\/seitenstetten\/wp-json\/wp\/v2\/media?parent=782"}],"curies":[{"name":"wp","href":"https:\/\/api.w.org\/{rel}","templated":true}]}}