{"id":778,"date":"2025-07-13T00:20:31","date_gmt":"2025-07-12T22:20:31","guid":{"rendered":"https:\/\/www.cronopio.de\/seitenstetten\/?page_id=778"},"modified":"2025-07-13T00:20:32","modified_gmt":"2025-07-12T22:20:32","slug":"mi-ho-scritto-e-sembre-scrivo","status":"publish","type":"page","link":"https:\/\/www.cronopio.de\/seitenstetten\/2025-2\/weltliche-musik\/mi-ho-scritto-e-sembre-scrivo\/","title":{"rendered":"Mi ho scritto e sembre scrivo"},"content":{"rendered":"\n<figure class=\"wp-block-table\"><table><tbody><tr><td>Mi ho scritto e sembre scrivo<br>Greghe rime galande, chie cando sar\u00f2 morto<br>Mel far\u00e0 parer vivo.<br>O chie zoia e cunforto<br>Sar\u00e0 chesto, Verzinia, al mio moriri;<br>Se chelle mo nol piasera a la zende,<br>Mi no mel curo gnende.<br>Pur chie a vui sula possa sadisfari,<br>Rezona del cantari e del sunari.<\/td><td>Ich habe geschrieben und schreibe weiter<br>galante griechische Reime, die, wenn ich tot bin,<br>mich lebendig erscheinen lassen.<br>Oh, welche Freude und welcher Trost<br>wird das sein, Verginia, bei meinem Tod;<br>wenn die Leute sie nicht m\u00f6gen,<br>k\u00fcmmert es mich nicht im Geringsten<br>Solange sie dich allein befriedigen k\u00f6nnen,<br>K\u00f6nigin des Singens und Musizierens.<br>(DeepL nach der englischen \u00dcbersetzung von Leofranc Holford-Strevens [CPDL])<\/td><\/tr><\/tbody><\/table><\/figure>\n\n\n\n<p class=\"wp-block-paragraph\"><\/p>\n","protected":false},"excerpt":{"rendered":"<p>Mi ho scritto e sembre scrivoGreghe rime galande, chie cando sar\u00f2 mortoMel far\u00e0 parer vivo.O chie zoia e cunfortoSar\u00e0 chesto, Verzinia, al mio moriri;Se chelle mo nol piasera a la zende,Mi no mel curo gnende.Pur chie a vui sula possa sadisfari,Rezona del cantari e del sunari. Ich habe geschrieben und &hellip;<\/p>\n","protected":false},"author":2,"featured_media":0,"parent":678,"menu_order":0,"comment_status":"closed","ping_status":"closed","template":"","meta":{"_crdt_document":"","_themeisle_gutenberg_block_has_review":false,"h5ap_radio_sources":[],"footnotes":""},"class_list":["post-778","page","type-page","status-publish","hentry"],"_links":{"self":[{"href":"https:\/\/www.cronopio.de\/seitenstetten\/wp-json\/wp\/v2\/pages\/778","targetHints":{"allow":["GET"]}}],"collection":[{"href":"https:\/\/www.cronopio.de\/seitenstetten\/wp-json\/wp\/v2\/pages"}],"about":[{"href":"https:\/\/www.cronopio.de\/seitenstetten\/wp-json\/wp\/v2\/types\/page"}],"author":[{"embeddable":true,"href":"https:\/\/www.cronopio.de\/seitenstetten\/wp-json\/wp\/v2\/users\/2"}],"replies":[{"embeddable":true,"href":"https:\/\/www.cronopio.de\/seitenstetten\/wp-json\/wp\/v2\/comments?post=778"}],"version-history":[{"count":1,"href":"https:\/\/www.cronopio.de\/seitenstetten\/wp-json\/wp\/v2\/pages\/778\/revisions"}],"predecessor-version":[{"id":780,"href":"https:\/\/www.cronopio.de\/seitenstetten\/wp-json\/wp\/v2\/pages\/778\/revisions\/780"}],"up":[{"embeddable":true,"href":"https:\/\/www.cronopio.de\/seitenstetten\/wp-json\/wp\/v2\/pages\/678"}],"wp:attachment":[{"href":"https:\/\/www.cronopio.de\/seitenstetten\/wp-json\/wp\/v2\/media?parent=778"}],"curies":[{"name":"wp","href":"https:\/\/api.w.org\/{rel}","templated":true}]}}