{"id":776,"date":"2025-07-13T00:19:03","date_gmt":"2025-07-12T22:19:03","guid":{"rendered":"https:\/\/www.cronopio.de\/seitenstetten\/?page_id=776"},"modified":"2025-07-13T00:19:03","modified_gmt":"2025-07-12T22:19:03","slug":"non-dispregiate-i-miserelli-amanti","status":"publish","type":"page","link":"https:\/\/www.cronopio.de\/seitenstetten\/2025-2\/weltliche-musik\/non-dispregiate-i-miserelli-amanti\/","title":{"rendered":"Non dispregiate i miserelli amanti"},"content":{"rendered":"\n<figure class=\"wp-block-table\"><table><tbody><tr><td>Non dispregiate i miserelli amanti,<br>Ch&#8217;esser non dee beltate<br>In un spirto gentil vaga di pianti,<br>Che se ne vien l&#8217;etate,<br>Che fa pentir le belle donne ingrate,<br>Vi sentirete al core,<br>Chi sapr\u00e0 vendicar nostro dolore.<\/td><td>Verachtet nicht die armen Liebenden,<br>Denn es ziemt sich nicht, dass Sch\u00f6nheit<br>In einer edlen Seele nach Tr\u00e4nen verlangt.<br>Denn es kommt die Zeit,<br>Die die sch\u00f6nen, undankbaren Frauen bereuen l\u00e4sst;<br>Dann werdet ihr im Herzen sp\u00fcren,<br>Wer unseren Schmerz zu r\u00e4chen wei\u00df.<\/td><\/tr><\/tbody><\/table><\/figure>\n\n\n\n<p class=\"wp-block-paragraph\"><\/p>\n","protected":false},"excerpt":{"rendered":"<p>Non dispregiate i miserelli amanti,Ch&#8217;esser non dee beltateIn un spirto gentil vaga di pianti,Che se ne vien l&#8217;etate,Che fa pentir le belle donne ingrate,Vi sentirete al core,Chi sapr\u00e0 vendicar nostro dolore. Verachtet nicht die armen Liebenden,Denn es ziemt sich nicht, dass Sch\u00f6nheitIn einer edlen Seele nach Tr\u00e4nen verlangt.Denn es kommt &hellip;<\/p>\n","protected":false},"author":2,"featured_media":0,"parent":678,"menu_order":0,"comment_status":"closed","ping_status":"closed","template":"","meta":{"_crdt_document":"","_themeisle_gutenberg_block_has_review":false,"h5ap_radio_sources":[],"footnotes":""},"class_list":["post-776","page","type-page","status-publish","hentry"],"_links":{"self":[{"href":"https:\/\/www.cronopio.de\/seitenstetten\/wp-json\/wp\/v2\/pages\/776","targetHints":{"allow":["GET"]}}],"collection":[{"href":"https:\/\/www.cronopio.de\/seitenstetten\/wp-json\/wp\/v2\/pages"}],"about":[{"href":"https:\/\/www.cronopio.de\/seitenstetten\/wp-json\/wp\/v2\/types\/page"}],"author":[{"embeddable":true,"href":"https:\/\/www.cronopio.de\/seitenstetten\/wp-json\/wp\/v2\/users\/2"}],"replies":[{"embeddable":true,"href":"https:\/\/www.cronopio.de\/seitenstetten\/wp-json\/wp\/v2\/comments?post=776"}],"version-history":[{"count":1,"href":"https:\/\/www.cronopio.de\/seitenstetten\/wp-json\/wp\/v2\/pages\/776\/revisions"}],"predecessor-version":[{"id":777,"href":"https:\/\/www.cronopio.de\/seitenstetten\/wp-json\/wp\/v2\/pages\/776\/revisions\/777"}],"up":[{"embeddable":true,"href":"https:\/\/www.cronopio.de\/seitenstetten\/wp-json\/wp\/v2\/pages\/678"}],"wp:attachment":[{"href":"https:\/\/www.cronopio.de\/seitenstetten\/wp-json\/wp\/v2\/media?parent=776"}],"curies":[{"name":"wp","href":"https:\/\/api.w.org\/{rel}","templated":true}]}}