{"id":773,"date":"2025-07-13T00:17:05","date_gmt":"2025-07-12T22:17:05","guid":{"rendered":"https:\/\/www.cronopio.de\/seitenstetten\/?page_id=773"},"modified":"2025-07-13T00:17:05","modified_gmt":"2025-07-12T22:17:05","slug":"ardo-si","status":"publish","type":"page","link":"https:\/\/www.cronopio.de\/seitenstetten\/2025-2\/weltliche-musik\/ardo-si\/","title":{"rendered":"Ardo s\u00ec"},"content":{"rendered":"\n<figure class=\"wp-block-table\"><table><tbody><tr><td>Ardo s\u00ec ma non t\u2019amo<br>Perfida e dispietata,<br>Indegnamente amata<br>Da un si leale amante.<br>Ne sar\u00e0 pi\u00f9 che del mio duol ti vante<br>Perch\u2019ho gi\u00e0 sano il core<br>E s\u2019ardo, ardo di sdegn\u2019 e non d\u2019amore.<\/td><td>Ich brenne, ja, aber ich liebe dich nicht,<br>Heimt\u00fcckische und Unbarmherzige,<br>Von einem solch treuen Liebenden Unw\u00fcrdig geliebte.<br>Du wirst dich nicht weiter meines Schmerzes br\u00fcsten,<br>Denn mein Herz ist bereits gesund,<br>Und wenn ich brenne,<br>Brenne ich aus Zorn und nicht aus Liebe.<\/td><\/tr><\/tbody><\/table><\/figure>\n\n\n\n<p class=\"wp-block-paragraph\"><\/p>\n","protected":false},"excerpt":{"rendered":"<p>Ardo s\u00ec ma non t\u2019amoPerfida e dispietata,Indegnamente amataDa un si leale amante.Ne sar\u00e0 pi\u00f9 che del mio duol ti vantePerch\u2019ho gi\u00e0 sano il coreE s\u2019ardo, ardo di sdegn\u2019 e non d\u2019amore. Ich brenne, ja, aber ich liebe dich nicht,Heimt\u00fcckische und Unbarmherzige,Von einem solch treuen Liebenden Unw\u00fcrdig geliebte.Du wirst dich nicht &hellip;<\/p>\n","protected":false},"author":2,"featured_media":0,"parent":678,"menu_order":0,"comment_status":"closed","ping_status":"closed","template":"","meta":{"_crdt_document":"","_themeisle_gutenberg_block_has_review":false,"h5ap_radio_sources":[],"footnotes":""},"class_list":["post-773","page","type-page","status-publish","hentry"],"_links":{"self":[{"href":"https:\/\/www.cronopio.de\/seitenstetten\/wp-json\/wp\/v2\/pages\/773","targetHints":{"allow":["GET"]}}],"collection":[{"href":"https:\/\/www.cronopio.de\/seitenstetten\/wp-json\/wp\/v2\/pages"}],"about":[{"href":"https:\/\/www.cronopio.de\/seitenstetten\/wp-json\/wp\/v2\/types\/page"}],"author":[{"embeddable":true,"href":"https:\/\/www.cronopio.de\/seitenstetten\/wp-json\/wp\/v2\/users\/2"}],"replies":[{"embeddable":true,"href":"https:\/\/www.cronopio.de\/seitenstetten\/wp-json\/wp\/v2\/comments?post=773"}],"version-history":[{"count":1,"href":"https:\/\/www.cronopio.de\/seitenstetten\/wp-json\/wp\/v2\/pages\/773\/revisions"}],"predecessor-version":[{"id":774,"href":"https:\/\/www.cronopio.de\/seitenstetten\/wp-json\/wp\/v2\/pages\/773\/revisions\/774"}],"up":[{"embeddable":true,"href":"https:\/\/www.cronopio.de\/seitenstetten\/wp-json\/wp\/v2\/pages\/678"}],"wp:attachment":[{"href":"https:\/\/www.cronopio.de\/seitenstetten\/wp-json\/wp\/v2\/media?parent=773"}],"curies":[{"name":"wp","href":"https:\/\/api.w.org\/{rel}","templated":true}]}}