{"id":767,"date":"2025-07-13T00:13:33","date_gmt":"2025-07-12T22:13:33","guid":{"rendered":"https:\/\/www.cronopio.de\/seitenstetten\/?page_id=767"},"modified":"2025-07-13T00:13:34","modified_gmt":"2025-07-12T22:13:34","slug":"capricciata-a-3-voci-und-contrapunto-bestiale-alla-mente","status":"publish","type":"page","link":"https:\/\/www.cronopio.de\/seitenstetten\/2025-2\/weltliche-musik\/capricciata-a-3-voci-und-contrapunto-bestiale-alla-mente\/","title":{"rendered":"Capricciata \u00e0 3 voci und Contrapunto bestiale alla mente"},"content":{"rendered":"\n<figure class=\"wp-block-table\"><table><tbody><tr><td>Nobili spetatori, Nobili spetatori<br>Udrete hor hora quatro beli humori:<br>Un Cane, un Cucco, un Chi\u00f9 per spasso<br>Far contraponto a mente sopra un basso.<\/td><td>Werte Zuh\u00f6rer, ihr werdet jetzt vier sch\u00f6ne Humoristen<br>h\u00f6ren:<br>Ein Hund, eine Katze, ein Kuckuck und eine Eule<br>improvisieren zum Spa\u00df einen Kontrapunkt \u00fcber einen Ba\u00df.<\/td><\/tr><tr><td>Nulla fides gobbis<br>similiter est zoppis.<br>Si squerzus bonus est,<br>super annalia scribe.<br><\/td><td>Kein Vertrauen zu Buckligen,<br>ebenso wenig zu Hinkenden.<br>Wenn der Scherz gelungen ist,<br>schreibe im n\u00e4chsten Jahr wieder einen.<br>(oder: setze ihn im n\u00e4chsten Jahr fort).<br>(Perplexity\/UA)<\/td><\/tr><\/tbody><\/table><\/figure>\n\n\n\n<p class=\"wp-block-paragraph\"><\/p>\n","protected":false},"excerpt":{"rendered":"<p>Nobili spetatori, Nobili spetatoriUdrete hor hora quatro beli humori:Un Cane, un Cucco, un Chi\u00f9 per spassoFar contraponto a mente sopra un basso. Werte Zuh\u00f6rer, ihr werdet jetzt vier sch\u00f6ne Humoristenh\u00f6ren:Ein Hund, eine Katze, ein Kuckuck und eine Euleimprovisieren zum Spa\u00df einen Kontrapunkt \u00fcber einen Ba\u00df. Nulla fides gobbissimiliter est zoppis.Si &hellip;<\/p>\n","protected":false},"author":2,"featured_media":0,"parent":678,"menu_order":0,"comment_status":"closed","ping_status":"closed","template":"","meta":{"_crdt_document":"","_themeisle_gutenberg_block_has_review":false,"h5ap_radio_sources":[],"footnotes":""},"class_list":["post-767","page","type-page","status-publish","hentry"],"_links":{"self":[{"href":"https:\/\/www.cronopio.de\/seitenstetten\/wp-json\/wp\/v2\/pages\/767","targetHints":{"allow":["GET"]}}],"collection":[{"href":"https:\/\/www.cronopio.de\/seitenstetten\/wp-json\/wp\/v2\/pages"}],"about":[{"href":"https:\/\/www.cronopio.de\/seitenstetten\/wp-json\/wp\/v2\/types\/page"}],"author":[{"embeddable":true,"href":"https:\/\/www.cronopio.de\/seitenstetten\/wp-json\/wp\/v2\/users\/2"}],"replies":[{"embeddable":true,"href":"https:\/\/www.cronopio.de\/seitenstetten\/wp-json\/wp\/v2\/comments?post=767"}],"version-history":[{"count":1,"href":"https:\/\/www.cronopio.de\/seitenstetten\/wp-json\/wp\/v2\/pages\/767\/revisions"}],"predecessor-version":[{"id":768,"href":"https:\/\/www.cronopio.de\/seitenstetten\/wp-json\/wp\/v2\/pages\/767\/revisions\/768"}],"up":[{"embeddable":true,"href":"https:\/\/www.cronopio.de\/seitenstetten\/wp-json\/wp\/v2\/pages\/678"}],"wp:attachment":[{"href":"https:\/\/www.cronopio.de\/seitenstetten\/wp-json\/wp\/v2\/media?parent=767"}],"curies":[{"name":"wp","href":"https:\/\/api.w.org\/{rel}","templated":true}]}}