{"id":764,"date":"2025-07-13T00:11:46","date_gmt":"2025-07-12T22:11:46","guid":{"rendered":"https:\/\/www.cronopio.de\/seitenstetten\/?page_id=764"},"modified":"2025-07-13T00:11:46","modified_gmt":"2025-07-12T22:11:46","slug":"o-bene-mio","status":"publish","type":"page","link":"https:\/\/www.cronopio.de\/seitenstetten\/2025-2\/weltliche-musik\/o-bene-mio\/","title":{"rendered":"O bene mio"},"content":{"rendered":"\n<figure class=\"wp-block-table\"><table><tbody><tr><td>O bene mio, famm&#8217;uno favore:<br>che questa sera ti possa parlare<br>e s&#8217;alcuno ti ci trova<br>e tu grida : chi vend&#8217;ova.<\/td><td>Licht meines Lebens, ich bitte dich um eines:<br>leih mir heute Abend freundlicherweise dein Ohr,<br>und wenn jemand kommt und dich dort findet,<br>rufe einfach: &#8222;Hat jemand Eier zu verkaufen?<\/td><\/tr><tr><td>Viene senza paura e non bussare,<br>butta la porta che porrai entrare<br>e s&#8217;alcuno\u2026<\/td><td>Hab keine Angst, komm einfach, mach dir nicht die M\u00fche zu klopfen:<br>dr\u00fcck die T\u00fcr und sie wird dich hereinlassen,<br>und wenn jemand kommt und dich dort findet,<br>rufe einfach: &#8222;Hat jemand Eier zu verkaufen?<\/td><\/tr><tr><td>Alla finestra, fino alle due hore,<br>far\u00f2 la spia che porrai entrare<br>e s&#8217;alcuno\u2026<\/td><td>Am Fenster werde ich bis zwei Uhr warten,<br>am Fenster werde ich warten, um dich hereinzulassen,<br>und sollte jemand kommen und dich dort finden,<br>rufe einfach: &#8222;Hat jemand Eier zu verkaufen?<br>(DeepL nach der englischen \u00dcbersetzung von Mick Swithinbank [CPDL])<\/td><\/tr><\/tbody><\/table><\/figure>\n\n\n\n<p class=\"wp-block-paragraph\"><\/p>\n","protected":false},"excerpt":{"rendered":"<p>O bene mio, famm&#8217;uno favore:che questa sera ti possa parlaree s&#8217;alcuno ti ci trovae tu grida : chi vend&#8217;ova. Licht meines Lebens, ich bitte dich um eines:leih mir heute Abend freundlicherweise dein Ohr,und wenn jemand kommt und dich dort findet,rufe einfach: &#8222;Hat jemand Eier zu verkaufen? Viene senza paura e &hellip;<\/p>\n","protected":false},"author":2,"featured_media":0,"parent":678,"menu_order":0,"comment_status":"closed","ping_status":"closed","template":"","meta":{"_crdt_document":"","_themeisle_gutenberg_block_has_review":false,"h5ap_radio_sources":[],"footnotes":""},"class_list":["post-764","page","type-page","status-publish","hentry"],"_links":{"self":[{"href":"https:\/\/www.cronopio.de\/seitenstetten\/wp-json\/wp\/v2\/pages\/764","targetHints":{"allow":["GET"]}}],"collection":[{"href":"https:\/\/www.cronopio.de\/seitenstetten\/wp-json\/wp\/v2\/pages"}],"about":[{"href":"https:\/\/www.cronopio.de\/seitenstetten\/wp-json\/wp\/v2\/types\/page"}],"author":[{"embeddable":true,"href":"https:\/\/www.cronopio.de\/seitenstetten\/wp-json\/wp\/v2\/users\/2"}],"replies":[{"embeddable":true,"href":"https:\/\/www.cronopio.de\/seitenstetten\/wp-json\/wp\/v2\/comments?post=764"}],"version-history":[{"count":1,"href":"https:\/\/www.cronopio.de\/seitenstetten\/wp-json\/wp\/v2\/pages\/764\/revisions"}],"predecessor-version":[{"id":765,"href":"https:\/\/www.cronopio.de\/seitenstetten\/wp-json\/wp\/v2\/pages\/764\/revisions\/765"}],"up":[{"embeddable":true,"href":"https:\/\/www.cronopio.de\/seitenstetten\/wp-json\/wp\/v2\/pages\/678"}],"wp:attachment":[{"href":"https:\/\/www.cronopio.de\/seitenstetten\/wp-json\/wp\/v2\/media?parent=764"}],"curies":[{"name":"wp","href":"https:\/\/api.w.org\/{rel}","templated":true}]}}