{"id":758,"date":"2025-07-13T00:08:15","date_gmt":"2025-07-12T22:08:15","guid":{"rendered":"https:\/\/www.cronopio.de\/seitenstetten\/?page_id=758"},"modified":"2025-07-13T00:08:15","modified_gmt":"2025-07-12T22:08:15","slug":"vecchie-letrose","status":"publish","type":"page","link":"https:\/\/www.cronopio.de\/seitenstetten\/2025-2\/weltliche-musik\/vecchie-letrose\/","title":{"rendered":"Vecchie letrose"},"content":{"rendered":"\n<figure class=\"wp-block-table\"><table><tbody><tr><td>Vecchie letrose, non valete niente<br>Se non a far l&#8217;aguaito per la chiazza.<br>Tira, tira, tir&#8217;alla mazza,<br>Vecchie letrose, scannaros&#8217;e pazze!<\/td><td>Ihr alten Zankweiber seid zu nichts zu gebrauchen,<br>au\u00dfer dazu, auf der Piazza Streit anzufangen.<br>Greift zum Nudelholz,<br>ihr alten Zankweiber, streits\u00fcchtig und ver\u00fcckt!<br>(CPDL)<\/td><\/tr><\/tbody><\/table><\/figure>\n\n\n\n<p class=\"wp-block-paragraph\"><\/p>\n","protected":false},"excerpt":{"rendered":"<p>Vecchie letrose, non valete nienteSe non a far l&#8217;aguaito per la chiazza.Tira, tira, tir&#8217;alla mazza,Vecchie letrose, scannaros&#8217;e pazze! Ihr alten Zankweiber seid zu nichts zu gebrauchen,au\u00dfer dazu, auf der Piazza Streit anzufangen.Greift zum Nudelholz,ihr alten Zankweiber, streits\u00fcchtig und ver\u00fcckt!(CPDL)<\/p>\n","protected":false},"author":2,"featured_media":0,"parent":678,"menu_order":0,"comment_status":"closed","ping_status":"closed","template":"","meta":{"_crdt_document":"","_themeisle_gutenberg_block_has_review":false,"h5ap_radio_sources":[],"footnotes":""},"class_list":["post-758","page","type-page","status-publish","hentry"],"_links":{"self":[{"href":"https:\/\/www.cronopio.de\/seitenstetten\/wp-json\/wp\/v2\/pages\/758","targetHints":{"allow":["GET"]}}],"collection":[{"href":"https:\/\/www.cronopio.de\/seitenstetten\/wp-json\/wp\/v2\/pages"}],"about":[{"href":"https:\/\/www.cronopio.de\/seitenstetten\/wp-json\/wp\/v2\/types\/page"}],"author":[{"embeddable":true,"href":"https:\/\/www.cronopio.de\/seitenstetten\/wp-json\/wp\/v2\/users\/2"}],"replies":[{"embeddable":true,"href":"https:\/\/www.cronopio.de\/seitenstetten\/wp-json\/wp\/v2\/comments?post=758"}],"version-history":[{"count":1,"href":"https:\/\/www.cronopio.de\/seitenstetten\/wp-json\/wp\/v2\/pages\/758\/revisions"}],"predecessor-version":[{"id":759,"href":"https:\/\/www.cronopio.de\/seitenstetten\/wp-json\/wp\/v2\/pages\/758\/revisions\/759"}],"up":[{"embeddable":true,"href":"https:\/\/www.cronopio.de\/seitenstetten\/wp-json\/wp\/v2\/pages\/678"}],"wp:attachment":[{"href":"https:\/\/www.cronopio.de\/seitenstetten\/wp-json\/wp\/v2\/media?parent=758"}],"curies":[{"name":"wp","href":"https:\/\/api.w.org\/{rel}","templated":true}]}}