{"id":733,"date":"2025-07-12T23:28:59","date_gmt":"2025-07-12T21:28:59","guid":{"rendered":"https:\/\/www.cronopio.de\/seitenstetten\/?page_id=733"},"modified":"2025-07-12T23:29:00","modified_gmt":"2025-07-12T21:29:00","slug":"o-rex-gloriae","status":"publish","type":"page","link":"https:\/\/www.cronopio.de\/seitenstetten\/2025-2\/geistliche-musik\/o-rex-gloriae\/","title":{"rendered":"O rex gloriae"},"content":{"rendered":"\n<figure class=\"wp-block-table\"><table><tbody><tr><td>O rex gloriae qui beatum Marcum Evangelistam tuum<br>Evangelicae praedicationis gratia decorasti.<br>Alleluia.<br>Fac nos quibus apparuit in terris.<br>Gaudentes in coelis videre mereamur.<br>Alleluia.<\/td><td>O K\u00f6nig der Ehren, der du deinen seligen Evangelisten Marcus<br>mit der Gnade der Verk\u00fcndigung des Evangeliums geschm\u00fcckt hast,<br>Alleluia,<br>lass uns, denen er auf Erden erschienen ist,<br>w\u00fcrdig werden, ihn freudig im Himmel zu sehen.<br>Alleluia.<br>(Perplexity)<\/td><\/tr><\/tbody><\/table><\/figure>\n","protected":false},"excerpt":{"rendered":"<p>O rex gloriae qui beatum Marcum Evangelistam tuumEvangelicae praedicationis gratia decorasti.Alleluia.Fac nos quibus apparuit in terris.Gaudentes in coelis videre mereamur.Alleluia. O K\u00f6nig der Ehren, der du deinen seligen Evangelisten Marcusmit der Gnade der Verk\u00fcndigung des Evangeliums geschm\u00fcckt hast,Alleluia,lass uns, denen er auf Erden erschienen ist,w\u00fcrdig werden, ihn freudig im Himmel &hellip;<\/p>\n","protected":false},"author":2,"featured_media":0,"parent":669,"menu_order":0,"comment_status":"closed","ping_status":"closed","template":"","meta":{"_crdt_document":"","_themeisle_gutenberg_block_has_review":false,"h5ap_radio_sources":[],"footnotes":""},"class_list":["post-733","page","type-page","status-publish","hentry"],"_links":{"self":[{"href":"https:\/\/www.cronopio.de\/seitenstetten\/wp-json\/wp\/v2\/pages\/733","targetHints":{"allow":["GET"]}}],"collection":[{"href":"https:\/\/www.cronopio.de\/seitenstetten\/wp-json\/wp\/v2\/pages"}],"about":[{"href":"https:\/\/www.cronopio.de\/seitenstetten\/wp-json\/wp\/v2\/types\/page"}],"author":[{"embeddable":true,"href":"https:\/\/www.cronopio.de\/seitenstetten\/wp-json\/wp\/v2\/users\/2"}],"replies":[{"embeddable":true,"href":"https:\/\/www.cronopio.de\/seitenstetten\/wp-json\/wp\/v2\/comments?post=733"}],"version-history":[{"count":1,"href":"https:\/\/www.cronopio.de\/seitenstetten\/wp-json\/wp\/v2\/pages\/733\/revisions"}],"predecessor-version":[{"id":734,"href":"https:\/\/www.cronopio.de\/seitenstetten\/wp-json\/wp\/v2\/pages\/733\/revisions\/734"}],"up":[{"embeddable":true,"href":"https:\/\/www.cronopio.de\/seitenstetten\/wp-json\/wp\/v2\/pages\/669"}],"wp:attachment":[{"href":"https:\/\/www.cronopio.de\/seitenstetten\/wp-json\/wp\/v2\/media?parent=733"}],"curies":[{"name":"wp","href":"https:\/\/api.w.org\/{rel}","templated":true}]}}