{"id":715,"date":"2025-07-12T23:18:11","date_gmt":"2025-07-12T21:18:11","guid":{"rendered":"https:\/\/www.cronopio.de\/seitenstetten\/?page_id=715"},"modified":"2025-07-12T23:18:11","modified_gmt":"2025-07-12T21:18:11","slug":"ave-regina-coelorum","status":"publish","type":"page","link":"https:\/\/www.cronopio.de\/seitenstetten\/2025-2\/geistliche-musik\/ave-regina-coelorum\/","title":{"rendered":"Ave, Regina coelorum"},"content":{"rendered":"\n<figure class=\"wp-block-table\"><table><tbody><tr><td>Ave, Regina coelorum,<br>ave, Domina Angelorum;<br>salve, radix sancta,<br>ex qua mundo lux est orta,<br>Gaude gloriosa, super omnes speciosa;<br>vale, valde decora,<br>et pro nobis semper Christum exora.<\/td><td>Gru\u00df dir, Himmelsk\u00f6nigin,<br>Gru\u00df dir, Herrin der Engel!<br>Sei gegr\u00fc\u00dft, Wurzel, sei gegr\u00fc\u00dft, Heilige,<br>daraus der Welt das Licht aufging.<br>Freue dich, Ehrw\u00fcrdige, \u00fcber alles geschm\u00fcckt.<br>Heil dir, o du hoch Gezierte,<br>bitte Christus f\u00fcr uns.<br>(nach gregorien.info)<\/td><\/tr><\/tbody><\/table><\/figure>\n","protected":false},"excerpt":{"rendered":"<p>Ave, Regina coelorum,ave, Domina Angelorum;salve, radix sancta,ex qua mundo lux est orta,Gaude gloriosa, super omnes speciosa;vale, valde decora,et pro nobis semper Christum exora. Gru\u00df dir, Himmelsk\u00f6nigin,Gru\u00df dir, Herrin der Engel!Sei gegr\u00fc\u00dft, Wurzel, sei gegr\u00fc\u00dft, Heilige,daraus der Welt das Licht aufging.Freue dich, Ehrw\u00fcrdige, \u00fcber alles geschm\u00fcckt.Heil dir, o du hoch Gezierte,bitte &hellip;<\/p>\n","protected":false},"author":2,"featured_media":0,"parent":669,"menu_order":0,"comment_status":"closed","ping_status":"closed","template":"","meta":{"_crdt_document":"","_themeisle_gutenberg_block_has_review":false,"h5ap_radio_sources":[],"footnotes":""},"class_list":["post-715","page","type-page","status-publish","hentry"],"_links":{"self":[{"href":"https:\/\/www.cronopio.de\/seitenstetten\/wp-json\/wp\/v2\/pages\/715","targetHints":{"allow":["GET"]}}],"collection":[{"href":"https:\/\/www.cronopio.de\/seitenstetten\/wp-json\/wp\/v2\/pages"}],"about":[{"href":"https:\/\/www.cronopio.de\/seitenstetten\/wp-json\/wp\/v2\/types\/page"}],"author":[{"embeddable":true,"href":"https:\/\/www.cronopio.de\/seitenstetten\/wp-json\/wp\/v2\/users\/2"}],"replies":[{"embeddable":true,"href":"https:\/\/www.cronopio.de\/seitenstetten\/wp-json\/wp\/v2\/comments?post=715"}],"version-history":[{"count":1,"href":"https:\/\/www.cronopio.de\/seitenstetten\/wp-json\/wp\/v2\/pages\/715\/revisions"}],"predecessor-version":[{"id":716,"href":"https:\/\/www.cronopio.de\/seitenstetten\/wp-json\/wp\/v2\/pages\/715\/revisions\/716"}],"up":[{"embeddable":true,"href":"https:\/\/www.cronopio.de\/seitenstetten\/wp-json\/wp\/v2\/pages\/669"}],"wp:attachment":[{"href":"https:\/\/www.cronopio.de\/seitenstetten\/wp-json\/wp\/v2\/media?parent=715"}],"curies":[{"name":"wp","href":"https:\/\/api.w.org\/{rel}","templated":true}]}}