{"id":706,"date":"2025-07-12T23:12:39","date_gmt":"2025-07-12T21:12:39","guid":{"rendered":"https:\/\/www.cronopio.de\/seitenstetten\/?page_id=706"},"modified":"2025-07-12T23:13:50","modified_gmt":"2025-07-12T21:13:50","slug":"misereris-omnium-domine","status":"publish","type":"page","link":"https:\/\/www.cronopio.de\/seitenstetten\/2025-2\/geistliche-musik\/misereris-omnium-domine\/","title":{"rendered":"Misereris omnium, Domine"},"content":{"rendered":"\n<figure class=\"wp-block-table\"><table><tbody><tr><td>Misereris omnium, Domine,<br>et nihil odisti eorum quae fecisti,<br>dissimulans peccata hominum<br>propter poenitentiam,<br>et parcens illis quia tu es Dominus,<br>Deus noster.<br><br>Miserere mei, Deus, <br>quoniam in te confidit anima mea.<br>Miserere mei, Dominus.<\/td><td>Du erbarmst dich aller, Herr,<br>und verabscheust nichts von allem, was du gemacht hast;<br>Du siehst \u00fcber die S\u00fcnden der Menschen hinweg<br>wegen ihrer Bu\u00dfe und schonst sie;<br>denn du bist der Herr, unser Gott.<br><br>Erbarme dich meiner, o Gott,<br>denn auf dich vertraut meine Seele.<br>Erbarme dich meiner, o Herr.<\/td><\/tr><tr><td>Kanon 2. &amp; 4. Stimme:<br>Ne reminiscaris, Domine, delicta mea<br>vel parentum meorum<br>neque vindictam sumas de peccatis meis.<\/td><td>Kanon 2. &amp; 4. Stimme:<br>Gedenke nicht, Herr, an meine S\u00fcnden<br>oder an die meiner Vorfahren,<br>und nimm nicht Rache an meinen S\u00fcnden.<br>(nach gregorien.info)<\/td><\/tr><\/tbody><\/table><\/figure>\n","protected":false},"excerpt":{"rendered":"<p>Misereris omnium, Domine,et nihil odisti eorum quae fecisti,dissimulans peccata hominumpropter poenitentiam,et parcens illis quia tu es Dominus,Deus noster. Miserere mei, Deus, quoniam in te confidit anima mea.Miserere mei, Dominus. Du erbarmst dich aller, Herr,und verabscheust nichts von allem, was du gemacht hast;Du siehst \u00fcber die S\u00fcnden der Menschen hinwegwegen ihrer &hellip;<\/p>\n","protected":false},"author":2,"featured_media":0,"parent":669,"menu_order":0,"comment_status":"closed","ping_status":"closed","template":"","meta":{"_crdt_document":"","_themeisle_gutenberg_block_has_review":false,"h5ap_radio_sources":[],"footnotes":""},"class_list":["post-706","page","type-page","status-publish","hentry"],"_links":{"self":[{"href":"https:\/\/www.cronopio.de\/seitenstetten\/wp-json\/wp\/v2\/pages\/706","targetHints":{"allow":["GET"]}}],"collection":[{"href":"https:\/\/www.cronopio.de\/seitenstetten\/wp-json\/wp\/v2\/pages"}],"about":[{"href":"https:\/\/www.cronopio.de\/seitenstetten\/wp-json\/wp\/v2\/types\/page"}],"author":[{"embeddable":true,"href":"https:\/\/www.cronopio.de\/seitenstetten\/wp-json\/wp\/v2\/users\/2"}],"replies":[{"embeddable":true,"href":"https:\/\/www.cronopio.de\/seitenstetten\/wp-json\/wp\/v2\/comments?post=706"}],"version-history":[{"count":1,"href":"https:\/\/www.cronopio.de\/seitenstetten\/wp-json\/wp\/v2\/pages\/706\/revisions"}],"predecessor-version":[{"id":708,"href":"https:\/\/www.cronopio.de\/seitenstetten\/wp-json\/wp\/v2\/pages\/706\/revisions\/708"}],"up":[{"embeddable":true,"href":"https:\/\/www.cronopio.de\/seitenstetten\/wp-json\/wp\/v2\/pages\/669"}],"wp:attachment":[{"href":"https:\/\/www.cronopio.de\/seitenstetten\/wp-json\/wp\/v2\/media?parent=706"}],"curies":[{"name":"wp","href":"https:\/\/api.w.org\/{rel}","templated":true}]}}