{"id":700,"date":"2025-07-12T23:08:31","date_gmt":"2025-07-12T21:08:31","guid":{"rendered":"https:\/\/www.cronopio.de\/seitenstetten\/?page_id=700"},"modified":"2025-07-12T23:08:32","modified_gmt":"2025-07-12T21:08:32","slug":"jubilate-deo-omnis-terra","status":"publish","type":"page","link":"https:\/\/www.cronopio.de\/seitenstetten\/2025-2\/geistliche-musik\/jubilate-deo-omnis-terra\/","title":{"rendered":"Jubilate Deo, omnis terra"},"content":{"rendered":"\n<figure class=\"wp-block-table\"><table><tbody><tr><td>Jubilate Deo, omnis terra;<br>servite Domino in laetitia.<br>Introite in conspectu eius in exultatione.<br>Scitote quoniam Dominus ipse est Deus;<br>ipse fecit nos et non ipsi nos<\/td><td>Jauchzet dem Herrn, alle Welt!<br>Dienet dem Herrn mit Freuden,<br>kommt vor sein Angesicht mit Frohlocken!<br>Erkennet, dass der Herr Gott ist;<br>Er hat uns gemacht und nicht wir selbst<\/td><\/tr><tr><td>populus eius et oves pascuae eius.<br>Introite portas eius in confessione,<br>atria eius in hymnis;<br>confitemini illi. Laudate nomen eius,<br>quoniam suavis est Dominus,<br>in aeternum misericordia eius<br>et usque in generationem veritas eius.<\/td><td>zu seinem Volk und zu Schafen seiner Weide.<br>Gehet zu seinen Toren ein mit Danken,<br>zu seinen Vorh\u00f6fen mit Loben;<br>danket ihm, lobet seinen Namen!<br>Denn der Herr ist freundlich,<br>und seine Gnade w\u00e4hret ewig<br>und seine Wahrheit f\u00fcr und f\u00fcr.<\/td><\/tr><\/tbody><\/table><\/figure>\n","protected":false},"excerpt":{"rendered":"<p>Jubilate Deo, omnis terra;servite Domino in laetitia.Introite in conspectu eius in exultatione.Scitote quoniam Dominus ipse est Deus;ipse fecit nos et non ipsi nos Jauchzet dem Herrn, alle Welt!Dienet dem Herrn mit Freuden,kommt vor sein Angesicht mit Frohlocken!Erkennet, dass der Herr Gott ist;Er hat uns gemacht und nicht wir selbst populus &hellip;<\/p>\n","protected":false},"author":2,"featured_media":0,"parent":669,"menu_order":0,"comment_status":"closed","ping_status":"closed","template":"","meta":{"_crdt_document":"","_themeisle_gutenberg_block_has_review":false,"h5ap_radio_sources":[],"footnotes":""},"class_list":["post-700","page","type-page","status-publish","hentry"],"_links":{"self":[{"href":"https:\/\/www.cronopio.de\/seitenstetten\/wp-json\/wp\/v2\/pages\/700","targetHints":{"allow":["GET"]}}],"collection":[{"href":"https:\/\/www.cronopio.de\/seitenstetten\/wp-json\/wp\/v2\/pages"}],"about":[{"href":"https:\/\/www.cronopio.de\/seitenstetten\/wp-json\/wp\/v2\/types\/page"}],"author":[{"embeddable":true,"href":"https:\/\/www.cronopio.de\/seitenstetten\/wp-json\/wp\/v2\/users\/2"}],"replies":[{"embeddable":true,"href":"https:\/\/www.cronopio.de\/seitenstetten\/wp-json\/wp\/v2\/comments?post=700"}],"version-history":[{"count":1,"href":"https:\/\/www.cronopio.de\/seitenstetten\/wp-json\/wp\/v2\/pages\/700\/revisions"}],"predecessor-version":[{"id":702,"href":"https:\/\/www.cronopio.de\/seitenstetten\/wp-json\/wp\/v2\/pages\/700\/revisions\/702"}],"up":[{"embeddable":true,"href":"https:\/\/www.cronopio.de\/seitenstetten\/wp-json\/wp\/v2\/pages\/669"}],"wp:attachment":[{"href":"https:\/\/www.cronopio.de\/seitenstetten\/wp-json\/wp\/v2\/media?parent=700"}],"curies":[{"name":"wp","href":"https:\/\/api.w.org\/{rel}","templated":true}]}}