{"id":569,"date":"2024-08-06T00:34:18","date_gmt":"2024-08-05T22:34:18","guid":{"rendered":"http:\/\/www.cronopio.de\/seitenstetten\/?page_id=569"},"modified":"2025-07-13T00:33:27","modified_gmt":"2025-07-12T22:33:27","slug":"2025-2","status":"publish","type":"page","link":"https:\/\/www.cronopio.de\/seitenstetten\/2025-2\/","title":{"rendered":"2025"},"content":{"rendered":"\n<h3 class=\"wp-block-heading has-text-align-center\">Musik in Venedig<\/h3>\n\n\n\n<h5 class=\"wp-block-heading has-text-align-center\">10. Woche Alter Musik im Stift Seitenstetten<\/h5>\n\n\n\n<p class=\"has-text-align-center wp-block-paragraph\"><strong>16.-24.8.2025<\/strong><\/p>\n\n\n\n<p class=\"wp-block-paragraph\">In diesem Jahr m\u00f6chte ich mit euch in Venedig vorbeischauen und, da wir leider nur eine Woche Zeit haben, ein paar winzige Einblicke in die Musik erhaschen, die dort ungef\u00e4hr zwischen 1550 und 1600 erklungen ist oder zumindest sein k\u00f6nnte, weil ihre Komponisten (oder ihre Komponistin) sich gelegentlich in der Stadt aufhielten. Wir werden nat\u00fcrlich den \u201eganz Gro\u00dfen\u201c begegnen, den Herren Andrea und Giovanni Gabrieli und Adrian Willaert, aber daneben auch (fast genauso gro\u00dfen) Musikern wie Annibale Padovano, der an der Entwicklung der Mehrch\u00f6rigkeit seinen Anteil hatte; Antonio Molino, dem wir nicht nur etliche Madrigale verdanken, sondern auch \u201eGreghesco\u201c, einen k\u00fcnstlichen Dialekt nach Art der Sprache der griechischen und dalmatischen Hafenarbeiter, der wiederum den obengenannten und weiteren Gro\u00dfen und fast genauso Gro\u00dfen Gelegenheit bot, Madrigale mit ihm zu vertonen. Dann wird uns die Lautenistin und Madrigalkomponistin Maddalena Casulana \u00fcber den Weg laufen; Baldassare Donato wird vorbeikommen; nat\u00fcrlich schaut auch Claudio Monteverdi mal herein. Und andere mehr. Madrigale, Motetten, T\u00e4nze, Ricercares, eine Messe (und wenn die nicht reicht, vielleicht noch eine) \u2013 ich glaube, wir werden uns in der Woche nicht langweilen. Tip aus Erfahrung \u2013 bringt m\u00f6glichst nicht den klapperigsten Notenst\u00e4nder mit\u2026<\/p>\n\n\n<style type=\"text\/css\">\n#foogallery-gallery-666.fg-simple_portfolio { justify-content: center; --fg-gutter: 5px; }\n#foogallery-gallery-666.fg-simple_portfolio .fg-item { flex-basis: 250px; }<\/style>\n\t\t\t<div class=\"foogallery foogallery-container foogallery-simple_portfolio foogallery-lightbox-none fg-simple_portfolio fg-ready fg-light fg-border-medium fg-shadow-small fg-loading-default fg-loaded-fade-in fg-caption-always fg-hover-fade fg-hover-external fg-c-c fg-caption-always\" id=\"foogallery-gallery-666\" data-foogallery=\"{&quot;item&quot;:{&quot;showCaptionTitle&quot;:true,&quot;showCaptionDescription&quot;:false},&quot;lazy&quot;:true}\" style=\"--fg-title-line-clamp: 0; --fg-description-line-clamp: 0;\" >\n\t<div class=\"fg-item fg-type-iframe fg-idle\"><figure class=\"fg-item-inner\"><a href=\"http:\/\/www.cronopio.de\/seitenstetten\/2025-2\/geistliche-musik\/\" data-caption-title=\"Geistliche Musik\" data-attachment-id=\"667\" class=\"foogallery-thumb fg-thumb\" data-type=\"iframe\"><span class=\"fg-image-wrap\"><img fetchpriority=\"high\" decoding=\"async\" class=\"bf-img skip-lazy fg-image\" height=\"250\" width=\"250\" data-src-fg=\"https:\/\/www.cronopio.de\/seitenstetten\/wp-content\/uploads\/sites\/15\/cache\/2025\/07\/2025_geistlich-e1752349832911\/2809811396.jpg\" src=\"data:image\/svg+xml,%3Csvg%20xmlns%3D%22http%3A%2F%2Fwww.w3.org%2F2000%2Fsvg%22%20width%3D%22250%22%20height%3D%22250%22%20viewBox%3D%220%200%20250%20250%22%3E%3C%2Fsvg%3E\" loading=\"eager\"><\/span><span class=\"fg-image-overlay\"><\/span><\/a><figcaption class=\"fg-caption\"><div class=\"fg-caption-inner\"><div class=\"fg-caption-title\">Geistliche Musik<\/div><\/div><\/figcaption><\/figure><div class=\"fg-loader\"><\/div><\/div><div class=\"fg-item fg-type-iframe fg-idle\"><figure class=\"fg-item-inner\"><a href=\"https:\/\/www.cronopio.de\/seitenstetten\/2025-2\/instrumentalmusik\/\" data-caption-title=\"Instrumentalmusik\" data-attachment-id=\"676\" class=\"foogallery-thumb fg-thumb\" data-type=\"iframe\"><span class=\"fg-image-wrap\"><img decoding=\"async\" class=\"bf-img skip-lazy fg-image\" height=\"250\" width=\"250\" data-src-fg=\"https:\/\/www.cronopio.de\/seitenstetten\/wp-content\/uploads\/sites\/15\/cache\/2025\/07\/2025_instrumental-e1752351373414\/2872873747.jpg\" src=\"data:image\/svg+xml,%3Csvg%20xmlns%3D%22http%3A%2F%2Fwww.w3.org%2F2000%2Fsvg%22%20width%3D%22250%22%20height%3D%22250%22%20viewBox%3D%220%200%20250%20250%22%3E%3C%2Fsvg%3E\" loading=\"eager\"><\/span><span class=\"fg-image-overlay\"><\/span><\/a><figcaption class=\"fg-caption\"><div class=\"fg-caption-inner\"><div class=\"fg-caption-title\">Instrumentalmusik<\/div><\/div><\/figcaption><\/figure><div class=\"fg-loader\"><\/div><\/div><div class=\"fg-item fg-type-iframe fg-idle\"><figure class=\"fg-item-inner\"><a href=\"https:\/\/www.cronopio.de\/seitenstetten\/2025-2\/weltliche-musik\/\" data-caption-title=\"Weltliche Musik\" data-attachment-id=\"677\" class=\"foogallery-thumb fg-thumb\" data-type=\"iframe\"><span class=\"fg-image-wrap\"><img decoding=\"async\" class=\"bf-img skip-lazy fg-image\" height=\"250\" width=\"250\" data-src-fg=\"https:\/\/www.cronopio.de\/seitenstetten\/wp-content\/uploads\/sites\/15\/cache\/2025\/07\/2025_weltlich\/493375055.jpg\" src=\"data:image\/svg+xml,%3Csvg%20xmlns%3D%22http%3A%2F%2Fwww.w3.org%2F2000%2Fsvg%22%20width%3D%22250%22%20height%3D%22250%22%20viewBox%3D%220%200%20250%20250%22%3E%3C%2Fsvg%3E\" loading=\"eager\"><\/span><span class=\"fg-image-overlay\"><\/span><\/a><figcaption class=\"fg-caption\"><div class=\"fg-caption-inner\"><div class=\"fg-caption-title\">Weltliche Musik<\/div><\/div><\/figcaption><\/figure><div class=\"fg-loader\"><\/div><\/div><div class=\"fg-item fg-type-iframe fg-idle\"><figure class=\"fg-item-inner\"><a href=\"https:\/\/www.cronopio.de\/seitenstetten\/2025-2\/messe\/\" data-caption-title=\"Messe\" data-attachment-id=\"680\" class=\"foogallery-thumb fg-thumb\" data-type=\"iframe\"><span class=\"fg-image-wrap\"><img decoding=\"async\" class=\"bf-img skip-lazy fg-image\" height=\"250\" width=\"250\" data-src-fg=\"https:\/\/www.cronopio.de\/seitenstetten\/wp-content\/uploads\/sites\/15\/cache\/2025\/07\/2025_messe-e1752352316246\/605975934.jpg\" src=\"data:image\/svg+xml,%3Csvg%20xmlns%3D%22http%3A%2F%2Fwww.w3.org%2F2000%2Fsvg%22%20width%3D%22250%22%20height%3D%22250%22%20viewBox%3D%220%200%20250%20250%22%3E%3C%2Fsvg%3E\" loading=\"eager\"><\/span><span class=\"fg-image-overlay\"><\/span><\/a><figcaption class=\"fg-caption\"><div class=\"fg-caption-inner\"><div class=\"fg-caption-title\">Messe<\/div><\/div><\/figcaption><\/figure><div class=\"fg-loader\"><\/div><\/div><div class=\"fg-item fg-type-iframe fg-idle\"><figure class=\"fg-item-inner\"><a href=\"https:\/\/www.cronopio.de\/seitenstetten\/2025-2\/komponisten\/\" data-caption-title=\"Komponisten\" data-attachment-id=\"685\" class=\"foogallery-thumb fg-thumb\" data-type=\"iframe\"><span class=\"fg-image-wrap\"><img decoding=\"async\" class=\"bf-img skip-lazy fg-image\" height=\"250\" width=\"250\" data-src-fg=\"https:\/\/www.cronopio.de\/seitenstetten\/wp-content\/uploads\/sites\/15\/cache\/2025\/07\/Monteverdi-e1752352604495\/1588145600.jpg\" src=\"data:image\/svg+xml,%3Csvg%20xmlns%3D%22http%3A%2F%2Fwww.w3.org%2F2000%2Fsvg%22%20width%3D%22250%22%20height%3D%22250%22%20viewBox%3D%220%200%20250%20250%22%3E%3C%2Fsvg%3E\" loading=\"eager\"><\/span><span class=\"fg-image-overlay\"><\/span><\/a><figcaption class=\"fg-caption\"><div class=\"fg-caption-inner\"><div class=\"fg-caption-title\">Komponisten<\/div><\/div><\/figcaption><\/figure><div class=\"fg-loader\"><\/div><\/div><\/div>\n","protected":false},"excerpt":{"rendered":"<p>Musik in Venedig 10. Woche Alter Musik im Stift Seitenstetten 16.-24.8.2025 In diesem Jahr m\u00f6chte ich mit euch in Venedig vorbeischauen und, da wir leider nur eine Woche Zeit haben, ein paar winzige Einblicke in die Musik erhaschen, die dort ungef\u00e4hr zwischen 1550 und 1600 erklungen ist oder zumindest sein &hellip;<\/p>\n","protected":false},"author":2,"featured_media":0,"parent":0,"menu_order":0,"comment_status":"closed","ping_status":"closed","template":"","meta":{"_crdt_document":"","_themeisle_gutenberg_block_has_review":false,"h5ap_radio_sources":[],"footnotes":""},"class_list":["post-569","page","type-page","status-publish","hentry"],"_links":{"self":[{"href":"https:\/\/www.cronopio.de\/seitenstetten\/wp-json\/wp\/v2\/pages\/569","targetHints":{"allow":["GET"]}}],"collection":[{"href":"https:\/\/www.cronopio.de\/seitenstetten\/wp-json\/wp\/v2\/pages"}],"about":[{"href":"https:\/\/www.cronopio.de\/seitenstetten\/wp-json\/wp\/v2\/types\/page"}],"author":[{"embeddable":true,"href":"https:\/\/www.cronopio.de\/seitenstetten\/wp-json\/wp\/v2\/users\/2"}],"replies":[{"embeddable":true,"href":"https:\/\/www.cronopio.de\/seitenstetten\/wp-json\/wp\/v2\/comments?post=569"}],"version-history":[{"count":6,"href":"https:\/\/www.cronopio.de\/seitenstetten\/wp-json\/wp\/v2\/pages\/569\/revisions"}],"predecessor-version":[{"id":793,"href":"https:\/\/www.cronopio.de\/seitenstetten\/wp-json\/wp\/v2\/pages\/569\/revisions\/793"}],"wp:attachment":[{"href":"https:\/\/www.cronopio.de\/seitenstetten\/wp-json\/wp\/v2\/media?parent=569"}],"curies":[{"name":"wp","href":"https:\/\/api.w.org\/{rel}","templated":true}]}}