{"id":566,"date":"2024-08-06T00:31:25","date_gmt":"2024-08-05T22:31:25","guid":{"rendered":"http:\/\/www.cronopio.de\/seitenstetten\/?page_id=566"},"modified":"2024-08-06T00:31:25","modified_gmt":"2024-08-05T22:31:25","slug":"exultet-omnium-turba-fidelium","status":"publish","type":"page","link":"http:\/\/www.cronopio.de\/seitenstetten\/2024-2\/11-7-fest-des-heiligen-benedikt\/exultet-omnium-turba-fidelium\/","title":{"rendered":"Exultet omnium turba fidelium"},"content":{"rendered":"\n<figure class=\"wp-block-table\"><table><tbody><tr><td>Exultet omnium turba fidelium<br>pro gloria almi Patris Benedicti<br>Laetentur praecipue catervae Monachorum<br>celebrantes eius festa in terris<br>de cuius societate congaudent in coelis.<\/td><td>Die Menge aller Gl\u00e4ubigen soll jubeln<br>zum Ruhm des g\u00fctigen Vaters Benedikt.<br>Besonders sollen die Scharen der M\u00f6nche fr\u00f6hlich sein und, w\u00e4hrend sie sein Fest auf Erden feiern, sich gemeinsam mit ihren Mitbr\u00fcdern im Himmel freuen.<\/td><\/tr><\/tbody><\/table><\/figure>\n","protected":false},"excerpt":{"rendered":"<p>Exultet omnium turba fideliumpro gloria almi Patris BenedictiLaetentur praecipue catervae Monachorumcelebrantes eius festa in terrisde cuius societate congaudent in coelis. Die Menge aller Gl\u00e4ubigen soll jubelnzum Ruhm des g\u00fctigen Vaters Benedikt.Besonders sollen die Scharen der M\u00f6nche fr\u00f6hlich sein und, w\u00e4hrend sie sein Fest auf Erden feiern, sich gemeinsam mit ihren &hellip;<\/p>\n","protected":false},"author":2,"featured_media":0,"parent":439,"menu_order":0,"comment_status":"closed","ping_status":"closed","template":"","meta":{"_crdt_document":"","_themeisle_gutenberg_block_has_review":false,"h5ap_radio_sources":[],"footnotes":""},"class_list":["post-566","page","type-page","status-publish","hentry"],"_links":{"self":[{"href":"http:\/\/www.cronopio.de\/seitenstetten\/wp-json\/wp\/v2\/pages\/566","targetHints":{"allow":["GET"]}}],"collection":[{"href":"http:\/\/www.cronopio.de\/seitenstetten\/wp-json\/wp\/v2\/pages"}],"about":[{"href":"http:\/\/www.cronopio.de\/seitenstetten\/wp-json\/wp\/v2\/types\/page"}],"author":[{"embeddable":true,"href":"http:\/\/www.cronopio.de\/seitenstetten\/wp-json\/wp\/v2\/users\/2"}],"replies":[{"embeddable":true,"href":"http:\/\/www.cronopio.de\/seitenstetten\/wp-json\/wp\/v2\/comments?post=566"}],"version-history":[{"count":1,"href":"http:\/\/www.cronopio.de\/seitenstetten\/wp-json\/wp\/v2\/pages\/566\/revisions"}],"predecessor-version":[{"id":567,"href":"http:\/\/www.cronopio.de\/seitenstetten\/wp-json\/wp\/v2\/pages\/566\/revisions\/567"}],"up":[{"embeddable":true,"href":"http:\/\/www.cronopio.de\/seitenstetten\/wp-json\/wp\/v2\/pages\/439"}],"wp:attachment":[{"href":"http:\/\/www.cronopio.de\/seitenstetten\/wp-json\/wp\/v2\/media?parent=566"}],"curies":[{"name":"wp","href":"https:\/\/api.w.org\/{rel}","templated":true}]}}