{"id":563,"date":"2024-08-06T00:29:42","date_gmt":"2024-08-05T22:29:42","guid":{"rendered":"http:\/\/www.cronopio.de\/seitenstetten\/?page_id=563"},"modified":"2024-08-06T00:29:42","modified_gmt":"2024-08-05T22:29:42","slug":"exaltata-est-sancta-dei-genitrix","status":"publish","type":"page","link":"http:\/\/www.cronopio.de\/seitenstetten\/2024-2\/15-8-mariae-himmelfahrt\/exaltata-est-sancta-dei-genitrix\/","title":{"rendered":"Exaltata est Sancta Dei Genitrix"},"content":{"rendered":"\n<figure class=\"wp-block-table\"><table><tbody><tr><td>Exaltata est sancta Dei Genitrix<br>super choros Angelorum ad c\u00e6lestia regna.<\/td><td>Die Heilige Mutter Gottes wurde erhoben<br>\u00fcber die Ch\u00f6re der Engel in das himmlische K\u00f6nigreich.<\/td><\/tr><tr><td>Virgo prudentissima quo progrederis<br>quasi aurora valde rutilans?<\/td><td>Oh weiseste Jungfrau, wohin geht ihr<br>die ihr so hell leuchtet wie die Morgenr\u00f6te?<\/td><\/tr><tr><td>Filia Sion tota formosa et suavis es:<br>pulchra ut luna, electa ut sol.<\/td><td>Tochter Zions, du bist die sch\u00f6nste und s\u00fc\u00dfeste,<br>sch\u00f6n wie der Mond, auserw\u00e4hlt wie die Sonne.<\/td><\/tr><\/tbody><\/table><\/figure>\n","protected":false},"excerpt":{"rendered":"<p>Exaltata est sancta Dei Genitrixsuper choros Angelorum ad c\u00e6lestia regna. Die Heilige Mutter Gottes wurde erhoben\u00fcber die Ch\u00f6re der Engel in das himmlische K\u00f6nigreich. Virgo prudentissima quo progrederisquasi aurora valde rutilans? Oh weiseste Jungfrau, wohin geht ihrdie ihr so hell leuchtet wie die Morgenr\u00f6te? Filia Sion tota formosa et suavis &hellip;<\/p>\n","protected":false},"author":2,"featured_media":0,"parent":441,"menu_order":0,"comment_status":"closed","ping_status":"closed","template":"","meta":{"_crdt_document":"","_themeisle_gutenberg_block_has_review":false,"h5ap_radio_sources":[],"footnotes":""},"class_list":["post-563","page","type-page","status-publish","hentry"],"_links":{"self":[{"href":"http:\/\/www.cronopio.de\/seitenstetten\/wp-json\/wp\/v2\/pages\/563","targetHints":{"allow":["GET"]}}],"collection":[{"href":"http:\/\/www.cronopio.de\/seitenstetten\/wp-json\/wp\/v2\/pages"}],"about":[{"href":"http:\/\/www.cronopio.de\/seitenstetten\/wp-json\/wp\/v2\/types\/page"}],"author":[{"embeddable":true,"href":"http:\/\/www.cronopio.de\/seitenstetten\/wp-json\/wp\/v2\/users\/2"}],"replies":[{"embeddable":true,"href":"http:\/\/www.cronopio.de\/seitenstetten\/wp-json\/wp\/v2\/comments?post=563"}],"version-history":[{"count":1,"href":"http:\/\/www.cronopio.de\/seitenstetten\/wp-json\/wp\/v2\/pages\/563\/revisions"}],"predecessor-version":[{"id":564,"href":"http:\/\/www.cronopio.de\/seitenstetten\/wp-json\/wp\/v2\/pages\/563\/revisions\/564"}],"up":[{"embeddable":true,"href":"http:\/\/www.cronopio.de\/seitenstetten\/wp-json\/wp\/v2\/pages\/441"}],"wp:attachment":[{"href":"http:\/\/www.cronopio.de\/seitenstetten\/wp-json\/wp\/v2\/media?parent=563"}],"curies":[{"name":"wp","href":"https:\/\/api.w.org\/{rel}","templated":true}]}}