{"id":560,"date":"2024-08-06T00:27:29","date_gmt":"2024-08-05T22:27:29","guid":{"rendered":"http:\/\/www.cronopio.de\/seitenstetten\/?page_id=560"},"modified":"2024-08-06T00:27:29","modified_gmt":"2024-08-05T22:27:29","slug":"deus-qui-bonum-vinum-creasti","status":"publish","type":"page","link":"http:\/\/www.cronopio.de\/seitenstetten\/2024-2\/herbst\/deus-qui-bonum-vinum-creasti\/","title":{"rendered":"Deus, qui bonum vinum creasti"},"content":{"rendered":"\n<figure class=\"wp-block-table\"><table><tbody><tr><td>Deus qui bonum vinum creasti,<br>et ex eodem multa capita dolere fecisti,<br>da nobis quaesumus intellectum<br>ut saltem possimus invenire lectum.<\/td><td>Gott, der du guten Wein erschaffen hast,<br>und mit ihm viele H\u00e4upter schmerzen lie\u00dfest,<br>gib uns, so bitten wir, den Verstand,<br>da\u00df wir wenigstens das Bett finden k\u00f6nnen.<\/td><\/tr><\/tbody><\/table><\/figure>\n","protected":false},"excerpt":{"rendered":"<p>Deus qui bonum vinum creasti,et ex eodem multa capita dolere fecisti,da nobis quaesumus intellectumut saltem possimus invenire lectum. Gott, der du guten Wein erschaffen hast,und mit ihm viele H\u00e4upter schmerzen lie\u00dfest,gib uns, so bitten wir, den Verstand,da\u00df wir wenigstens das Bett finden k\u00f6nnen.<\/p>\n","protected":false},"author":2,"featured_media":0,"parent":445,"menu_order":0,"comment_status":"closed","ping_status":"closed","template":"","meta":{"_crdt_document":"","_themeisle_gutenberg_block_has_review":false,"h5ap_radio_sources":[],"footnotes":""},"class_list":["post-560","page","type-page","status-publish","hentry"],"_links":{"self":[{"href":"http:\/\/www.cronopio.de\/seitenstetten\/wp-json\/wp\/v2\/pages\/560","targetHints":{"allow":["GET"]}}],"collection":[{"href":"http:\/\/www.cronopio.de\/seitenstetten\/wp-json\/wp\/v2\/pages"}],"about":[{"href":"http:\/\/www.cronopio.de\/seitenstetten\/wp-json\/wp\/v2\/types\/page"}],"author":[{"embeddable":true,"href":"http:\/\/www.cronopio.de\/seitenstetten\/wp-json\/wp\/v2\/users\/2"}],"replies":[{"embeddable":true,"href":"http:\/\/www.cronopio.de\/seitenstetten\/wp-json\/wp\/v2\/comments?post=560"}],"version-history":[{"count":1,"href":"http:\/\/www.cronopio.de\/seitenstetten\/wp-json\/wp\/v2\/pages\/560\/revisions"}],"predecessor-version":[{"id":561,"href":"http:\/\/www.cronopio.de\/seitenstetten\/wp-json\/wp\/v2\/pages\/560\/revisions\/561"}],"up":[{"embeddable":true,"href":"http:\/\/www.cronopio.de\/seitenstetten\/wp-json\/wp\/v2\/pages\/445"}],"wp:attachment":[{"href":"http:\/\/www.cronopio.de\/seitenstetten\/wp-json\/wp\/v2\/media?parent=560"}],"curies":[{"name":"wp","href":"https:\/\/api.w.org\/{rel}","templated":true}]}}