{"id":540,"date":"2024-08-01T01:06:30","date_gmt":"2024-07-31T23:06:30","guid":{"rendered":"http:\/\/www.cronopio.de\/seitenstetten\/?page_id=540"},"modified":"2024-08-01T01:06:30","modified_gmt":"2024-07-31T23:06:30","slug":"dum-complerentur-dies-pentecostes","status":"publish","type":"page","link":"http:\/\/www.cronopio.de\/seitenstetten\/2024-2\/pfingsten\/dum-complerentur-dies-pentecostes\/","title":{"rendered":"Dum complerentur dies pentecostes"},"content":{"rendered":"\n<figure class=\"wp-block-table\"><table><tbody><tr><td>Dum complerentur dies Pentecostes, <br>erant omnes pariter dicentes: alleluia.<\/td><td>Als der Tag des Pfingstfestes gekommen war, <br>waren alle einm\u00fctig an demselben Orte und sagten: Alleluia.<\/td><\/tr><tr><td>et subito factus est sonus de caelo, alleluia,<br>tamquam spiritus vehemens<br>replevit totam domum.<\/td><td>Da entstand pl\u00f6tzlich vom Himmel herab ein Brausen, <br>gleich dem eines daherfahrenden gewaltigen Windes, <br>und erf\u00fcllte das ganze Haus, wo sie sa\u00dfen.<\/td><\/tr><tr><td>Dum ergo essent in unum discipuli congregati propter metum Judeorum,<br>sonus repente de caelo venit super eos.<br>Tanquam spiritus vehementis,<br>et replevit totam domum, alleluia.<\/td><td>Als die J\u00fcnger sich alle zusammen versammelten<br>aus Furcht vor den Juden,<br>da kam ein Ger\u00e4usch vom Himmel auf sie,<br>wie ein Rauschen eines m\u00e4chtigen Windes<br>und erf\u00fcllte das ganze Haus, wo sie sa\u00dfen. Alleluia.<\/td><\/tr><\/tbody><\/table><\/figure>\n","protected":false},"excerpt":{"rendered":"<p>Dum complerentur dies Pentecostes, erant omnes pariter dicentes: alleluia. Als der Tag des Pfingstfestes gekommen war, waren alle einm\u00fctig an demselben Orte und sagten: Alleluia. et subito factus est sonus de caelo, alleluia,tamquam spiritus vehemensreplevit totam domum. Da entstand pl\u00f6tzlich vom Himmel herab ein Brausen, gleich dem eines daherfahrenden gewaltigen &hellip;<\/p>\n","protected":false},"author":2,"featured_media":0,"parent":434,"menu_order":0,"comment_status":"closed","ping_status":"closed","template":"","meta":{"_crdt_document":"","_themeisle_gutenberg_block_has_review":false,"h5ap_radio_sources":[],"footnotes":""},"class_list":["post-540","page","type-page","status-publish","hentry"],"_links":{"self":[{"href":"http:\/\/www.cronopio.de\/seitenstetten\/wp-json\/wp\/v2\/pages\/540","targetHints":{"allow":["GET"]}}],"collection":[{"href":"http:\/\/www.cronopio.de\/seitenstetten\/wp-json\/wp\/v2\/pages"}],"about":[{"href":"http:\/\/www.cronopio.de\/seitenstetten\/wp-json\/wp\/v2\/types\/page"}],"author":[{"embeddable":true,"href":"http:\/\/www.cronopio.de\/seitenstetten\/wp-json\/wp\/v2\/users\/2"}],"replies":[{"embeddable":true,"href":"http:\/\/www.cronopio.de\/seitenstetten\/wp-json\/wp\/v2\/comments?post=540"}],"version-history":[{"count":1,"href":"http:\/\/www.cronopio.de\/seitenstetten\/wp-json\/wp\/v2\/pages\/540\/revisions"}],"predecessor-version":[{"id":541,"href":"http:\/\/www.cronopio.de\/seitenstetten\/wp-json\/wp\/v2\/pages\/540\/revisions\/541"}],"up":[{"embeddable":true,"href":"http:\/\/www.cronopio.de\/seitenstetten\/wp-json\/wp\/v2\/pages\/434"}],"wp:attachment":[{"href":"http:\/\/www.cronopio.de\/seitenstetten\/wp-json\/wp\/v2\/media?parent=540"}],"curies":[{"name":"wp","href":"https:\/\/api.w.org\/{rel}","templated":true}]}}