{"id":527,"date":"2024-08-01T00:56:18","date_gmt":"2024-07-31T22:56:18","guid":{"rendered":"http:\/\/www.cronopio.de\/seitenstetten\/?page_id=527"},"modified":"2024-08-01T00:56:19","modified_gmt":"2024-07-31T22:56:19","slug":"in-pride-of-may","status":"publish","type":"page","link":"http:\/\/www.cronopio.de\/seitenstetten\/2024-2\/fruehling\/in-pride-of-may\/","title":{"rendered":"In pride of may"},"content":{"rendered":"\n<figure class=\"wp-block-table\"><table><tbody><tr><td>In pride of May the fields are gay,<br>the birds do sing, do sweetly sing.<br>Fa la la la la la.<br>So nature would that all things<br>should with joy begin the Spring.<br>Fa la la la la la.<\/td><td>Im Stolz des Maien sind die Felder fr\u00f6hlich,<br>die V\u00f6gel singen, sie singen so lieblich.<br>Fa la la la la la.<br>So m\u00f6chte die Natur, dass alle Dinge<br>mit Freude den Fr\u00fchling beginnen.<br>Fa la la la la la.<\/td><\/tr><tr><td>Then Lady dear do you appear,<br>in beauty like the Spring.<br>Fa la la la la la.<br>I well dare say the birds that day<br>more cheerfully will sing,<br>Fa la la la la la.<\/td><td>Dann, meine Liebste, erscheinst du,<br>in Sch\u00f6nheit wie der Fr\u00fchling.<br>Fa la la la la la.<br>Ich wage wohl zu sagen, dass die V\u00f6gel<br>an diesem Tag fr\u00f6hlicher singen werden,<br>Fa la la la la la.<\/td><\/tr><\/tbody><\/table><\/figure>\n","protected":false},"excerpt":{"rendered":"<p>In pride of May the fields are gay,the birds do sing, do sweetly sing.Fa la la la la la.So nature would that all thingsshould with joy begin the Spring.Fa la la la la la. Im Stolz des Maien sind die Felder fr\u00f6hlich,die V\u00f6gel singen, sie singen so lieblich.Fa la la &hellip;<\/p>\n","protected":false},"author":2,"featured_media":0,"parent":428,"menu_order":0,"comment_status":"closed","ping_status":"closed","template":"","meta":{"_crdt_document":"","_themeisle_gutenberg_block_has_review":false,"h5ap_radio_sources":[],"footnotes":""},"class_list":["post-527","page","type-page","status-publish","hentry"],"_links":{"self":[{"href":"http:\/\/www.cronopio.de\/seitenstetten\/wp-json\/wp\/v2\/pages\/527","targetHints":{"allow":["GET"]}}],"collection":[{"href":"http:\/\/www.cronopio.de\/seitenstetten\/wp-json\/wp\/v2\/pages"}],"about":[{"href":"http:\/\/www.cronopio.de\/seitenstetten\/wp-json\/wp\/v2\/types\/page"}],"author":[{"embeddable":true,"href":"http:\/\/www.cronopio.de\/seitenstetten\/wp-json\/wp\/v2\/users\/2"}],"replies":[{"embeddable":true,"href":"http:\/\/www.cronopio.de\/seitenstetten\/wp-json\/wp\/v2\/comments?post=527"}],"version-history":[{"count":1,"href":"http:\/\/www.cronopio.de\/seitenstetten\/wp-json\/wp\/v2\/pages\/527\/revisions"}],"predecessor-version":[{"id":528,"href":"http:\/\/www.cronopio.de\/seitenstetten\/wp-json\/wp\/v2\/pages\/527\/revisions\/528"}],"up":[{"embeddable":true,"href":"http:\/\/www.cronopio.de\/seitenstetten\/wp-json\/wp\/v2\/pages\/428"}],"wp:attachment":[{"href":"http:\/\/www.cronopio.de\/seitenstetten\/wp-json\/wp\/v2\/media?parent=527"}],"curies":[{"name":"wp","href":"https:\/\/api.w.org\/{rel}","templated":true}]}}