{"id":524,"date":"2024-08-01T00:54:48","date_gmt":"2024-07-31T22:54:48","guid":{"rendered":"http:\/\/www.cronopio.de\/seitenstetten\/?page_id=524"},"modified":"2024-08-01T00:54:48","modified_gmt":"2024-07-31T22:54:48","slug":"hora-di-maggio","status":"publish","type":"page","link":"http:\/\/www.cronopio.de\/seitenstetten\/2024-2\/fruehling\/hora-di-maggio\/","title":{"rendered":"Hora di maggio"},"content":{"rendered":"\n<figure class=\"wp-block-table\"><table><tbody><tr><td>Hora e di Maggio<br>Che rinverdisce ogni herba,<br>Figliuol del re<br>Facti alla finestrella<br>Et mira et sguarda,<br>Et qual e la piu bella.<\/td><td>Maienzeit,<br>da alles gr\u00fcnt und bl\u00fcht!<br>Sohn des K\u00f6nigs<br>Stell dich an das kleine Fenster<br>und blicke und schaue:<br>Welche ist die Sch\u00f6nste?<\/td><\/tr><\/tbody><\/table><\/figure>\n","protected":false},"excerpt":{"rendered":"<p>Hora e di MaggioChe rinverdisce ogni herba,Figliuol del reFacti alla finestrellaEt mira et sguarda,Et qual e la piu bella. Maienzeit,da alles gr\u00fcnt und bl\u00fcht!Sohn des K\u00f6nigsStell dich an das kleine Fensterund blicke und schaue:Welche ist die Sch\u00f6nste?<\/p>\n","protected":false},"author":2,"featured_media":0,"parent":428,"menu_order":0,"comment_status":"closed","ping_status":"closed","template":"","meta":{"_crdt_document":"","_themeisle_gutenberg_block_has_review":false,"h5ap_radio_sources":[],"footnotes":""},"class_list":["post-524","page","type-page","status-publish","hentry"],"_links":{"self":[{"href":"http:\/\/www.cronopio.de\/seitenstetten\/wp-json\/wp\/v2\/pages\/524","targetHints":{"allow":["GET"]}}],"collection":[{"href":"http:\/\/www.cronopio.de\/seitenstetten\/wp-json\/wp\/v2\/pages"}],"about":[{"href":"http:\/\/www.cronopio.de\/seitenstetten\/wp-json\/wp\/v2\/types\/page"}],"author":[{"embeddable":true,"href":"http:\/\/www.cronopio.de\/seitenstetten\/wp-json\/wp\/v2\/users\/2"}],"replies":[{"embeddable":true,"href":"http:\/\/www.cronopio.de\/seitenstetten\/wp-json\/wp\/v2\/comments?post=524"}],"version-history":[{"count":1,"href":"http:\/\/www.cronopio.de\/seitenstetten\/wp-json\/wp\/v2\/pages\/524\/revisions"}],"predecessor-version":[{"id":525,"href":"http:\/\/www.cronopio.de\/seitenstetten\/wp-json\/wp\/v2\/pages\/524\/revisions\/525"}],"up":[{"embeddable":true,"href":"http:\/\/www.cronopio.de\/seitenstetten\/wp-json\/wp\/v2\/pages\/428"}],"wp:attachment":[{"href":"http:\/\/www.cronopio.de\/seitenstetten\/wp-json\/wp\/v2\/media?parent=524"}],"curies":[{"name":"wp","href":"https:\/\/api.w.org\/{rel}","templated":true}]}}