{"id":520,"date":"2024-08-01T00:53:41","date_gmt":"2024-07-31T22:53:41","guid":{"rendered":"http:\/\/www.cronopio.de\/seitenstetten\/?page_id=520"},"modified":"2024-08-01T00:53:41","modified_gmt":"2024-07-31T22:53:41","slug":"ce-mai","status":"publish","type":"page","link":"http:\/\/www.cronopio.de\/seitenstetten\/2024-2\/fruehling\/ce-mai\/","title":{"rendered":"Ce Mai"},"content":{"rendered":"\n<figure class=\"wp-block-table\"><table><tbody><tr><td>Ce may nous dit la verdure,<br>et en leur chant ces oyseaux,<br>Que de chagrin n&#8217;ayons cure,<br>O Dieu tant ces prez sont beaux!<br>Qu&#8217;aurions de plaisirs nouveaux,<br>Si ainsi que ie souhaite<br>Ie l&#8217;y tenoye seulette?<br>Du moins toute descouverte<br>De coqu et violette<br>Elle auroit la cotte verte*<br>Et si en ce voyant nue<br>Crioit ie suis mor sondue.<br>Aussi tost seroit couverte.<\/td><td>Im Mai sagen die Natur<br>und die V\u00f6gel mit ihrem Gesang zu uns,<br>dass wir uns keine Sorgen machen sollen.<br>Oh mein Gott, wie sch\u00f6n sind diese Wiesen!<br>Was f\u00fcr neue Freuden k\u00f6nnten wir haben,<br>wenn ich sie, wie ich es mir w\u00fcnsche,<br>hier allein umarmen k\u00f6nnte?<br>Letztlich, verraten nur<br>dem Kuckuck und den Veilchen,<br>w\u00fcrde ihr Kleid Grasflecken bekommen.<br>Und falls sie nackt gesehen w\u00fcrde<br>und rufen w\u00fcrde \u201eIch friere!\u201c,<br>w\u00fcrde sie ganz schnell zugedeckt werden.<\/td><\/tr><\/tbody><\/table><\/figure>\n","protected":false},"excerpt":{"rendered":"<p>Ce may nous dit la verdure,et en leur chant ces oyseaux,Que de chagrin n&#8217;ayons cure,O Dieu tant ces prez sont beaux!Qu&#8217;aurions de plaisirs nouveaux,Si ainsi que ie souhaiteIe l&#8217;y tenoye seulette?Du moins toute descouverteDe coqu et violetteElle auroit la cotte verte*Et si en ce voyant nueCrioit ie suis mor sondue.Aussi &hellip;<\/p>\n","protected":false},"author":2,"featured_media":0,"parent":428,"menu_order":0,"comment_status":"closed","ping_status":"closed","template":"","meta":{"_crdt_document":"","_themeisle_gutenberg_block_has_review":false,"h5ap_radio_sources":[],"footnotes":""},"class_list":["post-520","page","type-page","status-publish","hentry"],"_links":{"self":[{"href":"http:\/\/www.cronopio.de\/seitenstetten\/wp-json\/wp\/v2\/pages\/520","targetHints":{"allow":["GET"]}}],"collection":[{"href":"http:\/\/www.cronopio.de\/seitenstetten\/wp-json\/wp\/v2\/pages"}],"about":[{"href":"http:\/\/www.cronopio.de\/seitenstetten\/wp-json\/wp\/v2\/types\/page"}],"author":[{"embeddable":true,"href":"http:\/\/www.cronopio.de\/seitenstetten\/wp-json\/wp\/v2\/users\/2"}],"replies":[{"embeddable":true,"href":"http:\/\/www.cronopio.de\/seitenstetten\/wp-json\/wp\/v2\/comments?post=520"}],"version-history":[{"count":1,"href":"http:\/\/www.cronopio.de\/seitenstetten\/wp-json\/wp\/v2\/pages\/520\/revisions"}],"predecessor-version":[{"id":522,"href":"http:\/\/www.cronopio.de\/seitenstetten\/wp-json\/wp\/v2\/pages\/520\/revisions\/522"}],"up":[{"embeddable":true,"href":"http:\/\/www.cronopio.de\/seitenstetten\/wp-json\/wp\/v2\/pages\/428"}],"wp:attachment":[{"href":"http:\/\/www.cronopio.de\/seitenstetten\/wp-json\/wp\/v2\/media?parent=520"}],"curies":[{"name":"wp","href":"https:\/\/api.w.org\/{rel}","templated":true}]}}