{"id":518,"date":"2024-08-01T00:52:05","date_gmt":"2024-07-31T22:52:05","guid":{"rendered":"http:\/\/www.cronopio.de\/seitenstetten\/?page_id=518"},"modified":"2024-08-01T00:52:06","modified_gmt":"2024-07-31T22:52:06","slug":"por-mayo-era","status":"publish","type":"page","link":"http:\/\/www.cronopio.de\/seitenstetten\/2024-2\/fruehling\/por-mayo-era\/","title":{"rendered":"Por Mayo era"},"content":{"rendered":"\n<figure class=\"wp-block-table\"><table><tbody><tr><td>Por mayo era, por Mayo<br>cuando face las calores<br>cuando due\u00f1as y doncellas<br>todas andan con amores,<br>cuando los qu\u2019estan penados<br>van servir a sus amores,<\/td><td>Im Mai war es, im Mai<br>wenn es hei\u00df wird,<br>wenn Damen und M\u00e4dchen<br>wandeln mit Liebe,<br>wenn diejenigen, die bestraft werden,<br>ihrer Liebe dienen,<\/td><\/tr><tr><td>que non s\u00e9 cuando es de d\u00eda<br>nin s\u00e9 cuando es de noche<br>sino por una pajarilla<br>que me canta al albor.<\/td><td>Ich wei\u00df nicht, wann es Tag ist<br>und ich wei\u00df nicht, wann es Nacht ist<br>au\u00dfer durch einen kleinen Vogel,<br>der f\u00fcr mich im Morgengrauen singt.<\/td><\/tr><tr><td>Mat\u00f3mela un ballestero<br>de Dios haya el galard\u00f3n.<br>Las barbas de la mi cara<br>ci\u00f1olas en rededor.<\/td><td>Ein Bogensch\u00fctze t\u00f6te,<br>von Gott sei der Lohn.<br>Die Haare meines Bartes<br>umg\u00fcrten sie.<\/td><\/tr><tr><td>Caballeros y escuderos<br>van servir \u00e1 sus se\u00f1ores<br>sino yo, triste cuitado,<br>que yago en estas prisiones.<\/td><td>Ritter und Knappen<br>werden ihren Herren dienen<br>aber ich, traurig und betr\u00fcbt,<br>liege in diesen Gef\u00e4ngnissen.<\/td><\/tr><tr><td>Cabellos de mi cabeza<br>me allegan al corvej\u00f3n<br>de noche los he por cama<br>y de d\u00eda por cobertor.<\/td><td>Meine Kopfhaare<br>reichen schon bis zu den Kn\u00f6cheln.<br>Nachts verwende ich sie als Bett,<br>tags\u00fcber als Decke.<\/td><\/tr><\/tbody><\/table><\/figure>\n","protected":false},"excerpt":{"rendered":"<p>Por mayo era, por Mayocuando face las calorescuando due\u00f1as y doncellastodas andan con amores,cuando los qu\u2019estan penadosvan servir a sus amores, Im Mai war es, im Maiwenn es hei\u00df wird,wenn Damen und M\u00e4dchenwandeln mit Liebe,wenn diejenigen, die bestraft werden,ihrer Liebe dienen, que non s\u00e9 cuando es de d\u00edanin s\u00e9 cuando &hellip;<\/p>\n","protected":false},"author":2,"featured_media":0,"parent":428,"menu_order":0,"comment_status":"closed","ping_status":"closed","template":"","meta":{"_crdt_document":"","_themeisle_gutenberg_block_has_review":false,"h5ap_radio_sources":[],"footnotes":""},"class_list":["post-518","page","type-page","status-publish","hentry"],"_links":{"self":[{"href":"http:\/\/www.cronopio.de\/seitenstetten\/wp-json\/wp\/v2\/pages\/518","targetHints":{"allow":["GET"]}}],"collection":[{"href":"http:\/\/www.cronopio.de\/seitenstetten\/wp-json\/wp\/v2\/pages"}],"about":[{"href":"http:\/\/www.cronopio.de\/seitenstetten\/wp-json\/wp\/v2\/types\/page"}],"author":[{"embeddable":true,"href":"http:\/\/www.cronopio.de\/seitenstetten\/wp-json\/wp\/v2\/users\/2"}],"replies":[{"embeddable":true,"href":"http:\/\/www.cronopio.de\/seitenstetten\/wp-json\/wp\/v2\/comments?post=518"}],"version-history":[{"count":1,"href":"http:\/\/www.cronopio.de\/seitenstetten\/wp-json\/wp\/v2\/pages\/518\/revisions"}],"predecessor-version":[{"id":519,"href":"http:\/\/www.cronopio.de\/seitenstetten\/wp-json\/wp\/v2\/pages\/518\/revisions\/519"}],"up":[{"embeddable":true,"href":"http:\/\/www.cronopio.de\/seitenstetten\/wp-json\/wp\/v2\/pages\/428"}],"wp:attachment":[{"href":"http:\/\/www.cronopio.de\/seitenstetten\/wp-json\/wp\/v2\/media?parent=518"}],"curies":[{"name":"wp","href":"https:\/\/api.w.org\/{rel}","templated":true}]}}