{"id":514,"date":"2024-08-01T00:48:47","date_gmt":"2024-07-31T22:48:47","guid":{"rendered":"http:\/\/www.cronopio.de\/seitenstetten\/?page_id=514"},"modified":"2024-08-01T00:49:18","modified_gmt":"2024-07-31T22:49:18","slug":"now-ist-the-month-of-maying","status":"publish","type":"page","link":"http:\/\/www.cronopio.de\/seitenstetten\/2024-2\/fruehling\/now-ist-the-month-of-maying\/","title":{"rendered":"Now ist the month of maying"},"content":{"rendered":"\n<figure class=\"wp-block-table\"><table><tbody><tr><td>Now is the month of maying,<br>When merry lads are playing,<br>Fa la la la la la la,<br>Each with his bonny lass,<br>Upon the greeny grass,<br>Fa la la la la la la.<br>The Spring, clad all in gladness,<br>Doth laugh at Winter\u2032s sadness,<br>Fa la la la la la la.<\/td><td>Jetzt ist der Monat Mai<br>und die lustigen Jungs spielen,<br>Fa la la la la la la,<br>jeder mit seinem h\u00fcbschen M\u00e4dchen,<br>im gr\u00fcnen Gras,<br>Fa la la la la la la.<br>Der Fr\u00fchling, ganz in Fr\u00f6hlichkeit gekleidet,<br>lacht \u00fcber die Traurigkeit des Winters,<br>Fa la la la la la la.<\/td><\/tr><tr><td>And to the wanton instrument,<br>They went to and fro, both,<br>And finely flaunted it<br>And then they met again<br>And thus they chanted it<br>Fa la la la la.<\/td><td>Und zu dem \u00fcberm\u00fctigen Instrument,<br>tanzten sie beide hin und her,<br>und stellten es fein zur Schau<br>und dann trafen sie sich wieder<br>und dann sangen sie:<br>Fa la la la la.<\/td><\/tr><tr><td>And to the bagpipe\u2032s sound,<br>The nymphs tread out their ground,<br>Fa la la la la la la.<br>Fie then! why sit we musing,<br>Youth&#8217;s sweet delight refusing?<br>Fa la la la la la la,<br>Say, dainty nymphs, and speak,<br>Shall we play at barley-break?<br>Fa la la la la la la.<\/td><td>Und zum Klang des Dudelsacks,<br>Treten die Nymphen ihren Tanzboden aus,<br>Fa la la la la la la.<br>Pfui! Warum sitzen wir und sinnieren,<br>der Jugend s\u00fc\u00dfe Wonne verweigernd?<br>Fa la la la la la la,<br>Sagt, zierliche Nymphen, und sprecht,<br>sollen wir Barley-Break<sup>*<\/sup> spielen?<br>Fa la la la la la la.<\/td><\/tr><\/tbody><\/table><\/figure>\n\n\n\n<p class=\"wp-block-paragraph\">Aus der englischen Wikipedia zum Thema \u201eBarley-Break\u201c:<\/p>\n\n\n\n<p class=\"wp-block-paragraph\">Barley-Break is an old English country game frequently mentioned by the poets of the 17th and 18th centuries. It was played by three pairs, each composed of a man and a woman, who were stationed in three bases or plots, contiguous to each other. The couple occupying the middle base, called hell or prison, endeavoured to catch the other two, who, when chased, might break to avoid being caught. If one was overtaken, he and his companion were condemned to hell. From this game was taken the expression \u201ethe last couple in hell\u201c, often used in old plays. Its use in literature usually has sexual connotations. The best known example is in Thomas Middleton and William Rowley&#8217;s play The Changeling, in which an adulterer tells his cuckold \u201eI coupled with your mate at barley-break; now we are left in hell\u201c. The use of the phrase in Thomas Morley&#8217;s ballett \u201eNow Is the Month of Maying\u201c probably means something similar to the idiom \u201eroll in the hay\u201c.<\/p>\n","protected":false},"excerpt":{"rendered":"<p>Now is the month of maying,When merry lads are playing,Fa la la la la la la,Each with his bonny lass,Upon the greeny grass,Fa la la la la la la.The Spring, clad all in gladness,Doth laugh at Winter\u2032s sadness,Fa la la la la la la. Jetzt ist der Monat Maiund die &hellip;<\/p>\n","protected":false},"author":2,"featured_media":0,"parent":428,"menu_order":0,"comment_status":"closed","ping_status":"closed","template":"","meta":{"_crdt_document":"","_themeisle_gutenberg_block_has_review":false,"h5ap_radio_sources":[],"footnotes":""},"class_list":["post-514","page","type-page","status-publish","hentry"],"_links":{"self":[{"href":"http:\/\/www.cronopio.de\/seitenstetten\/wp-json\/wp\/v2\/pages\/514","targetHints":{"allow":["GET"]}}],"collection":[{"href":"http:\/\/www.cronopio.de\/seitenstetten\/wp-json\/wp\/v2\/pages"}],"about":[{"href":"http:\/\/www.cronopio.de\/seitenstetten\/wp-json\/wp\/v2\/types\/page"}],"author":[{"embeddable":true,"href":"http:\/\/www.cronopio.de\/seitenstetten\/wp-json\/wp\/v2\/users\/2"}],"replies":[{"embeddable":true,"href":"http:\/\/www.cronopio.de\/seitenstetten\/wp-json\/wp\/v2\/comments?post=514"}],"version-history":[{"count":2,"href":"http:\/\/www.cronopio.de\/seitenstetten\/wp-json\/wp\/v2\/pages\/514\/revisions"}],"predecessor-version":[{"id":516,"href":"http:\/\/www.cronopio.de\/seitenstetten\/wp-json\/wp\/v2\/pages\/514\/revisions\/516"}],"up":[{"embeddable":true,"href":"http:\/\/www.cronopio.de\/seitenstetten\/wp-json\/wp\/v2\/pages\/428"}],"wp:attachment":[{"href":"http:\/\/www.cronopio.de\/seitenstetten\/wp-json\/wp\/v2\/media?parent=514"}],"curies":[{"name":"wp","href":"https:\/\/api.w.org\/{rel}","templated":true}]}}