{"id":508,"date":"2024-08-01T00:44:18","date_gmt":"2024-07-31T22:44:18","guid":{"rendered":"http:\/\/www.cronopio.de\/seitenstetten\/?page_id=508"},"modified":"2024-08-01T00:44:19","modified_gmt":"2024-07-31T22:44:19","slug":"lo-country-sports","status":"publish","type":"page","link":"http:\/\/www.cronopio.de\/seitenstetten\/2024-2\/fruehling\/lo-country-sports\/","title":{"rendered":"Lo, country sports"},"content":{"rendered":"\n<figure class=\"wp-block-table\"><table><tbody><tr><td>Lo country sports, that seldom fades,<br>A garland of the Spring,<br>A prize for dancing country maids,<br>With merry pipes we bring.<br>Then all at once for our town cries,<br>Pipe on for we will have the prize.<\/td><td>Ho, l\u00e4ndliche Freuden, die selten vergehen,<br>eine Girlande des Fr\u00fchlings,<br>einen Preis f\u00fcr die tanzenden Landm\u00e4dchen<br>bringen wir mit fr\u00f6hlichen Pfeifen.<br>Auf einmal schrien alle im Ort auf:<br>Pfeift weiter, denn wir wollen den Preis haben.<\/td><\/tr><\/tbody><\/table><\/figure>\n","protected":false},"excerpt":{"rendered":"<p>Lo country sports, that seldom fades,A garland of the Spring,A prize for dancing country maids,With merry pipes we bring.Then all at once for our town cries,Pipe on for we will have the prize. Ho, l\u00e4ndliche Freuden, die selten vergehen,eine Girlande des Fr\u00fchlings,einen Preis f\u00fcr die tanzenden Landm\u00e4dchenbringen wir mit fr\u00f6hlichen &hellip;<\/p>\n","protected":false},"author":2,"featured_media":0,"parent":428,"menu_order":0,"comment_status":"closed","ping_status":"closed","template":"","meta":{"_crdt_document":"","_themeisle_gutenberg_block_has_review":false,"h5ap_radio_sources":[],"footnotes":""},"class_list":["post-508","page","type-page","status-publish","hentry"],"_links":{"self":[{"href":"http:\/\/www.cronopio.de\/seitenstetten\/wp-json\/wp\/v2\/pages\/508","targetHints":{"allow":["GET"]}}],"collection":[{"href":"http:\/\/www.cronopio.de\/seitenstetten\/wp-json\/wp\/v2\/pages"}],"about":[{"href":"http:\/\/www.cronopio.de\/seitenstetten\/wp-json\/wp\/v2\/types\/page"}],"author":[{"embeddable":true,"href":"http:\/\/www.cronopio.de\/seitenstetten\/wp-json\/wp\/v2\/users\/2"}],"replies":[{"embeddable":true,"href":"http:\/\/www.cronopio.de\/seitenstetten\/wp-json\/wp\/v2\/comments?post=508"}],"version-history":[{"count":1,"href":"http:\/\/www.cronopio.de\/seitenstetten\/wp-json\/wp\/v2\/pages\/508\/revisions"}],"predecessor-version":[{"id":509,"href":"http:\/\/www.cronopio.de\/seitenstetten\/wp-json\/wp\/v2\/pages\/508\/revisions\/509"}],"up":[{"embeddable":true,"href":"http:\/\/www.cronopio.de\/seitenstetten\/wp-json\/wp\/v2\/pages\/428"}],"wp:attachment":[{"href":"http:\/\/www.cronopio.de\/seitenstetten\/wp-json\/wp\/v2\/media?parent=508"}],"curies":[{"name":"wp","href":"https:\/\/api.w.org\/{rel}","templated":true}]}}