{"id":497,"date":"2024-08-01T00:31:30","date_gmt":"2024-07-31T22:31:30","guid":{"rendered":"http:\/\/www.cronopio.de\/seitenstetten\/?page_id=497"},"modified":"2024-08-01T00:31:31","modified_gmt":"2024-07-31T22:31:31","slug":"stabat-mater-dolorosa","status":"publish","type":"page","link":"http:\/\/www.cronopio.de\/seitenstetten\/2024-2\/karfreitag\/stabat-mater-dolorosa\/","title":{"rendered":"Stabat mater dolorosa"},"content":{"rendered":"\n<figure class=\"wp-block-table\"><table><tbody><tr><td>Stabat Mater dolorosa<br>Iuxta crucem lacrimosa<br>Dum pendebat Filius.<\/td><td>Es stand die Mutter schmerzerf\u00fcllt<br>bei dem Kreuze, tr\u00e4nenreich,<br>als (dort) hing (ihr) Sohn.<\/td><\/tr><tr><td>Cuius animam gementem<br>Contristatam et dolentem<br>Pertransivit gladius.<\/td><td>Ihre Seele &#8211; seufzend,<br>verd\u00fcstert und schmerzerf\u00fcllt &#8211;<br>hat durchbohrt ein Schwert.<\/td><\/tr><tr><td>O quam tristis et afflicta<br>Fuit illa benedicta<br>Mater unigeniti!<\/td><td>O wie traurig und angeschlagen<br>war jene gebenedeite<br>Mutter des Eingeborenen.<\/td><\/tr><tr><td>Quae moerebat et dolebat,<br>Pia Mater, dum videbat<br>Nati poenas incliti.<\/td><td>Die betrauerte und klagte,<br>die fromme Mutter, als sie sah<br>des ber\u00fchmten geborenen (Sohnes) Leiden.<\/td><\/tr><tr><td>Quis est homo qui non fleret,<br>Matrem Christi si videret<br>In tanto supplicio?<\/td><td>Wer ist ein Mensch, der nicht weinte,<br>wenn er die Mutter Christi s\u00e4he<br>in so gro\u00dfer Qual?<\/td><\/tr><tr><td>Quis non posset contristari,<br>Christi Matrem contemplari<br>Dolentem cum Filio?<\/td><td>Wer m\u00fcsste nicht traurig werden,<br>Christi Mutter betrachten,<br>die leidet mit dem Sohn?<\/td><\/tr><tr><td>Pro peccatis suae gentis<br>Vidit Iesum in tormentis,<br>Et flagellis subditum.<\/td><td>F\u00fcr die S\u00fcnden seines Volkes<br>sah sie Jesus in der Folter<br>und den Gei\u00dfeln ausgeliefert.<\/td><\/tr><tr><td>Vidit suum dulcem natum<br>Moriendo desolatum<br>Dum emisit spiritum.<\/td><td>Sie sah ihren geliebten [s\u00fc\u00dfen] Sohn<br>sterbend, allein gelassen,<br>als er aufgab (seinen) Geist.<\/td><\/tr><tr><td>Eja Mater, fons amoris<br>Me sentire vim doloris<br>Fac, ut tecum lugeam.<\/td><td>O Mutter, Quell der Liebe,<br>lass mich f\u00fchlen die Kraft des Schmerzes,<br>damit ich mit dir traure.<\/td><\/tr><tr><td>Fac, ut ardeat cor meum<br>In amando Christum Deum<br>Ut sibi complaceam.<\/td><td>Mach, dass brenne mein Herz<br>in der Liebe zu Christus, Gott,<br>damit ich ihm gefalle.<\/td><\/tr><tr><td>Sancta Mater, istud agas,<br>Crucifixi fige plagas<br>Cordi meo valide.<\/td><td>Heilige Mutter, das bewirke,<br>dr\u00fccke des Gekreuzigten Schl\u00e4ge<br>meinem Herzen kr\u00e4ftig ein.<\/td><\/tr><tr><td>Tui nati vulnerati,<br>Tam dignati pro me pati,<br>Poenas mecum divide.<\/td><td>Deines verwundeten Sohnes,<br>der so entschlossen ist, f\u00fcr mich zu leiden &#8211;<br>(dessen) Schmerzen mit mir teile!<\/td><\/tr><tr><td>Fac me tecum, pie, flere,<br>Crucifixo condolere,<br>Donec ego vixero.<\/td><td>Lass mich wahrlich mit dir weinen,<br>mit dem Gekreuzigten mitleiden,<br>solange ich leben werde.<\/td><\/tr><tr><td>Juxta crucem tecum stare,<br>Et me tibi sociare<br>In planctu desidero.<\/td><td>Bei dem Kreuz mit dir zu stehen,<br>mit dir gerne mich zu vereinen<br>in der Klage &#8211; (das) w\u00fcnsche ich.<\/td><\/tr><tr><td>Virgo virginum praeclara,<br>Mihi jam non sis amara<br>Fac me tecum plangere.<\/td><td>Hochber\u00fchmte Jungfrau der Jungfrauen,<br>sei mir nicht l\u00e4nger bitter,<br>lass mich mit dir klagen.<\/td><\/tr><tr><td>Fac, ut portem Christi mortem<br>Passionis fac consortem,<br>Et plagas recolere.<\/td><td>Mach, dass ich trage Christi Tod,<br>mach mich zum Gef\u00e4hrten des Leidens<br>und die Schl\u00e4ge nacherleben.<\/td><\/tr><tr><td>Fac me plagis vulnerari,<br>Fac me cruce inebriari,<br>Et cruore Filii.<\/td><td>Lass mich, durch Schl\u00e4ge verwundet,<br>durch dieses Kreuz berauscht werden<br>von der Liebe zu (deinem) Sohn.<\/td><\/tr><tr><td>Flammis ne urar succensus<br>Per te, Virgo, sim defensus<br>In die judicii.<\/td><td>Von den Flammen entz\u00fcndet, lass mich nicht verbrennen.<br>Durch dich, Jungfrau, sei ich gesch\u00fctzt<br>am Tage des Gerichts.<\/td><\/tr><tr><td>Fac me cruce custodiri<br>Morte Christi praemuniri<br>Confoveri gratia<\/td><td>Lass mich durch das Kreuz beh\u00fctet werden,<br>durch den Tod Christi sicher sein,<br>erw\u00e4rmt werden durch (seine) Gnade.<\/td><\/tr><\/tbody><\/table><\/figure>\n","protected":false},"excerpt":{"rendered":"<p>Stabat Mater dolorosaIuxta crucem lacrimosaDum pendebat Filius. Es stand die Mutter schmerzerf\u00fclltbei dem Kreuze, tr\u00e4nenreich,als (dort) hing (ihr) Sohn. Cuius animam gementemContristatam et dolentemPertransivit gladius. Ihre Seele &#8211; seufzend,verd\u00fcstert und schmerzerf\u00fcllt &#8211;hat durchbohrt ein Schwert. O quam tristis et afflictaFuit illa benedictaMater unigeniti! O wie traurig und angeschlagenwar jene gebenedeiteMutter &hellip;<\/p>\n","protected":false},"author":2,"featured_media":0,"parent":423,"menu_order":0,"comment_status":"closed","ping_status":"closed","template":"","meta":{"_crdt_document":"","_themeisle_gutenberg_block_has_review":false,"h5ap_radio_sources":[],"footnotes":""},"class_list":["post-497","page","type-page","status-publish","hentry"],"_links":{"self":[{"href":"http:\/\/www.cronopio.de\/seitenstetten\/wp-json\/wp\/v2\/pages\/497","targetHints":{"allow":["GET"]}}],"collection":[{"href":"http:\/\/www.cronopio.de\/seitenstetten\/wp-json\/wp\/v2\/pages"}],"about":[{"href":"http:\/\/www.cronopio.de\/seitenstetten\/wp-json\/wp\/v2\/types\/page"}],"author":[{"embeddable":true,"href":"http:\/\/www.cronopio.de\/seitenstetten\/wp-json\/wp\/v2\/users\/2"}],"replies":[{"embeddable":true,"href":"http:\/\/www.cronopio.de\/seitenstetten\/wp-json\/wp\/v2\/comments?post=497"}],"version-history":[{"count":1,"href":"http:\/\/www.cronopio.de\/seitenstetten\/wp-json\/wp\/v2\/pages\/497\/revisions"}],"predecessor-version":[{"id":498,"href":"http:\/\/www.cronopio.de\/seitenstetten\/wp-json\/wp\/v2\/pages\/497\/revisions\/498"}],"up":[{"embeddable":true,"href":"http:\/\/www.cronopio.de\/seitenstetten\/wp-json\/wp\/v2\/pages\/423"}],"wp:attachment":[{"href":"http:\/\/www.cronopio.de\/seitenstetten\/wp-json\/wp\/v2\/media?parent=497"}],"curies":[{"name":"wp","href":"https:\/\/api.w.org\/{rel}","templated":true}]}}