{"id":486,"date":"2024-07-31T23:55:38","date_gmt":"2024-07-31T21:55:38","guid":{"rendered":"http:\/\/www.cronopio.de\/seitenstetten\/?page_id=486"},"modified":"2024-07-31T23:55:39","modified_gmt":"2024-07-31T21:55:39","slug":"ne-timeas-maria","status":"publish","type":"page","link":"http:\/\/www.cronopio.de\/seitenstetten\/2024-2\/25-3-mariae-verkuendigung\/ne-timeas-maria\/","title":{"rendered":"Ne timeas Maria"},"content":{"rendered":"\n<figure class=\"wp-block-table\"><table><tbody><tr><td>Ne timeas Maria, invenisti enim gratiam apud Dominum:<br>ecce concipies in utero et paries filium,<br>et vocabitur Altissimi Filius.<\/td><td>F\u00fcrchte dich nicht, Maria, du hast Gnade beim Herrn gefunden:<br>Siehe, du wirst ein Kind empfangen und einen Sohn geb\u00e4ren,<br>und er wird Sohn des H\u00f6chsten genannt werden.<\/td><\/tr><\/tbody><\/table><\/figure>\n","protected":false},"excerpt":{"rendered":"<p>Ne timeas Maria, invenisti enim gratiam apud Dominum:ecce concipies in utero et paries filium,et vocabitur Altissimi Filius. F\u00fcrchte dich nicht, Maria, du hast Gnade beim Herrn gefunden:Siehe, du wirst ein Kind empfangen und einen Sohn geb\u00e4ren,und er wird Sohn des H\u00f6chsten genannt werden.<\/p>\n","protected":false},"author":2,"featured_media":0,"parent":418,"menu_order":0,"comment_status":"closed","ping_status":"closed","template":"","meta":{"_crdt_document":"","_themeisle_gutenberg_block_has_review":false,"h5ap_radio_sources":[],"footnotes":""},"class_list":["post-486","page","type-page","status-publish","hentry"],"_links":{"self":[{"href":"http:\/\/www.cronopio.de\/seitenstetten\/wp-json\/wp\/v2\/pages\/486","targetHints":{"allow":["GET"]}}],"collection":[{"href":"http:\/\/www.cronopio.de\/seitenstetten\/wp-json\/wp\/v2\/pages"}],"about":[{"href":"http:\/\/www.cronopio.de\/seitenstetten\/wp-json\/wp\/v2\/types\/page"}],"author":[{"embeddable":true,"href":"http:\/\/www.cronopio.de\/seitenstetten\/wp-json\/wp\/v2\/users\/2"}],"replies":[{"embeddable":true,"href":"http:\/\/www.cronopio.de\/seitenstetten\/wp-json\/wp\/v2\/comments?post=486"}],"version-history":[{"count":1,"href":"http:\/\/www.cronopio.de\/seitenstetten\/wp-json\/wp\/v2\/pages\/486\/revisions"}],"predecessor-version":[{"id":488,"href":"http:\/\/www.cronopio.de\/seitenstetten\/wp-json\/wp\/v2\/pages\/486\/revisions\/488"}],"up":[{"embeddable":true,"href":"http:\/\/www.cronopio.de\/seitenstetten\/wp-json\/wp\/v2\/pages\/418"}],"wp:attachment":[{"href":"http:\/\/www.cronopio.de\/seitenstetten\/wp-json\/wp\/v2\/media?parent=486"}],"curies":[{"name":"wp","href":"https:\/\/api.w.org\/{rel}","templated":true}]}}