{"id":473,"date":"2024-07-31T23:45:53","date_gmt":"2024-07-31T21:45:53","guid":{"rendered":"http:\/\/www.cronopio.de\/seitenstetten\/?page_id=473"},"modified":"2024-07-31T23:45:54","modified_gmt":"2024-07-31T21:45:54","slug":"hostis-herodes-impie","status":"publish","type":"page","link":"http:\/\/www.cronopio.de\/seitenstetten\/2024-2\/epiphanias\/hostis-herodes-impie\/","title":{"rendered":"Hostis Herodes impie"},"content":{"rendered":"\n<figure class=\"wp-block-table\"><table><tbody><tr><td>Hostis Herodes impie,<br>Christum venire quid times?<br>Non eripit mortalia<br>qui regna dat caelestia.<\/td><td>Herodes, du gottloser Feind,<br>warum f\u00fcrchtest du das Kommen Christi?<br>Es \u00fcbernimmt keine irdische Macht,<br>wer himmlische K\u00f6nigreiche gibt.<\/td><\/tr><\/tbody><\/table><\/figure>\n","protected":false},"excerpt":{"rendered":"<p>Hostis Herodes impie,Christum venire quid times?Non eripit mortaliaqui regna dat caelestia. Herodes, du gottloser Feind,warum f\u00fcrchtest du das Kommen Christi?Es \u00fcbernimmt keine irdische Macht,wer himmlische K\u00f6nigreiche gibt.<\/p>\n","protected":false},"author":2,"featured_media":0,"parent":411,"menu_order":0,"comment_status":"closed","ping_status":"closed","template":"","meta":{"_crdt_document":"","_themeisle_gutenberg_block_has_review":false,"h5ap_radio_sources":[],"footnotes":""},"class_list":["post-473","page","type-page","status-publish","hentry"],"_links":{"self":[{"href":"http:\/\/www.cronopio.de\/seitenstetten\/wp-json\/wp\/v2\/pages\/473","targetHints":{"allow":["GET"]}}],"collection":[{"href":"http:\/\/www.cronopio.de\/seitenstetten\/wp-json\/wp\/v2\/pages"}],"about":[{"href":"http:\/\/www.cronopio.de\/seitenstetten\/wp-json\/wp\/v2\/types\/page"}],"author":[{"embeddable":true,"href":"http:\/\/www.cronopio.de\/seitenstetten\/wp-json\/wp\/v2\/users\/2"}],"replies":[{"embeddable":true,"href":"http:\/\/www.cronopio.de\/seitenstetten\/wp-json\/wp\/v2\/comments?post=473"}],"version-history":[{"count":1,"href":"http:\/\/www.cronopio.de\/seitenstetten\/wp-json\/wp\/v2\/pages\/473\/revisions"}],"predecessor-version":[{"id":474,"href":"http:\/\/www.cronopio.de\/seitenstetten\/wp-json\/wp\/v2\/pages\/473\/revisions\/474"}],"up":[{"embeddable":true,"href":"http:\/\/www.cronopio.de\/seitenstetten\/wp-json\/wp\/v2\/pages\/411"}],"wp:attachment":[{"href":"http:\/\/www.cronopio.de\/seitenstetten\/wp-json\/wp\/v2\/media?parent=473"}],"curies":[{"name":"wp","href":"https:\/\/api.w.org\/{rel}","templated":true}]}}