{"id":467,"date":"2024-07-31T23:42:47","date_gmt":"2024-07-31T21:42:47","guid":{"rendered":"http:\/\/www.cronopio.de\/seitenstetten\/?page_id=467"},"modified":"2024-07-31T23:42:48","modified_gmt":"2024-07-31T21:42:48","slug":"los-reyes","status":"publish","type":"page","link":"http:\/\/www.cronopio.de\/seitenstetten\/2024-2\/epiphanias\/los-reyes\/","title":{"rendered":"Los Reyes"},"content":{"rendered":"\n<figure class=\"wp-block-table\"><table><tbody><tr><td>Los reyes siguen la estrella,<br>la estrella sigue al Se\u00f1or<br>y el Se\u00f1or de ellos y de ella,<br>sigue y busca al pecador.<\/td><td>Die K\u00f6nige folgen dem Stern,<br>der Stern folgt dem Herrn.<br>Der Herr von ihnen und von ihm<br>folgt und sucht den S\u00fcnder.<\/td><\/tr><tr><td>Teniendo de Dios noticia,<br>buscan con divino celo,<br>la estrella al sol de justicia,<br>los Reyes al Rey del cielo.<\/td><td>Da sie Nachricht von Gott hatten,<br>folgten sie mit g\u00f6ttlichem Eifer,<br>der Stern der Sonne der Gerechtigkeit,<br>die K\u00f6nige dem K\u00f6nig des Himmels.<\/td><\/tr><tr><td>Guiados son de una estrella,<br>la estrella de su Se\u00f1or<br>y el Se\u00f1or de ellos y de ella,<br>sigue y busca al pecador.<\/td><td>Gelenkt werden sie von einem Stern,<br>der Stern von seinem Herren.<br>Der Herr von ihnen und von ihm<br>folgt und sucht den S\u00fcnder.<\/td><\/tr><\/tbody><\/table><\/figure>\n","protected":false},"excerpt":{"rendered":"<p>Los reyes siguen la estrella,la estrella sigue al Se\u00f1ory el Se\u00f1or de ellos y de ella,sigue y busca al pecador. Die K\u00f6nige folgen dem Stern,der Stern folgt dem Herrn.Der Herr von ihnen und von ihmfolgt und sucht den S\u00fcnder. Teniendo de Dios noticia,buscan con divino celo,la estrella al sol de &hellip;<\/p>\n","protected":false},"author":2,"featured_media":0,"parent":411,"menu_order":0,"comment_status":"closed","ping_status":"closed","template":"","meta":{"_crdt_document":"","_themeisle_gutenberg_block_has_review":false,"h5ap_radio_sources":[],"footnotes":""},"class_list":["post-467","page","type-page","status-publish","hentry"],"_links":{"self":[{"href":"http:\/\/www.cronopio.de\/seitenstetten\/wp-json\/wp\/v2\/pages\/467","targetHints":{"allow":["GET"]}}],"collection":[{"href":"http:\/\/www.cronopio.de\/seitenstetten\/wp-json\/wp\/v2\/pages"}],"about":[{"href":"http:\/\/www.cronopio.de\/seitenstetten\/wp-json\/wp\/v2\/types\/page"}],"author":[{"embeddable":true,"href":"http:\/\/www.cronopio.de\/seitenstetten\/wp-json\/wp\/v2\/users\/2"}],"replies":[{"embeddable":true,"href":"http:\/\/www.cronopio.de\/seitenstetten\/wp-json\/wp\/v2\/comments?post=467"}],"version-history":[{"count":1,"href":"http:\/\/www.cronopio.de\/seitenstetten\/wp-json\/wp\/v2\/pages\/467\/revisions"}],"predecessor-version":[{"id":468,"href":"http:\/\/www.cronopio.de\/seitenstetten\/wp-json\/wp\/v2\/pages\/467\/revisions\/468"}],"up":[{"embeddable":true,"href":"http:\/\/www.cronopio.de\/seitenstetten\/wp-json\/wp\/v2\/pages\/411"}],"wp:attachment":[{"href":"http:\/\/www.cronopio.de\/seitenstetten\/wp-json\/wp\/v2\/media?parent=467"}],"curies":[{"name":"wp","href":"https:\/\/api.w.org\/{rel}","templated":true}]}}