{"id":464,"date":"2024-07-31T23:39:01","date_gmt":"2024-07-31T21:39:01","guid":{"rendered":"http:\/\/www.cronopio.de\/seitenstetten\/?page_id=464"},"modified":"2024-07-31T23:39:01","modified_gmt":"2024-07-31T21:39:01","slug":"en-novus-annus-adest","status":"publish","type":"page","link":"http:\/\/www.cronopio.de\/seitenstetten\/2024-2\/neujahr\/en-novus-annus-adest\/","title":{"rendered":"En novus annus adest"},"content":{"rendered":"\n<figure class=\"wp-block-table\"><table><tbody><tr><td>En novus annus adest, placidisque renidet ocellis,<br>Optima quanta vehit? Maxima quanta parit?<br>Optima nosse cupis? Malesuadum crimen abarcet.<br>Maxima nosse flagras? Aurea dona refert.<br>Annus prosper eat, faxit Deus arbiter anni,<br>Ut veniat veni\u00e6 cura, salutis amor.<\/td><td>Siehe, ein neues Jahr ist da und schaut uns mit huldvollen Augen an.<br>Wieviel Gutes bringt es? Wieviel Gro\u00dfes bereitet es?<br>M\u00f6chtest du das Gute wissen? Es h\u00e4lt das verf\u00fchrerische Verbrechen fern.<br>Brennst du darauf, das Gro\u00dfe zu wissen? Es bringt goldene Gaben.<br>Das Jahr m\u00f6ge g\u00fcnstig verlaufen, das gebe Gott, der Lenker des Jahres,<br>auf dass die Bem\u00fchung um Gnade kommen m\u00f6ge, die Liebe zum Heil.<\/td><\/tr><\/tbody><\/table><\/figure>\n","protected":false},"excerpt":{"rendered":"<p>En novus annus adest, placidisque renidet ocellis,Optima quanta vehit? Maxima quanta parit?Optima nosse cupis? Malesuadum crimen abarcet.Maxima nosse flagras? Aurea dona refert.Annus prosper eat, faxit Deus arbiter anni,Ut veniat veni\u00e6 cura, salutis amor. Siehe, ein neues Jahr ist da und schaut uns mit huldvollen Augen an.Wieviel Gutes bringt es? Wieviel &hellip;<\/p>\n","protected":false},"author":2,"featured_media":0,"parent":408,"menu_order":0,"comment_status":"closed","ping_status":"closed","template":"","meta":{"_crdt_document":"","_themeisle_gutenberg_block_has_review":false,"h5ap_radio_sources":[],"footnotes":""},"class_list":["post-464","page","type-page","status-publish","hentry"],"_links":{"self":[{"href":"http:\/\/www.cronopio.de\/seitenstetten\/wp-json\/wp\/v2\/pages\/464","targetHints":{"allow":["GET"]}}],"collection":[{"href":"http:\/\/www.cronopio.de\/seitenstetten\/wp-json\/wp\/v2\/pages"}],"about":[{"href":"http:\/\/www.cronopio.de\/seitenstetten\/wp-json\/wp\/v2\/types\/page"}],"author":[{"embeddable":true,"href":"http:\/\/www.cronopio.de\/seitenstetten\/wp-json\/wp\/v2\/users\/2"}],"replies":[{"embeddable":true,"href":"http:\/\/www.cronopio.de\/seitenstetten\/wp-json\/wp\/v2\/comments?post=464"}],"version-history":[{"count":1,"href":"http:\/\/www.cronopio.de\/seitenstetten\/wp-json\/wp\/v2\/pages\/464\/revisions"}],"predecessor-version":[{"id":465,"href":"http:\/\/www.cronopio.de\/seitenstetten\/wp-json\/wp\/v2\/pages\/464\/revisions\/465"}],"up":[{"embeddable":true,"href":"http:\/\/www.cronopio.de\/seitenstetten\/wp-json\/wp\/v2\/pages\/408"}],"wp:attachment":[{"href":"http:\/\/www.cronopio.de\/seitenstetten\/wp-json\/wp\/v2\/media?parent=464"}],"curies":[{"name":"wp","href":"https:\/\/api.w.org\/{rel}","templated":true}]}}