{"id":33,"date":"2022-09-03T21:37:25","date_gmt":"2022-09-03T19:37:25","guid":{"rendered":"http:\/\/www.cronopio.de\/seitenstetten\/?page_id=33"},"modified":"2022-09-11T22:49:46","modified_gmt":"2022-09-11T20:49:46","slug":"2022-2","status":"publish","type":"page","link":"http:\/\/www.cronopio.de\/seitenstetten\/2022-2\/","title":{"rendered":"2022"},"content":{"rendered":"\n<h3 class=\"has-text-align-center wp-block-heading\">Musik und Musiker aus England<\/h3>\n\n\n\n<h5 class=\"has-text-align-center wp-block-heading\">7. Woche Alter Musik im Stift Seitenstetten<\/h5>\n\n\n<style type=\"text\/css\">\n#foogallery-gallery-36.fg-simple_portfolio { justify-content: center; --fg-gutter: 5px; }\n#foogallery-gallery-36.fg-simple_portfolio .fg-item { flex-basis: 250px; }<\/style>\n\t\t\t<div class=\"foogallery foogallery-container foogallery-simple_portfolio foogallery-lightbox-none fg-simple_portfolio fg-ready fg-light fg-border-medium fg-shadow-small fg-loading-default fg-loaded-fade-in fg-caption-always fg-hover-fade fg-hover-external fg-c-c fg-caption-always\" id=\"foogallery-gallery-36\" data-foogallery=\"{&quot;item&quot;:{&quot;showCaptionTitle&quot;:true,&quot;showCaptionDescription&quot;:false},&quot;lazy&quot;:true}\" style=\"--fg-title-line-clamp: 0; --fg-description-line-clamp: 0;\" >\n\t<div class=\"fg-item fg-type-iframe fg-idle\"><figure class=\"fg-item-inner\"><a href=\"http:\/\/www.cronopio.de\/seitenstetten\/2022-2\/geistliche-musik\/\" data-caption-title=\"Geistliche Musik\" data-attachment-id=\"39\" class=\"foogallery-thumb fg-thumb\" data-type=\"iframe\"><span class=\"fg-image-wrap\"><img fetchpriority=\"high\" decoding=\"async\" class=\"bf-img skip-lazy fg-image\" height=\"250\" width=\"250\" data-src-fg=\"http:\/\/www.cronopio.de\/seitenstetten\/wp-content\/uploads\/sites\/15\/cache\/2022\/09\/2022_geistlich\/3178465860.jpg\" src=\"data:image\/svg+xml,%3Csvg%20xmlns%3D%22http%3A%2F%2Fwww.w3.org%2F2000%2Fsvg%22%20width%3D%22250%22%20height%3D%22250%22%20viewBox%3D%220%200%20250%20250%22%3E%3C%2Fsvg%3E\" loading=\"eager\"><\/span><span class=\"fg-image-overlay\"><\/span><\/a><figcaption class=\"fg-caption\"><div class=\"fg-caption-inner\"><div class=\"fg-caption-title\">Geistliche Musik<\/div><\/div><\/figcaption><\/figure><div class=\"fg-loader\"><\/div><\/div><div class=\"fg-item fg-type-iframe fg-idle\"><figure class=\"fg-item-inner\"><a href=\"http:\/\/www.cronopio.de\/seitenstetten\/2022-2\/instrumentalmusik\/\" data-caption-title=\"Instrumentalmusik\" data-attachment-id=\"40\" class=\"foogallery-thumb fg-thumb\" data-type=\"iframe\"><span class=\"fg-image-wrap\"><img decoding=\"async\" class=\"bf-img skip-lazy fg-image\" height=\"250\" width=\"250\" data-src-fg=\"http:\/\/www.cronopio.de\/seitenstetten\/wp-content\/uploads\/sites\/15\/cache\/2022\/09\/2022_instrumentalmusik\/2449342551.jpg\" src=\"data:image\/svg+xml,%3Csvg%20xmlns%3D%22http%3A%2F%2Fwww.w3.org%2F2000%2Fsvg%22%20width%3D%22250%22%20height%3D%22250%22%20viewBox%3D%220%200%20250%20250%22%3E%3C%2Fsvg%3E\" loading=\"eager\"><\/span><span class=\"fg-image-overlay\"><\/span><\/a><figcaption class=\"fg-caption\"><div class=\"fg-caption-inner\"><div class=\"fg-caption-title\">Instrumentalmusik<\/div><\/div><\/figcaption><\/figure><div class=\"fg-loader\"><\/div><\/div><div class=\"fg-item fg-type-iframe fg-idle\"><figure class=\"fg-item-inner\"><a href=\"http:\/\/www.cronopio.de\/seitenstetten\/2022-2\/messen\/\" data-caption-title=\"Messe(n)\" data-attachment-id=\"41\" class=\"foogallery-thumb fg-thumb\" data-type=\"iframe\"><span class=\"fg-image-wrap\"><img decoding=\"async\" class=\"bf-img skip-lazy fg-image\" height=\"250\" width=\"250\" data-src-fg=\"http:\/\/www.cronopio.de\/seitenstetten\/wp-content\/uploads\/sites\/15\/cache\/2022\/09\/2022_messe\/1178318521.jpg\" src=\"data:image\/svg+xml,%3Csvg%20xmlns%3D%22http%3A%2F%2Fwww.w3.org%2F2000%2Fsvg%22%20width%3D%22250%22%20height%3D%22250%22%20viewBox%3D%220%200%20250%20250%22%3E%3C%2Fsvg%3E\" loading=\"eager\"><\/span><span class=\"fg-image-overlay\"><\/span><\/a><figcaption class=\"fg-caption\"><div class=\"fg-caption-inner\"><div class=\"fg-caption-title\">Messe(n)<\/div><\/div><\/figcaption><\/figure><div class=\"fg-loader\"><\/div><\/div><div class=\"fg-item fg-type-iframe fg-idle\"><figure class=\"fg-item-inner\"><a href=\"http:\/\/www.cronopio.de\/seitenstetten\/2022-2\/weltliche-musik\/\" data-caption-title=\"Weltliche Musik\" data-attachment-id=\"42\" class=\"foogallery-thumb fg-thumb\" data-type=\"iframe\"><span class=\"fg-image-wrap\"><img decoding=\"async\" class=\"bf-img skip-lazy fg-image\" height=\"250\" width=\"250\" data-src-fg=\"http:\/\/www.cronopio.de\/seitenstetten\/wp-content\/uploads\/sites\/15\/cache\/2022\/09\/2022_weltlich\/3592579554.jpg\" src=\"data:image\/svg+xml,%3Csvg%20xmlns%3D%22http%3A%2F%2Fwww.w3.org%2F2000%2Fsvg%22%20width%3D%22250%22%20height%3D%22250%22%20viewBox%3D%220%200%20250%20250%22%3E%3C%2Fsvg%3E\" loading=\"eager\"><\/span><span class=\"fg-image-overlay\"><\/span><\/a><figcaption class=\"fg-caption\"><div class=\"fg-caption-inner\"><div class=\"fg-caption-title\">Weltliche Musik<\/div><\/div><\/figcaption><\/figure><div class=\"fg-loader\"><\/div><\/div><div class=\"fg-item fg-type-iframe fg-idle\"><figure class=\"fg-item-inner\"><a href=\"http:\/\/www.cronopio.de\/seitenstetten\/2022-2\/komponisten\/\" data-caption-title=\"Komponisten\" data-attachment-id=\"145\" class=\"foogallery-thumb fg-thumb\" data-type=\"iframe\"><span class=\"fg-image-wrap\"><img decoding=\"async\" class=\"bf-img skip-lazy fg-image\" height=\"250\" width=\"250\" data-src-fg=\"http:\/\/www.cronopio.de\/seitenstetten\/wp-content\/uploads\/sites\/15\/cache\/2022\/09\/Byrd\/3988708984.jpg\" src=\"data:image\/svg+xml,%3Csvg%20xmlns%3D%22http%3A%2F%2Fwww.w3.org%2F2000%2Fsvg%22%20width%3D%22250%22%20height%3D%22250%22%20viewBox%3D%220%200%20250%20250%22%3E%3C%2Fsvg%3E\" loading=\"eager\"><\/span><span class=\"fg-image-overlay\"><\/span><\/a><figcaption class=\"fg-caption\"><div class=\"fg-caption-inner\"><div class=\"fg-caption-title\">Komponisten<\/div><\/div><\/figcaption><\/figure><div class=\"fg-loader\"><\/div><\/div><\/div>\n\n\n\n<h6 class=\"wp-block-heading\"><strong>Musik und Musiker in und aus England \u2013 ist das nicht eigentlich eine ganze Menge f\u00fcr eine Woche?<\/strong><\/h6>\n\n\n\n<p class=\"wp-block-paragraph\">Ja. Aber die pr\u00e4zisere Themenbezeichnung \u201eAusschlie\u00dflich nach eigenem Gusto ausgew\u00e4hlte Bei\u00adspiele f\u00fcr Musik und Musiker in und aus England\u201c kam mir dann doch ein wenig sperrig vor. Das ist es schlie\u00dflich, was ich hier zusammengetragen habe, eine Sammlung von vie\u00adlen mei\u00adner pers\u00f6nlichen Lieblinge \u2013 ganz \u201eunwissenschaftlich\u201c und m\u00f6glicherweise wenig repr\u00e4\u00adsen\u00adtativ f\u00fcr das gew\u00e4hlte Thema; von einem Kom\u00adpo\u00adni\u00adsten gibt&#8217;s mehr, vom anderen weniger. \u201eAlte Schlager\u201c habe ich zugunsten weniger bekanter St\u00fccke drau\u00ad\u00dfenzulassen versucht, es sei denn, sie hatten irgendeinen neuen Aspekt (z.B. die Mor\u00adley-Lie\u00adder, die \u2013 was mir neu war \u2013 par\u00adal\u00adlel mit italienischen Texten erschienen waren); und im\u00admer war die\u00adse Maxime auch nicht durch\u00adzuhalten \u2013 so ein Heft ohne Gibbons&#8216; \u201eThe Silver Swan\u201c , das ging ein\u00adfach nicht.<\/p>\n\n\n\n<p class=\"wp-block-paragraph\">Manche wichtigen Komponisten fehlen ganz; z.B. Ravenscroft nicht hineingenommen zu ha\u00adben, ist eigentlich unverzeihlich; von anderen fehlen wichtige Musikgattungen (von Tye gibt es kei\u00adne Mo\u00adtette, von Morley kein Madrigal, &#8230;). Aber das Heft sollte nicht zu dick werden.<\/p>\n\n\n\n<p class=\"wp-block-paragraph\">Ich hoffe und bin zuversichtlich, da\u00df die Entt\u00e4uschung \u00fcber erwartete oder erhoffte, aber feh\u00adlen\u00adde Lieb\u00adlinge durch das, was es dann doch ins Heft geschafft hat, einigerma\u00dfen bes\u00e4nftigt wird. Ich glau\u00adbe, wir ha\u00adben genug sch\u00f6ne Musik, da\u00df uns nicht langweilig wird.<\/p>\n\n\n\n<p class=\"wp-block-paragraph\">Die biographischen Notizen beschr\u00e4nken sich leider auf einige Komponisten. Um alle zu be\u00adschrei\u00adben \u2013 und auch sonstige Wissenswertigkeiten zu Papier zu bringen, die mir noch vor\u00adschweb\u00adten \u2013, fehlte am Ende die Zeit.<\/p>\n\n\n\n<p class=\"wp-block-paragraph\">Wie sch\u00f6n es ist, das Layout in professionelle H\u00e4nde legen zu k\u00f6nnen! Wenn diese pro\u00adfes\u00adsio\u00adnel\u00adlen H\u00e4n\u00adde dann auch noch die Bildauswahl, die Druckvorbereitung und gro\u00dfe Teile des Drucks \u00fcbernehmen, wird es un\u00adbeschreiblich sch\u00f6n. Danke, <strong>Eva<\/strong>, was w\u00fcrde ich ohne Dich machen? (Wahr\u00adschein\u00adlich keine Musik\u00adwoche!)<\/p>\n\n\n\n<p class=\"wp-block-paragraph\">Und wenn <strong>Hartwig<\/strong> mir nicht bei der Kleberei der Ausklappseiten geholfen h\u00e4tte, w\u00e4re das Mu\u00adsi\u00adzie\u00adren um einiges anstrengender. Auch Dir vielen Dank!<\/p>\n\n\n\n<p class=\"wp-block-paragraph\">So w\u00fcnsche ich uns eine sch\u00f6ne Woche, hoffentlich mit der einen oder anderen Neu\u00adent\u00addeckung oder dem einen oder anderen freudigen Wiedersehen mit \u201ealten Bekannten\u201c.<\/p>\n\n\n\n<div id=\"wp-block-themeisle-blocks-advanced-columns-0e7f63d2\" class=\"wp-block-themeisle-blocks-advanced-columns has-1-columns has-desktop-equal-layout has-tablet-equal-layout has-mobile-equal-layout has-vertical-unset\"><div class=\"wp-block-themeisle-blocks-advanced-columns-overlay\"><\/div><div class=\"innerblocks-wrap\">\n<div id=\"wp-block-themeisle-blocks-advanced-column-af00143e\" class=\"wp-block-themeisle-blocks-advanced-column\"><\/div>\n<\/div><\/div>\n\n\n\n<p class=\"wp-block-paragraph\"><em>Esslingen, 28.8.2022<br>Ulrich Alpers<\/em><\/p>\n","protected":false},"excerpt":{"rendered":"<p>Musik und Musiker aus England 7. Woche Alter Musik im Stift Seitenstetten Musik und Musiker in und aus England \u2013 ist das nicht eigentlich eine ganze Menge f\u00fcr eine Woche? Ja. Aber die pr\u00e4zisere Themenbezeichnung \u201eAusschlie\u00dflich nach eigenem Gusto ausgew\u00e4hlte Bei\u00adspiele f\u00fcr Musik und Musiker in und aus England\u201c kam &hellip;<\/p>\n","protected":false},"author":2,"featured_media":0,"parent":0,"menu_order":0,"comment_status":"closed","ping_status":"closed","template":"","meta":{"_crdt_document":"","_themeisle_gutenberg_block_has_review":false,"h5ap_radio_sources":[],"footnotes":""},"class_list":["post-33","page","type-page","status-publish","hentry"],"_links":{"self":[{"href":"http:\/\/www.cronopio.de\/seitenstetten\/wp-json\/wp\/v2\/pages\/33","targetHints":{"allow":["GET"]}}],"collection":[{"href":"http:\/\/www.cronopio.de\/seitenstetten\/wp-json\/wp\/v2\/pages"}],"about":[{"href":"http:\/\/www.cronopio.de\/seitenstetten\/wp-json\/wp\/v2\/types\/page"}],"author":[{"embeddable":true,"href":"http:\/\/www.cronopio.de\/seitenstetten\/wp-json\/wp\/v2\/users\/2"}],"replies":[{"embeddable":true,"href":"http:\/\/www.cronopio.de\/seitenstetten\/wp-json\/wp\/v2\/comments?post=33"}],"version-history":[{"count":19,"href":"http:\/\/www.cronopio.de\/seitenstetten\/wp-json\/wp\/v2\/pages\/33\/revisions"}],"predecessor-version":[{"id":191,"href":"http:\/\/www.cronopio.de\/seitenstetten\/wp-json\/wp\/v2\/pages\/33\/revisions\/191"}],"wp:attachment":[{"href":"http:\/\/www.cronopio.de\/seitenstetten\/wp-json\/wp\/v2\/media?parent=33"}],"curies":[{"name":"wp","href":"https:\/\/api.w.org\/{rel}","templated":true}]}}