{"id":326,"date":"2023-07-23T00:05:48","date_gmt":"2023-07-22T22:05:48","guid":{"rendered":"http:\/\/www.cronopio.de\/seitenstetten\/?page_id=326"},"modified":"2023-07-23T00:05:48","modified_gmt":"2023-07-22T22:05:48","slug":"susanne-un-jour","status":"publish","type":"page","link":"http:\/\/www.cronopio.de\/seitenstetten\/2023-2\/weltliche-musik\/susanne-un-jour\/","title":{"rendered":"Susanne un jour"},"content":{"rendered":"\n<p class=\"wp-block-paragraph\">Guillaume Gu\u00e9roult; \u00dcbersetzer unbekannt<\/p>\n\n\n\n<figure class=\"wp-block-table\"><table><tbody><tr><td>Susanne un jour d\u2019amour solicit\u00e9e<br>par deux viellards, convoitants sa beaut\u00e9,<br>fut en son coeur triste et desconfort\u00e9e,<br>voyant l\u2019effort fait \u00e0 sa chastet\u00e9.<br>Elle leur dit: Si par deloyaut\u00e9<br>de ce corps mien vous avez jouissance,<br>c\u2019est fait de moi. Si je fais r\u00e9sistance,<br>vous me ferez mourir en d\u00e9shonneur.<br>Mais j\u2019aime mieux p\u00e9rir en innocence,<br>que d\u2019offenser par pech\u00e9 le Seigneur.<\/td><td>Susanne, eines Tages zur Liebe aufgefordert<br>von zwei Alten, denen nach ihrer Sch\u00f6nheit gel\u00fcstete,<br>war traurig und trostlos in ihrem Herzen,<br>da sie den Angriff auf ihre Keuschheit sah.<br>Sie sprach zu ihnen: \u201eWenn ihr euch unstatthaft<br>dieses meines K\u00f6rpers erfreuen solltet,<br>so bin ich verloren; wenn ich aber Widerstand leiste,<br>so werdet ihr mich in Unehren zu Tode bringen.<br>Doch will ich lieber unschuldig sterben,<br>als durch S\u00fcnde den Herrn zu beleidigen.<\/td><\/tr><\/tbody><\/table><\/figure>\n","protected":false},"excerpt":{"rendered":"<p>Guillaume Gu\u00e9roult; \u00dcbersetzer unbekannt Susanne un jour d\u2019amour solicit\u00e9epar deux viellards, convoitants sa beaut\u00e9,fut en son coeur triste et desconfort\u00e9e,voyant l\u2019effort fait \u00e0 sa chastet\u00e9.Elle leur dit: Si par deloyaut\u00e9de ce corps mien vous avez jouissance,c\u2019est fait de moi. Si je fais r\u00e9sistance,vous me ferez mourir en d\u00e9shonneur.Mais j\u2019aime mieux &hellip;<\/p>\n","protected":false},"author":2,"featured_media":0,"parent":202,"menu_order":0,"comment_status":"closed","ping_status":"closed","template":"","meta":{"_crdt_document":"","_themeisle_gutenberg_block_has_review":false,"h5ap_radio_sources":[],"footnotes":""},"class_list":["post-326","page","type-page","status-publish","hentry"],"_links":{"self":[{"href":"http:\/\/www.cronopio.de\/seitenstetten\/wp-json\/wp\/v2\/pages\/326","targetHints":{"allow":["GET"]}}],"collection":[{"href":"http:\/\/www.cronopio.de\/seitenstetten\/wp-json\/wp\/v2\/pages"}],"about":[{"href":"http:\/\/www.cronopio.de\/seitenstetten\/wp-json\/wp\/v2\/types\/page"}],"author":[{"embeddable":true,"href":"http:\/\/www.cronopio.de\/seitenstetten\/wp-json\/wp\/v2\/users\/2"}],"replies":[{"embeddable":true,"href":"http:\/\/www.cronopio.de\/seitenstetten\/wp-json\/wp\/v2\/comments?post=326"}],"version-history":[{"count":1,"href":"http:\/\/www.cronopio.de\/seitenstetten\/wp-json\/wp\/v2\/pages\/326\/revisions"}],"predecessor-version":[{"id":327,"href":"http:\/\/www.cronopio.de\/seitenstetten\/wp-json\/wp\/v2\/pages\/326\/revisions\/327"}],"up":[{"embeddable":true,"href":"http:\/\/www.cronopio.de\/seitenstetten\/wp-json\/wp\/v2\/pages\/202"}],"wp:attachment":[{"href":"http:\/\/www.cronopio.de\/seitenstetten\/wp-json\/wp\/v2\/media?parent=326"}],"curies":[{"name":"wp","href":"https:\/\/api.w.org\/{rel}","templated":true}]}}