{"id":315,"date":"2023-07-22T23:59:03","date_gmt":"2023-07-22T21:59:03","guid":{"rendered":"http:\/\/www.cronopio.de\/seitenstetten\/?page_id=315"},"modified":"2023-07-23T00:00:04","modified_gmt":"2023-07-22T22:00:04","slug":"maecenas-atavis","status":"publish","type":"page","link":"http:\/\/www.cronopio.de\/seitenstetten\/2022-2\/weltliche-musik\/maecenas-atavis\/","title":{"rendered":"Maecenas atavis"},"content":{"rendered":"\n<p class=\"wp-block-paragraph\">Quintus Horatius Flaccus, Oden 1,1<\/p>\n\n\n\n<p class=\"wp-block-paragraph\">\u00dcbersetzung: O. Kreu\u00dfler<\/p>\n\n\n\n<figure class=\"wp-block-table\"><table><tbody><tr><td>Maecenas, atavis edite regibus,<br>o et praesidium et dulce decus meum:<br>sunt, quos curriculo pulverem Olympicum<br>collegisse iuvat metaque fervidis<\/td><td>O Maecenas, entstammt F\u00fcrsten aus alter Zeit,<br>Du mein sch\u00fctzender Hort, liebender Genius!<br>Da sind, die es erg\u00f6tzt, wenn in Olympias<br>Bahn sie sammelten Staub, und so das gl\u00fchende<\/td><\/tr><tr><td>evitata rotis palmaque nobilis<br>terrarum dominos evehit ad deos;<br>hunc, si mobilium turba Quiritium<br>certat tergeminis tollere honoribus;<\/td><td>Rad umbeugte das Ziel, ziehet der Palmenzweig<br>Die Beherrscher der Welt auf zu der G\u00f6tter Thron.<br>Den freut&#8217;s, wenn sich bestrebt schwankes Quiritenvolk,<br>Aufzuschwingen zu dreifaltigen Ehren ihn;<\/td><\/tr><tr><td>illum, si proprio condidit horreo<br>quidquid de Libycis verritur areis.<br>gaudentem patrios findere sarculo<br>agros Attalicis condicionibus<\/td><td>Jenen, wenn er so viel h\u00e4ufte, im eigenen Haus,<br>Als die libysche Tenn&#8216; immer zusammenfegt.<br>Wer, die Hacke zur Hand, gerne die heimische<br>Flur baut, diesen verlockt, g\u00e4lt es auch Attalus&#8216;<\/td><\/tr><\/tbody><\/table><\/figure>\n\n\n\n<p class=\"wp-block-paragraph\"><strong>Sehr freie Nachdichtung von Christian Morgenstern:<\/strong><\/p>\n\n\n\n<p class=\"wp-block-paragraph\">Hoher Protektor und Freund, Edler von G\u00f6nnersheim,<br>was doch alles der Mensch auf seiner Erde treibt! \u2026<br>Dieser fegt auf dem Rad \u00fcber die Rennbahn, und<br>platzt der Gummischlauch nicht, geht er zuerst durchs Ziel.<\/p>\n\n\n\n<p class=\"wp-block-paragraph\"><br>Welcher Tag f\u00fcr den Mann, wenn ihm das Comit\u00e9<br>die Medaille verleiht, Meisterschaft zuerkennt!<br>Jenen wieder erfreut&#8217;s, wenn ihn der W\u00e4hler Schar<br>an das ber\u00fchmte B\u00fcfett unseres Reichstags schickt.<\/p>\n","protected":false},"excerpt":{"rendered":"<p>Quintus Horatius Flaccus, Oden 1,1 \u00dcbersetzung: O. Kreu\u00dfler Maecenas, atavis edite regibus,o et praesidium et dulce decus meum:sunt, quos curriculo pulverem Olympicumcollegisse iuvat metaque fervidis O Maecenas, entstammt F\u00fcrsten aus alter Zeit,Du mein sch\u00fctzender Hort, liebender Genius!Da sind, die es erg\u00f6tzt, wenn in OlympiasBahn sie sammelten Staub, und so das &hellip;<\/p>\n","protected":false},"author":2,"featured_media":0,"parent":43,"menu_order":0,"comment_status":"closed","ping_status":"closed","template":"","meta":{"_crdt_document":"","_themeisle_gutenberg_block_has_review":false,"h5ap_radio_sources":[],"footnotes":""},"class_list":["post-315","page","type-page","status-publish","hentry"],"_links":{"self":[{"href":"http:\/\/www.cronopio.de\/seitenstetten\/wp-json\/wp\/v2\/pages\/315","targetHints":{"allow":["GET"]}}],"collection":[{"href":"http:\/\/www.cronopio.de\/seitenstetten\/wp-json\/wp\/v2\/pages"}],"about":[{"href":"http:\/\/www.cronopio.de\/seitenstetten\/wp-json\/wp\/v2\/types\/page"}],"author":[{"embeddable":true,"href":"http:\/\/www.cronopio.de\/seitenstetten\/wp-json\/wp\/v2\/users\/2"}],"replies":[{"embeddable":true,"href":"http:\/\/www.cronopio.de\/seitenstetten\/wp-json\/wp\/v2\/comments?post=315"}],"version-history":[{"count":3,"href":"http:\/\/www.cronopio.de\/seitenstetten\/wp-json\/wp\/v2\/pages\/315\/revisions"}],"predecessor-version":[{"id":318,"href":"http:\/\/www.cronopio.de\/seitenstetten\/wp-json\/wp\/v2\/pages\/315\/revisions\/318"}],"up":[{"embeddable":true,"href":"http:\/\/www.cronopio.de\/seitenstetten\/wp-json\/wp\/v2\/pages\/43"}],"wp:attachment":[{"href":"http:\/\/www.cronopio.de\/seitenstetten\/wp-json\/wp\/v2\/media?parent=315"}],"curies":[{"name":"wp","href":"https:\/\/api.w.org\/{rel}","templated":true}]}}