{"id":306,"date":"2023-07-22T23:52:14","date_gmt":"2023-07-22T21:52:14","guid":{"rendered":"http:\/\/www.cronopio.de\/seitenstetten\/?page_id=306"},"modified":"2023-07-22T23:52:16","modified_gmt":"2023-07-22T21:52:16","slug":"domine-non-est-exaltatum","status":"publish","type":"page","link":"http:\/\/www.cronopio.de\/seitenstetten\/2023-2\/geistliche-musik\/domine-non-est-exaltatum\/","title":{"rendered":"Domine, non est exaltatum"},"content":{"rendered":"\n<p class=\"wp-block-paragraph\">Psalm 131<\/p>\n\n\n\n<figure class=\"wp-block-table\"><table><tbody><tr><td>Domine, non est exaltatum cor meum, neque<br>elati sunt oculi mei, neque ambulavi in<br>magnis, neque in mirabilibus super me.<\/td><td>Herr, mein Herz \u00fcberhebt sich nicht, nicht hochm\u00fctig<br>blicken meine Augen, ich gehe nicht um mit gro\u00dfen<br>Dingen, mit Dingen, die mir nicht begreiflich sind.<\/td><\/tr><tr><td>Si non humiliter sentiebam, sed exaltavi<br>animam meam; sicut ablactatus est super<br>matre sua, ita retributio in anima mea.<\/td><td>Vielmehr habe ich bes\u00e4nftigt, habe zur Ruhe gebracht<br>meine Seele. Wie ein gestilltes Kind bei seiner Mutter,<br>wie das gestillte Kind, so ist meine Seele in mir.<\/td><\/tr><tr><td>Speret Isr\u00e6l in Domino, ex hoc nunc et usque in s\u00e6culum.<\/td><td>Israel, warte auf den Herrn von nun an bis in Ewigkeit!<\/td><\/tr><\/tbody><\/table><\/figure>\n","protected":false},"excerpt":{"rendered":"<p>Psalm 131 Domine, non est exaltatum cor meum, nequeelati sunt oculi mei, neque ambulavi inmagnis, neque in mirabilibus super me. Herr, mein Herz \u00fcberhebt sich nicht, nicht hochm\u00fctigblicken meine Augen, ich gehe nicht um mit gro\u00dfenDingen, mit Dingen, die mir nicht begreiflich sind. Si non humiliter sentiebam, sed exaltavianimam meam; &hellip;<\/p>\n","protected":false},"author":2,"featured_media":0,"parent":204,"menu_order":0,"comment_status":"closed","ping_status":"closed","template":"","meta":{"_crdt_document":"","_themeisle_gutenberg_block_has_review":false,"h5ap_radio_sources":[],"footnotes":""},"class_list":["post-306","page","type-page","status-publish","hentry"],"_links":{"self":[{"href":"http:\/\/www.cronopio.de\/seitenstetten\/wp-json\/wp\/v2\/pages\/306","targetHints":{"allow":["GET"]}}],"collection":[{"href":"http:\/\/www.cronopio.de\/seitenstetten\/wp-json\/wp\/v2\/pages"}],"about":[{"href":"http:\/\/www.cronopio.de\/seitenstetten\/wp-json\/wp\/v2\/types\/page"}],"author":[{"embeddable":true,"href":"http:\/\/www.cronopio.de\/seitenstetten\/wp-json\/wp\/v2\/users\/2"}],"replies":[{"embeddable":true,"href":"http:\/\/www.cronopio.de\/seitenstetten\/wp-json\/wp\/v2\/comments?post=306"}],"version-history":[{"count":1,"href":"http:\/\/www.cronopio.de\/seitenstetten\/wp-json\/wp\/v2\/pages\/306\/revisions"}],"predecessor-version":[{"id":307,"href":"http:\/\/www.cronopio.de\/seitenstetten\/wp-json\/wp\/v2\/pages\/306\/revisions\/307"}],"up":[{"embeddable":true,"href":"http:\/\/www.cronopio.de\/seitenstetten\/wp-json\/wp\/v2\/pages\/204"}],"wp:attachment":[{"href":"http:\/\/www.cronopio.de\/seitenstetten\/wp-json\/wp\/v2\/media?parent=306"}],"curies":[{"name":"wp","href":"https:\/\/api.w.org\/{rel}","templated":true}]}}