{"id":304,"date":"2023-07-22T23:50:51","date_gmt":"2023-07-22T21:50:51","guid":{"rendered":"http:\/\/www.cronopio.de\/seitenstetten\/?page_id=304"},"modified":"2023-07-22T23:50:51","modified_gmt":"2023-07-22T21:50:51","slug":"coeli-enarrant-gloriam-dei","status":"publish","type":"page","link":"http:\/\/www.cronopio.de\/seitenstetten\/2023-2\/geistliche-musik\/coeli-enarrant-gloriam-dei\/","title":{"rendered":"Coeli enarrant gloriam Dei"},"content":{"rendered":"\n<p class=\"wp-block-paragraph\">Psalm 19<\/p>\n\n\n\n<figure class=\"wp-block-table\"><table><tbody><tr><td>Coeli enarrant gloriam Dei<br>et opus manus eius adnuntiat firmamentum<br>dies diei eructat verbum et nox nocti indicat scientiam.<\/td><td>Die Himmel erz\u00e4hlen die Herrlichkeit Gottes<br>und das Firmament k\u00fcndet das Werk seiner H\u00e4nde.<br>Ein Tag sagt es dem andern, eine Nacht tut es der andern kund.<\/td><\/tr><tr><td>Coeli enarrant gloriam Dei<br>Non sunt loquel\u00e6, neque sermones,<br>quorum non audiantur voces eorum.<\/td><td>Die Himmel erz\u00e4hlen die Herrlichkeit Gottes<br>ohne Rede und ohne Worte,<br>ungeh\u00f6rt bleibt ihre Stimme.<\/td><\/tr><tr><td>Coeli enarrant gloriam Dei<br>In omnem terram exivit sonus eorum,<br>et in fines orbis terr\u00e6 verba eorum.<\/td><td>Die Himmel erz\u00e4hlen die Herrlichkeit Gottes<br>Doch ihre Botschaft geht in die ganze Welt hinaus,<br>ihre Kunde bis zu den Enden der Erde.<\/td><\/tr><\/tbody><\/table><\/figure>\n","protected":false},"excerpt":{"rendered":"<p>Psalm 19 Coeli enarrant gloriam Deiet opus manus eius adnuntiat firmamentumdies diei eructat verbum et nox nocti indicat scientiam. Die Himmel erz\u00e4hlen die Herrlichkeit Gottesund das Firmament k\u00fcndet das Werk seiner H\u00e4nde.Ein Tag sagt es dem andern, eine Nacht tut es der andern kund. Coeli enarrant gloriam DeiNon sunt loquel\u00e6, &hellip;<\/p>\n","protected":false},"author":2,"featured_media":0,"parent":204,"menu_order":0,"comment_status":"closed","ping_status":"closed","template":"","meta":{"_crdt_document":"","_themeisle_gutenberg_block_has_review":false,"h5ap_radio_sources":[],"footnotes":""},"class_list":["post-304","page","type-page","status-publish","hentry"],"_links":{"self":[{"href":"http:\/\/www.cronopio.de\/seitenstetten\/wp-json\/wp\/v2\/pages\/304","targetHints":{"allow":["GET"]}}],"collection":[{"href":"http:\/\/www.cronopio.de\/seitenstetten\/wp-json\/wp\/v2\/pages"}],"about":[{"href":"http:\/\/www.cronopio.de\/seitenstetten\/wp-json\/wp\/v2\/types\/page"}],"author":[{"embeddable":true,"href":"http:\/\/www.cronopio.de\/seitenstetten\/wp-json\/wp\/v2\/users\/2"}],"replies":[{"embeddable":true,"href":"http:\/\/www.cronopio.de\/seitenstetten\/wp-json\/wp\/v2\/comments?post=304"}],"version-history":[{"count":1,"href":"http:\/\/www.cronopio.de\/seitenstetten\/wp-json\/wp\/v2\/pages\/304\/revisions"}],"predecessor-version":[{"id":305,"href":"http:\/\/www.cronopio.de\/seitenstetten\/wp-json\/wp\/v2\/pages\/304\/revisions\/305"}],"up":[{"embeddable":true,"href":"http:\/\/www.cronopio.de\/seitenstetten\/wp-json\/wp\/v2\/pages\/204"}],"wp:attachment":[{"href":"http:\/\/www.cronopio.de\/seitenstetten\/wp-json\/wp\/v2\/media?parent=304"}],"curies":[{"name":"wp","href":"https:\/\/api.w.org\/{rel}","templated":true}]}}