{"id":290,"date":"2023-07-22T23:39:18","date_gmt":"2023-07-22T21:39:18","guid":{"rendered":"http:\/\/www.cronopio.de\/seitenstetten\/?page_id=290"},"modified":"2023-07-22T23:39:19","modified_gmt":"2023-07-22T21:39:19","slug":"iubilate-deo-omnis-terra","status":"publish","type":"page","link":"http:\/\/www.cronopio.de\/seitenstetten\/2023-2\/geistliche-musik\/iubilate-deo-omnis-terra\/","title":{"rendered":"Iubilate Deo omnis terra"},"content":{"rendered":"\n<p class=\"wp-block-paragraph\">Psalm 100<\/p>\n\n\n\n<figure class=\"wp-block-table\"><table><tbody><tr><td>Iubilate Deo omnis terra<br>servite Domino in laetitia<br>introite in conspectu eius in exultatione<br>Scitote quoniam Dominus ipse est Deus,<br>ipse fecit nos, et non ipsi nos,<br>populus eius et oves pascuae eius.<br>Introite portas eius in confessione,<br>atria eius hymnis confitemini illi.<br>Laudate nomen eius.<br>Quoniam suavis est Dominus,<br>in aeternum misericordia eius<br>et usque in generationem, veritas eius.<\/td><td>Jauchzet dem Herren, alle Welt!<br>Dienet dem Herren mit Freuden,<br>kommt vor sein Angesicht mit Frohlocken!<br>Erkennet, dass der Herr Gott ist!<br>Er hat uns gemacht und nicht wir selbst<br>zu seinem Volk und zu Schafen seiner Weide.<br>Gehet zu seinen Toren ein mit Danken,<br>zu seinen Vorh\u00f6fen mit Loben;<br>danket ihm, lobet seinen Namen!<br>Denn der Herr ist freundlich,<br>und seine Gnade w\u00e4hret ewig<br>und seine Wahrheit f\u00fcr und f\u00fcr.<\/td><\/tr><\/tbody><\/table><\/figure>\n","protected":false},"excerpt":{"rendered":"<p>Psalm 100 Iubilate Deo omnis terraservite Domino in laetitiaintroite in conspectu eius in exultationeScitote quoniam Dominus ipse est Deus,ipse fecit nos, et non ipsi nos,populus eius et oves pascuae eius.Introite portas eius in confessione,atria eius hymnis confitemini illi.Laudate nomen eius.Quoniam suavis est Dominus,in aeternum misericordia eiuset usque in generationem, veritas &hellip;<\/p>\n","protected":false},"author":2,"featured_media":0,"parent":204,"menu_order":0,"comment_status":"closed","ping_status":"closed","template":"","meta":{"_crdt_document":"","_themeisle_gutenberg_block_has_review":false,"h5ap_radio_sources":[],"footnotes":""},"class_list":["post-290","page","type-page","status-publish","hentry"],"_links":{"self":[{"href":"http:\/\/www.cronopio.de\/seitenstetten\/wp-json\/wp\/v2\/pages\/290","targetHints":{"allow":["GET"]}}],"collection":[{"href":"http:\/\/www.cronopio.de\/seitenstetten\/wp-json\/wp\/v2\/pages"}],"about":[{"href":"http:\/\/www.cronopio.de\/seitenstetten\/wp-json\/wp\/v2\/types\/page"}],"author":[{"embeddable":true,"href":"http:\/\/www.cronopio.de\/seitenstetten\/wp-json\/wp\/v2\/users\/2"}],"replies":[{"embeddable":true,"href":"http:\/\/www.cronopio.de\/seitenstetten\/wp-json\/wp\/v2\/comments?post=290"}],"version-history":[{"count":1,"href":"http:\/\/www.cronopio.de\/seitenstetten\/wp-json\/wp\/v2\/pages\/290\/revisions"}],"predecessor-version":[{"id":291,"href":"http:\/\/www.cronopio.de\/seitenstetten\/wp-json\/wp\/v2\/pages\/290\/revisions\/291"}],"up":[{"embeddable":true,"href":"http:\/\/www.cronopio.de\/seitenstetten\/wp-json\/wp\/v2\/pages\/204"}],"wp:attachment":[{"href":"http:\/\/www.cronopio.de\/seitenstetten\/wp-json\/wp\/v2\/media?parent=290"}],"curies":[{"name":"wp","href":"https:\/\/api.w.org\/{rel}","templated":true}]}}