{"id":282,"date":"2023-07-22T23:33:39","date_gmt":"2023-07-22T21:33:39","guid":{"rendered":"http:\/\/www.cronopio.de\/seitenstetten\/?page_id=282"},"modified":"2023-07-22T23:33:40","modified_gmt":"2023-07-22T21:33:40","slug":"mundus-insanus-valeat","status":"publish","type":"page","link":"http:\/\/www.cronopio.de\/seitenstetten\/2023-2\/geistliche-musik\/mundus-insanus-valeat\/","title":{"rendered":"Mundus insanus valeat"},"content":{"rendered":"\n<figure class=\"wp-block-table\"><table><tbody><tr><td>Mundus insanus valeat, biformes<br>voce sirenas imitans citaeque<br>mortis inducens miseris dolosa<br>fraude periclum.<\/td><td>Schn\u00f6de Welt, lebe wohl!<br>Deine Stimme klingt unwahr, wie die der Sirenen;<br>den Armen bringst du durch T\u00e4uschung und Trug<br>die Gefahr eines pl\u00f6tzlichen Todes.<\/td><\/tr><tr><td>Ah, quid in mundo nisi spes caduca,<br>criminum labes, animae ruina,<br>dedecus vitae cumulus dolorum,<br>vincula mortis?<\/td><td>Ach, was ist in der Welt!<br>Nichts als eitle Hoffnung, Schande von<br>Verbrechen, Zerst\u00f6rung der Seele, Entehrung des<br>Lebens, Gipfel der Schmerzen, Fesseln des Todes.<\/td><\/tr><tr><td>Ergo vesanos capiat decorus<br>ipsius vultus, mihi sit voluptas,<br>omnibus spretis sine labe soli<br>vivere Christo.<\/td><td>Verf\u00fchrt dein liebreizendes Antlitz die<br>Verblendeten &#8211; in mir ist das Ver- langen, mich<br>von allem zu entfernen und ohne Verderben f\u00fcr<br>Christus allein zu leben.<\/td><\/tr><\/tbody><\/table><\/figure>\n","protected":false},"excerpt":{"rendered":"<p>Mundus insanus valeat, biformesvoce sirenas imitans citaequemortis inducens miseris dolosafraude periclum. Schn\u00f6de Welt, lebe wohl!Deine Stimme klingt unwahr, wie die der Sirenen;den Armen bringst du durch T\u00e4uschung und Trugdie Gefahr eines pl\u00f6tzlichen Todes. Ah, quid in mundo nisi spes caduca,criminum labes, animae ruina,dedecus vitae cumulus dolorum,vincula mortis? Ach, was ist &hellip;<\/p>\n","protected":false},"author":2,"featured_media":0,"parent":204,"menu_order":0,"comment_status":"closed","ping_status":"closed","template":"","meta":{"_crdt_document":"","_themeisle_gutenberg_block_has_review":false,"h5ap_radio_sources":[],"footnotes":""},"class_list":["post-282","page","type-page","status-publish","hentry"],"_links":{"self":[{"href":"http:\/\/www.cronopio.de\/seitenstetten\/wp-json\/wp\/v2\/pages\/282","targetHints":{"allow":["GET"]}}],"collection":[{"href":"http:\/\/www.cronopio.de\/seitenstetten\/wp-json\/wp\/v2\/pages"}],"about":[{"href":"http:\/\/www.cronopio.de\/seitenstetten\/wp-json\/wp\/v2\/types\/page"}],"author":[{"embeddable":true,"href":"http:\/\/www.cronopio.de\/seitenstetten\/wp-json\/wp\/v2\/users\/2"}],"replies":[{"embeddable":true,"href":"http:\/\/www.cronopio.de\/seitenstetten\/wp-json\/wp\/v2\/comments?post=282"}],"version-history":[{"count":1,"href":"http:\/\/www.cronopio.de\/seitenstetten\/wp-json\/wp\/v2\/pages\/282\/revisions"}],"predecessor-version":[{"id":283,"href":"http:\/\/www.cronopio.de\/seitenstetten\/wp-json\/wp\/v2\/pages\/282\/revisions\/283"}],"up":[{"embeddable":true,"href":"http:\/\/www.cronopio.de\/seitenstetten\/wp-json\/wp\/v2\/pages\/204"}],"wp:attachment":[{"href":"http:\/\/www.cronopio.de\/seitenstetten\/wp-json\/wp\/v2\/media?parent=282"}],"curies":[{"name":"wp","href":"https:\/\/api.w.org\/{rel}","templated":true}]}}