{"id":275,"date":"2023-07-22T23:29:10","date_gmt":"2023-07-22T21:29:10","guid":{"rendered":"http:\/\/www.cronopio.de\/seitenstetten\/?page_id=275"},"modified":"2023-07-22T23:29:11","modified_gmt":"2023-07-22T21:29:11","slug":"da-pacem-domine","status":"publish","type":"page","link":"http:\/\/www.cronopio.de\/seitenstetten\/2023-2\/geistliche-musik\/da-pacem-domine\/","title":{"rendered":"Da pacem, Domine"},"content":{"rendered":"\n<p class=\"wp-block-paragraph\">gregorianische Antiphon<\/p>\n\n\n\n<figure class=\"wp-block-table\"><table><tbody><tr><td>Da pacem, Domine,<br>in diebus nostris,<br>quia non est alius<br>qui pugnet pro nobis,<br>nisi tu Deus noster.<\/td><td>Gib Frieden, Herr,<br>in unseren Tagen,<br>denn es ist kein anderer,<br>der f\u00fcr uns k\u00e4mpfen k\u00f6nnte,<br>als du, unser Gott.<\/td><\/tr><\/tbody><\/table><\/figure>\n","protected":false},"excerpt":{"rendered":"<p>gregorianische Antiphon Da pacem, Domine,in diebus nostris,quia non est aliusqui pugnet pro nobis,nisi tu Deus noster. Gib Frieden, Herr,in unseren Tagen,denn es ist kein anderer,der f\u00fcr uns k\u00e4mpfen k\u00f6nnte,als du, unser Gott.<\/p>\n","protected":false},"author":2,"featured_media":0,"parent":204,"menu_order":0,"comment_status":"closed","ping_status":"closed","template":"","meta":{"_crdt_document":"","_themeisle_gutenberg_block_has_review":false,"h5ap_radio_sources":[],"footnotes":""},"class_list":["post-275","page","type-page","status-publish","hentry"],"_links":{"self":[{"href":"http:\/\/www.cronopio.de\/seitenstetten\/wp-json\/wp\/v2\/pages\/275","targetHints":{"allow":["GET"]}}],"collection":[{"href":"http:\/\/www.cronopio.de\/seitenstetten\/wp-json\/wp\/v2\/pages"}],"about":[{"href":"http:\/\/www.cronopio.de\/seitenstetten\/wp-json\/wp\/v2\/types\/page"}],"author":[{"embeddable":true,"href":"http:\/\/www.cronopio.de\/seitenstetten\/wp-json\/wp\/v2\/users\/2"}],"replies":[{"embeddable":true,"href":"http:\/\/www.cronopio.de\/seitenstetten\/wp-json\/wp\/v2\/comments?post=275"}],"version-history":[{"count":1,"href":"http:\/\/www.cronopio.de\/seitenstetten\/wp-json\/wp\/v2\/pages\/275\/revisions"}],"predecessor-version":[{"id":276,"href":"http:\/\/www.cronopio.de\/seitenstetten\/wp-json\/wp\/v2\/pages\/275\/revisions\/276"}],"up":[{"embeddable":true,"href":"http:\/\/www.cronopio.de\/seitenstetten\/wp-json\/wp\/v2\/pages\/204"}],"wp:attachment":[{"href":"http:\/\/www.cronopio.de\/seitenstetten\/wp-json\/wp\/v2\/media?parent=275"}],"curies":[{"name":"wp","href":"https:\/\/api.w.org\/{rel}","templated":true}]}}