{"id":101,"date":"2022-09-06T19:00:39","date_gmt":"2022-09-06T17:00:39","guid":{"rendered":"http:\/\/www.cronopio.de\/seitenstetten\/?page_id=101"},"modified":"2023-08-26T15:52:53","modified_gmt":"2023-08-26T13:52:53","slug":"2023-2","status":"publish","type":"page","link":"http:\/\/www.cronopio.de\/seitenstetten\/2023-2\/","title":{"rendered":"2023"},"content":{"rendered":"\n<div id=\"wp-block-themeisle-blocks-advanced-columns-c86a62fb\" class=\"wp-block-themeisle-blocks-advanced-columns has-1-columns has-desktop-equal-layout has-tablet-equal-layout has-mobile-equal-layout has-vertical-unset\"><div class=\"wp-block-themeisle-blocks-advanced-columns-overlay\"><\/div><div class=\"innerblocks-wrap\">\n<div id=\"wp-block-themeisle-blocks-advanced-column-2e7b5b04\" class=\"wp-block-themeisle-blocks-advanced-column\">\n<h3 class=\"wp-block-heading has-text-align-center\">Musiker an \u00f6sterreichischen Residenzen<\/h3>\n\n\n\n<h5 class=\"wp-block-heading has-text-align-center\">8. Woche Alter Musik im Stift Seitenstetten<\/h5>\n<\/div>\n<\/div><\/div>\n\n\n\n<p class=\"wp-block-paragraph\">Carl Luython, schon mal geh\u00f6rt? Wem sagt der Name Alard du Gaucquier was? Oder vielleicht Lambert de Sayve? Oder Georg Prenner (nein, nicht der ORF-Moderator)? Nein? Aber doch sicherlich Alexander Utendal? Auch nicht? Wie steht&#8217;s mit Christian Hollander? Noch vor einem Jahr h\u00e4tte ich jede dieser Fragen mit Nein beantworten m\u00fcssen.<\/p>\n\n\n\n<p class=\"wp-block-paragraph\">Als ich unser Besuchsprogramm an den verschiedenen F\u00fcrstenh\u00f6fen in \u00d6sterreich (ich bin so frei, Prag mit dazuzurechnen) vorbereitete, hatte ich das Vergn\u00fcgen, die Bekanntschaft dieser Herrschaften &#8211; und die weiterer bekannterer und unbekannterer Kollegen &#8211; machen k\u00f6nnen zu d\u00fcrfen. Sie werden uns, wenn wir diese Woche auf Tour nach Wien, Graz, Prag, Innsbruck und Salzburg begeben, \u00fcber den Weg laufen, und ich hoffe, ihr werdet ebensolches Vergn\u00fcgen haben, sie kennenzulernen (sofern ihr sie nicht schon kannte), wie ich.<\/p>\n\n\n\n<p class=\"wp-block-paragraph\">Musiker an den Residenzen \u2013 es geht hier haupts\u00e4chlich um solche, die als S\u00e4nger oder Instru\u00admen\u00adta\u00adli\u00adsten, Praeceptoren oder Kapellmeister in Diensten der residierenden Kaiser, Erzherz\u00f6ge etc. standen; ge\u00adlegentlich begegnet uns aber auch der eine oder andere, der mit seiner Kapelle im Gefolge seines F\u00fcrsten von ausw\u00e4rts zu Besuch weilte (z.B. Pierre de la Rue) oder allein auf der Durchreise vorbeikam (etwa Jacob Obrecht). Einige verbrachten ihr gesamtes Berufsleben im Dienst eines Herrschers oder einer Herrscherfamilie (welche wird das wohl sein in \u00d6ster\u00adreich?), andere suchten in aller Ruhe oder \u00fcber\u00adst\u00fcrzt das Weite.<\/p>\n\n\n\n<p class=\"wp-block-paragraph\">Die hier versammelten Kompositionen stammen alle von Musikern, die irgendwann mal an ei\u00adnem Hof geweilt haben \u2013 es ist keineswegs gesagt, dass diese Kompositionen dort entstanden sind; ob Pierre de la Rue w\u00e4hrend seines Aufenthalts in Innsbruck Zeit zum Komponieren hat\u00adte, ist zu bezweifeln, auch von Johann Kugelmann sind erst aus Zeiten nach seinem Engage\u00adment in Innsbruck Kompositionen bekannt. Aber so kleinlich wollte ich nicht sein, die Recher\u00adche w\u00e4re auch \u00fcberaus m\u00fchsam gewesen.<\/p>\n\n\n<style type=\"text\/css\">\n#foogallery-gallery-198.fg-simple_portfolio { justify-content: center; --fg-gutter: 5px; }\n#foogallery-gallery-198.fg-simple_portfolio .fg-item { flex-basis: 250px; }<\/style>\n\t\t\t<div class=\"foogallery foogallery-container foogallery-simple_portfolio foogallery-lightbox-none fg-simple_portfolio fg-ready fg-light fg-border-medium fg-shadow-small fg-loading-default fg-loaded-fade-in fg-caption-always fg-hover-fade fg-hover-external fg-c-c fg-caption-always\" id=\"foogallery-gallery-198\" data-foogallery=\"{&quot;item&quot;:{&quot;showCaptionTitle&quot;:true,&quot;showCaptionDescription&quot;:true},&quot;lazy&quot;:true}\" style=\"--fg-title-line-clamp: 0; --fg-description-line-clamp: 0;\" >\n\t<div class=\"fg-item fg-type-iframe fg-idle\"><figure class=\"fg-item-inner\"><a href=\"http:\/\/www.cronopio.de\/seitenstetten\/2023-2\/weltliche-musik\/\" data-caption-title=\"Weltliche Musik\" data-attachment-id=\"199\" class=\"foogallery-thumb fg-thumb\" data-type=\"iframe\"><span class=\"fg-image-wrap\"><img fetchpriority=\"high\" decoding=\"async\" class=\"bf-img skip-lazy fg-image\" height=\"250\" width=\"250\" data-src-fg=\"http:\/\/www.cronopio.de\/seitenstetten\/wp-content\/uploads\/sites\/15\/cache\/2023\/07\/weltlich_2023\/275308348.jpg\" src=\"data:image\/svg+xml,%3Csvg%20xmlns%3D%22http%3A%2F%2Fwww.w3.org%2F2000%2Fsvg%22%20width%3D%22250%22%20height%3D%22250%22%20viewBox%3D%220%200%20250%20250%22%3E%3C%2Fsvg%3E\" loading=\"eager\"><\/span><span class=\"fg-image-overlay\"><\/span><\/a><figcaption class=\"fg-caption\"><div class=\"fg-caption-inner\"><div class=\"fg-caption-title\">Weltliche Musik<\/div><\/div><\/figcaption><\/figure><div class=\"fg-loader\"><\/div><\/div><div class=\"fg-item fg-type-iframe fg-idle\"><figure class=\"fg-item-inner\"><a href=\"http:\/\/www.cronopio.de\/seitenstetten\/2023-2\/geistliche-musik\/\" data-caption-title=\"Geistliche Musik\" data-attachment-id=\"206\" class=\"foogallery-thumb fg-thumb\" data-type=\"iframe\"><span class=\"fg-image-wrap\"><img decoding=\"async\" class=\"bf-img skip-lazy fg-image\" height=\"250\" width=\"250\" data-src-fg=\"http:\/\/www.cronopio.de\/seitenstetten\/wp-content\/uploads\/sites\/15\/cache\/2023\/07\/geistlich_2023\/2418812700.jpg\" src=\"data:image\/svg+xml,%3Csvg%20xmlns%3D%22http%3A%2F%2Fwww.w3.org%2F2000%2Fsvg%22%20width%3D%22250%22%20height%3D%22250%22%20viewBox%3D%220%200%20250%20250%22%3E%3C%2Fsvg%3E\" loading=\"eager\"><\/span><span class=\"fg-image-overlay\"><\/span><\/a><figcaption class=\"fg-caption\"><div class=\"fg-caption-inner\"><div class=\"fg-caption-title\">Geistliche Musik<\/div><\/div><\/figcaption><\/figure><div class=\"fg-loader\"><\/div><\/div><div class=\"fg-item fg-type-iframe fg-idle\"><figure class=\"fg-item-inner\"><a href=\"http:\/\/www.cronopio.de\/seitenstetten\/2023-2\/instrumentalmusik\/\" data-caption-title=\"Instrumentalmusik\" data-attachment-id=\"209\" class=\"foogallery-thumb fg-thumb\" data-type=\"iframe\"><span class=\"fg-image-wrap\"><img decoding=\"async\" class=\"bf-img skip-lazy fg-image\" height=\"250\" width=\"250\" data-src-fg=\"http:\/\/www.cronopio.de\/seitenstetten\/wp-content\/uploads\/sites\/15\/cache\/2023\/07\/instrumental_2023\/1530031521.jpg\" src=\"data:image\/svg+xml,%3Csvg%20xmlns%3D%22http%3A%2F%2Fwww.w3.org%2F2000%2Fsvg%22%20width%3D%22250%22%20height%3D%22250%22%20viewBox%3D%220%200%20250%20250%22%3E%3C%2Fsvg%3E\" loading=\"eager\"><\/span><span class=\"fg-image-overlay\"><\/span><\/a><figcaption class=\"fg-caption\"><div class=\"fg-caption-inner\"><div class=\"fg-caption-title\">Instrumentalmusik<\/div><\/div><\/figcaption><\/figure><div class=\"fg-loader\"><\/div><\/div><div class=\"fg-item fg-type-iframe fg-idle\"><figure class=\"fg-item-inner\"><a href=\"http:\/\/www.cronopio.de\/seitenstetten\/2023-2\/messen\/\" data-caption-title=\"Messe\" data-attachment-id=\"219\" class=\"foogallery-thumb fg-thumb\" data-type=\"iframe\"><span class=\"fg-image-wrap\"><img decoding=\"async\" class=\"bf-img skip-lazy fg-image\" height=\"250\" width=\"250\" data-src-fg=\"http:\/\/www.cronopio.de\/seitenstetten\/wp-content\/uploads\/sites\/15\/cache\/2023\/07\/messen_2023\/1671047298.jpg\" src=\"data:image\/svg+xml,%3Csvg%20xmlns%3D%22http%3A%2F%2Fwww.w3.org%2F2000%2Fsvg%22%20width%3D%22250%22%20height%3D%22250%22%20viewBox%3D%220%200%20250%20250%22%3E%3C%2Fsvg%3E\" loading=\"eager\"><\/span><span class=\"fg-image-overlay\"><\/span><\/a><figcaption class=\"fg-caption\"><div class=\"fg-caption-inner\"><div class=\"fg-caption-title\">Messe<\/div><\/div><\/figcaption><\/figure><div class=\"fg-loader\"><\/div><\/div><div class=\"fg-item fg-type-iframe fg-idle\"><figure class=\"fg-item-inner\"><a href=\"http:\/\/www.cronopio.de\/seitenstetten\/2023-2\/komponisten\/\" data-caption-title=\"Komponisten\" data-attachment-id=\"210\" class=\"foogallery-thumb fg-thumb\" data-type=\"iframe\"><span class=\"fg-image-wrap\"><img decoding=\"async\" class=\"bf-img skip-lazy fg-image\" height=\"250\" width=\"250\" data-src-fg=\"http:\/\/www.cronopio.de\/seitenstetten\/wp-content\/uploads\/sites\/15\/cache\/2023\/07\/Komponisten_2023\/1013169179.jpg\" src=\"data:image\/svg+xml,%3Csvg%20xmlns%3D%22http%3A%2F%2Fwww.w3.org%2F2000%2Fsvg%22%20width%3D%22250%22%20height%3D%22250%22%20viewBox%3D%220%200%20250%20250%22%3E%3C%2Fsvg%3E\" loading=\"eager\"><\/span><span class=\"fg-image-overlay\"><\/span><\/a><figcaption class=\"fg-caption\"><div class=\"fg-caption-inner\"><div class=\"fg-caption-title\">Komponisten<\/div><\/div><\/figcaption><\/figure><div class=\"fg-loader\"><\/div><\/div><\/div>\n\n\n\n<p class=\"wp-block-paragraph\"><\/p>\n","protected":false},"excerpt":{"rendered":"<p>Carl Luython, schon mal geh\u00f6rt? Wem sagt der Name Alard du Gaucquier was? Oder vielleicht Lambert de Sayve? Oder Georg Prenner (nein, nicht der ORF-Moderator)? Nein? Aber doch sicherlich Alexander Utendal? Auch nicht? Wie steht&#8217;s mit Christian Hollander? Noch vor einem Jahr h\u00e4tte ich jede dieser Fragen mit Nein beantworten &hellip;<\/p>\n","protected":false},"author":2,"featured_media":0,"parent":0,"menu_order":0,"comment_status":"closed","ping_status":"closed","template":"","meta":{"_crdt_document":"","_themeisle_gutenberg_block_has_review":false,"h5ap_radio_sources":[],"footnotes":""},"class_list":["post-101","page","type-page","status-publish","hentry"],"_links":{"self":[{"href":"http:\/\/www.cronopio.de\/seitenstetten\/wp-json\/wp\/v2\/pages\/101","targetHints":{"allow":["GET"]}}],"collection":[{"href":"http:\/\/www.cronopio.de\/seitenstetten\/wp-json\/wp\/v2\/pages"}],"about":[{"href":"http:\/\/www.cronopio.de\/seitenstetten\/wp-json\/wp\/v2\/types\/page"}],"author":[{"embeddable":true,"href":"http:\/\/www.cronopio.de\/seitenstetten\/wp-json\/wp\/v2\/users\/2"}],"replies":[{"embeddable":true,"href":"http:\/\/www.cronopio.de\/seitenstetten\/wp-json\/wp\/v2\/comments?post=101"}],"version-history":[{"count":13,"href":"http:\/\/www.cronopio.de\/seitenstetten\/wp-json\/wp\/v2\/pages\/101\/revisions"}],"predecessor-version":[{"id":375,"href":"http:\/\/www.cronopio.de\/seitenstetten\/wp-json\/wp\/v2\/pages\/101\/revisions\/375"}],"wp:attachment":[{"href":"http:\/\/www.cronopio.de\/seitenstetten\/wp-json\/wp\/v2\/media?parent=101"}],"curies":[{"name":"wp","href":"https:\/\/api.w.org\/{rel}","templated":true}]}}