{"id":93,"date":"2021-08-22T00:00:12","date_gmt":"2021-08-21T22:00:12","guid":{"rendered":"http:\/\/www.cronopio.de\/seitenstetten-2021\/?page_id=93"},"modified":"2021-08-22T00:00:13","modified_gmt":"2021-08-21T22:00:13","slug":"alma-redemptoris-mater-ave-regina-coelorum","status":"publish","type":"page","link":"http:\/\/www.cronopio.de\/seitenstetten-2021\/josquin-desprez\/alma-redemptoris-mater-ave-regina-coelorum\/","title":{"rendered":"Alma Redemptoris Mater\/Ave Regina coelorum"},"content":{"rendered":"\n<div class=\"wp-block-themeisle-blocks-advanced-columns has-2-columns has-desktop-equal-layout has-tablet-equal-layout has-mobile-collapsedRows-layout has-default-gap has-vertical-unset\" id=\"wp-block-themeisle-blocks-advanced-columns-c6780c7a\"><div class=\"wp-block-themeisle-blocks-advanced-columns-overlay\"><\/div><div class=\"innerblocks-wrap\">\n<div class=\"wp-block-themeisle-blocks-advanced-column\" id=\"wp-block-themeisle-blocks-advanced-column-0ed221f1\">\n<figure class=\"wp-block-table\"><table><tbody><tr><td>Alma Redemptoris Mater, <br>quae pervia caeli porta manes <br>et stella maris, <br>succurre cadenti <br>surgere qui curat populo.<\/td><\/tr><tr><td>Tu quae genuisti natura mirante <br>tuum sanctum Genitorem, <br>Virgo prius ac posterius, <br>Gabrielis ab ore sumens illud Ave, <br>peccatorum miserere.<\/td><\/tr><tr><td>Ave Regina coelorum, <br>ave Domina Angelorum: <br>Salve radix sancta, <br>ex qua mundo lux est orta.<\/td><\/tr><tr><td>Gaude Virgo gloriosa, <br>super omnes speciosa: <br>Vale o valde decora, <br>et pro nobis semper Christum exora.<\/td><\/tr><\/tbody><\/table><\/figure>\n<\/div>\n\n\n\n<div class=\"wp-block-themeisle-blocks-advanced-column\" id=\"wp-block-themeisle-blocks-advanced-column-8147d5db\">\n<figure class=\"wp-block-table\"><table><tbody><tr><td>Erhabne Mutter des Erl\u00f6sers, <br>du allzeit offene Pforte des Himmels <br>und Stern des Meeres, <br>komm, hilf deinem Volke, <br>das sich m\u00fcht, vom Falle aufzustehn.<\/td><\/tr><tr><td>Du hast geboren, der Natur zum Staunen, <br>deinen heiligen Sch\u00f6pfer. <br>Die du, Jungfrau davor und danach, <br>aus Gabriels Mund vernahmst das selige Ave, <br>o erbarme dich der S\u00fcnder.<\/td><\/tr><tr><td>Gru\u00df dir, Himmelsk\u00f6nigin, <br>Gru\u00df dir, Herrin der Engel! <br>Sei gegr\u00fc\u00dft, heilige Wurzel, <br>daraus der Welt das Licht aufging.<\/td><\/tr><tr><td>Ehrw\u00fcrdige Jungfrau, <br>\u00fcber alles geschm\u00fcckt. <br>Heil dir, o du hoch Gezierte, <br>bitte f\u00fcr uns immer Christus.<\/td><\/tr><\/tbody><\/table><\/figure>\n<\/div>\n<\/div><\/div>\n","protected":false},"excerpt":{"rendered":"","protected":false},"author":2,"featured_media":0,"parent":30,"menu_order":0,"comment_status":"closed","ping_status":"closed","template":"","meta":{"_crdt_document":"","_themeisle_gutenberg_block_has_review":false,"h5ap_radio_sources":[],"footnotes":""},"class_list":["post-93","page","type-page","status-publish","hentry"],"_links":{"self":[{"href":"http:\/\/www.cronopio.de\/seitenstetten-2021\/wp-json\/wp\/v2\/pages\/93","targetHints":{"allow":["GET"]}}],"collection":[{"href":"http:\/\/www.cronopio.de\/seitenstetten-2021\/wp-json\/wp\/v2\/pages"}],"about":[{"href":"http:\/\/www.cronopio.de\/seitenstetten-2021\/wp-json\/wp\/v2\/types\/page"}],"author":[{"embeddable":true,"href":"http:\/\/www.cronopio.de\/seitenstetten-2021\/wp-json\/wp\/v2\/users\/2"}],"replies":[{"embeddable":true,"href":"http:\/\/www.cronopio.de\/seitenstetten-2021\/wp-json\/wp\/v2\/comments?post=93"}],"version-history":[{"count":1,"href":"http:\/\/www.cronopio.de\/seitenstetten-2021\/wp-json\/wp\/v2\/pages\/93\/revisions"}],"predecessor-version":[{"id":94,"href":"http:\/\/www.cronopio.de\/seitenstetten-2021\/wp-json\/wp\/v2\/pages\/93\/revisions\/94"}],"up":[{"embeddable":true,"href":"http:\/\/www.cronopio.de\/seitenstetten-2021\/wp-json\/wp\/v2\/pages\/30"}],"wp:attachment":[{"href":"http:\/\/www.cronopio.de\/seitenstetten-2021\/wp-json\/wp\/v2\/media?parent=93"}],"curies":[{"name":"wp","href":"https:\/\/api.w.org\/{rel}","templated":true}]}}