{"id":86,"date":"2021-08-21T23:54:34","date_gmt":"2021-08-21T21:54:34","guid":{"rendered":"http:\/\/www.cronopio.de\/seitenstetten-2021\/?page_id=86"},"modified":"2021-08-21T23:54:35","modified_gmt":"2021-08-21T21:54:35","slug":"nymphes-des-bois","status":"publish","type":"page","link":"http:\/\/www.cronopio.de\/seitenstetten-2021\/josquin-desprez\/nymphes-des-bois\/","title":{"rendered":"Nymphes des bois"},"content":{"rendered":"\n<div class=\"wp-block-themeisle-blocks-advanced-columns has-2-columns has-desktop-equal-layout has-tablet-equal-layout has-mobile-collapsedRows-layout has-default-gap has-vertical-unset\" id=\"wp-block-themeisle-blocks-advanced-columns-d5445355\"><div class=\"wp-block-themeisle-blocks-advanced-columns-overlay\"><\/div><div class=\"innerblocks-wrap\">\n<div class=\"wp-block-themeisle-blocks-advanced-column\" id=\"wp-block-themeisle-blocks-advanced-column-1ae67424\">\n<figure class=\"wp-block-table\"><table><tbody><tr><td>Nymphes des bois, deesses des fontaines, <br>Chantres expers de toutes nations, <br>Changes vos voix fors claires et haultaines <br>En cris trenchantz et lamentations, <br>Car Atropos tres terrible satrappe <br>Votre Ockeghem atrappe en sa trappe, <br>Vray tresorier de musiqe et chef doeuvre, <br>Doct elegant de corps et non point trappe, <br>Grant domaige est que la terre le couvre.<\/td><\/tr><tr><td>Acoultres vous dhabis de doeul, <br>Josquin, Piersson, Brumel, Comper, <br>Et ploures grosses larmes doeul, <br>Perdu aves votre bon pere.<\/td><\/tr><tr><td>Requiescat in pace. Amen.<\/td><\/tr><tr><td>Tenor: <br>Requiem aeternam dona eis Domine <br>et lux perpetua luceat eis. <br>Requiescat in pace. <br>Amen.<\/td><\/tr><\/tbody><\/table><\/figure>\n<\/div>\n\n\n\n<div class=\"wp-block-themeisle-blocks-advanced-column\" id=\"wp-block-themeisle-blocks-advanced-column-354fef09\">\n<figure class=\"wp-block-table\"><table><tbody><tr><td>Ihr Nymphen des Waldes, Ihr G\u00f6ttinnen der Quellen, <br>Ihr gro\u00dfen S\u00e4nger aller Nationen, <br>Lasst statt eurer hellen, sch\u00f6nen Stimmen <br>Durchdringende Schreie und Klagen ert\u00f6nen. <br>Denn Atropos, die schreckliche Herrscherin, <br>Hat euren Ockeghem in ihrer Falle gefangen, <br>Den wahren Schatzmeister der Musik, ein Meisterwerk, <br>Gelehrt, elegant von Statur, nicht klein und gedrungen. <br>Es ist ein gro\u00dfes Ungl\u00fcck, dass ihn nun Erde deckt.<\/td><\/tr><tr><td>Legt eure Trauerkleider an, <br>Josquin, Piersson, Brumel, Comp\u00e8re, <br>Und weint viele Tr\u00e4nen: <br>Ihr habt euren lieben Vater verloren.<\/td><\/tr><tr><td>Er m\u00f6ge in Frieden ruhen. Amen.<\/td><\/tr><tr><td>Tenor: <br>Herr, schenke ihnen die ewige Ruhe, <br>und das ewige Licht leuchte ihnen. <br>Er m\u00f6ge in Frieden ruhen. <br>Amen.<\/td><\/tr><\/tbody><\/table><\/figure>\n<\/div>\n<\/div><\/div>\n","protected":false},"excerpt":{"rendered":"","protected":false},"author":2,"featured_media":0,"parent":30,"menu_order":0,"comment_status":"closed","ping_status":"closed","template":"","meta":{"_crdt_document":"","_themeisle_gutenberg_block_has_review":false,"h5ap_radio_sources":[],"footnotes":""},"class_list":["post-86","page","type-page","status-publish","hentry"],"_links":{"self":[{"href":"http:\/\/www.cronopio.de\/seitenstetten-2021\/wp-json\/wp\/v2\/pages\/86","targetHints":{"allow":["GET"]}}],"collection":[{"href":"http:\/\/www.cronopio.de\/seitenstetten-2021\/wp-json\/wp\/v2\/pages"}],"about":[{"href":"http:\/\/www.cronopio.de\/seitenstetten-2021\/wp-json\/wp\/v2\/types\/page"}],"author":[{"embeddable":true,"href":"http:\/\/www.cronopio.de\/seitenstetten-2021\/wp-json\/wp\/v2\/users\/2"}],"replies":[{"embeddable":true,"href":"http:\/\/www.cronopio.de\/seitenstetten-2021\/wp-json\/wp\/v2\/comments?post=86"}],"version-history":[{"count":1,"href":"http:\/\/www.cronopio.de\/seitenstetten-2021\/wp-json\/wp\/v2\/pages\/86\/revisions"}],"predecessor-version":[{"id":87,"href":"http:\/\/www.cronopio.de\/seitenstetten-2021\/wp-json\/wp\/v2\/pages\/86\/revisions\/87"}],"up":[{"embeddable":true,"href":"http:\/\/www.cronopio.de\/seitenstetten-2021\/wp-json\/wp\/v2\/pages\/30"}],"wp:attachment":[{"href":"http:\/\/www.cronopio.de\/seitenstetten-2021\/wp-json\/wp\/v2\/media?parent=86"}],"curies":[{"name":"wp","href":"https:\/\/api.w.org\/{rel}","templated":true}]}}