{"id":78,"date":"2021-08-21T23:46:25","date_gmt":"2021-08-21T21:46:25","guid":{"rendered":"http:\/\/www.cronopio.de\/seitenstetten-2021\/?page_id=78"},"modified":"2021-08-21T23:46:25","modified_gmt":"2021-08-21T21:46:25","slug":"mille-regretz","status":"publish","type":"page","link":"http:\/\/www.cronopio.de\/seitenstetten-2021\/josquin-desprez\/mille-regretz\/","title":{"rendered":"Mille regretz"},"content":{"rendered":"\n<p class=\"wp-block-paragraph\">\u00dcbersetzer unbekannt, Quelle: CPDL<\/p>\n\n\n\n<div class=\"wp-block-themeisle-blocks-advanced-columns has-2-columns has-desktop-equal-layout has-tablet-equal-layout has-mobile-collapsedRows-layout has-default-gap has-vertical-unset\" id=\"wp-block-themeisle-blocks-advanced-columns-f58fecb6\"><div class=\"wp-block-themeisle-blocks-advanced-columns-overlay\"><\/div><div class=\"innerblocks-wrap\">\n<div class=\"wp-block-themeisle-blocks-advanced-column\" id=\"wp-block-themeisle-blocks-advanced-column-18b426f1\">\n<p class=\"wp-block-paragraph\">Mille regretz de vous abandonner<br>Et d&#8217;eslonger vostre fache amoureuse,<br>Jay si grand dueil et paine douloureuse, <br>Quon me verra brief mes jours definer.<\/p>\n<\/div>\n\n\n\n<div class=\"wp-block-themeisle-blocks-advanced-column\" id=\"wp-block-themeisle-blocks-advanced-column-fe9b5d10\">\n<p class=\"wp-block-paragraph\">Welch tausendfach&#8216; Bedauern, da\u00df ich dich lassen muss<br>Und dein liebendes Gesicht so fern von mir sein wird.<br>Ich erleide so gro\u00dfe und schwere Schmerzen, <br>dass meine Tage bald gez\u00e4hlt sein werden.<\/p>\n<\/div>\n<\/div><\/div>\n","protected":false},"excerpt":{"rendered":"<p>\u00dcbersetzer unbekannt, Quelle: CPDL<\/p>\n","protected":false},"author":2,"featured_media":0,"parent":30,"menu_order":0,"comment_status":"closed","ping_status":"closed","template":"","meta":{"_crdt_document":"","_themeisle_gutenberg_block_has_review":false,"h5ap_radio_sources":[],"footnotes":""},"class_list":["post-78","page","type-page","status-publish","hentry"],"_links":{"self":[{"href":"http:\/\/www.cronopio.de\/seitenstetten-2021\/wp-json\/wp\/v2\/pages\/78","targetHints":{"allow":["GET"]}}],"collection":[{"href":"http:\/\/www.cronopio.de\/seitenstetten-2021\/wp-json\/wp\/v2\/pages"}],"about":[{"href":"http:\/\/www.cronopio.de\/seitenstetten-2021\/wp-json\/wp\/v2\/types\/page"}],"author":[{"embeddable":true,"href":"http:\/\/www.cronopio.de\/seitenstetten-2021\/wp-json\/wp\/v2\/users\/2"}],"replies":[{"embeddable":true,"href":"http:\/\/www.cronopio.de\/seitenstetten-2021\/wp-json\/wp\/v2\/comments?post=78"}],"version-history":[{"count":1,"href":"http:\/\/www.cronopio.de\/seitenstetten-2021\/wp-json\/wp\/v2\/pages\/78\/revisions"}],"predecessor-version":[{"id":79,"href":"http:\/\/www.cronopio.de\/seitenstetten-2021\/wp-json\/wp\/v2\/pages\/78\/revisions\/79"}],"up":[{"embeddable":true,"href":"http:\/\/www.cronopio.de\/seitenstetten-2021\/wp-json\/wp\/v2\/pages\/30"}],"wp:attachment":[{"href":"http:\/\/www.cronopio.de\/seitenstetten-2021\/wp-json\/wp\/v2\/media?parent=78"}],"curies":[{"name":"wp","href":"https:\/\/api.w.org\/{rel}","templated":true}]}}