{"id":38,"date":"2021-08-18T00:47:14","date_gmt":"2021-08-17T22:47:14","guid":{"rendered":"http:\/\/www.cronopio.de\/seitenstetten-2021\/?page_id=38"},"modified":"2021-08-25T11:50:32","modified_gmt":"2021-08-25T09:50:32","slug":"michael-praetorius","status":"publish","type":"page","link":"http:\/\/www.cronopio.de\/seitenstetten-2021\/michael-praetorius\/","title":{"rendered":"Michael Praetorius"},"content":{"rendered":"\n<div class=\"wp-block-themeisle-blocks-advanced-columns has-2-columns has-desktop-twoOne-layout has-tablet-equal-layout has-mobile-collapsedRows-layout has-default-gap has-vertical-unset\" id=\"wp-block-themeisle-blocks-advanced-columns-d6c93909\"><div class=\"wp-block-themeisle-blocks-advanced-columns-overlay\"><\/div><div class=\"innerblocks-wrap\">\n<div class=\"wp-block-themeisle-blocks-advanced-column\" id=\"wp-block-themeisle-blocks-advanced-column-471a50e2\">\n<p class=\"has-drop-cap wp-block-paragraph\"><strong>Michael Praetorius<\/strong> wurde 1571 (oder 1572, aber das w\u00e4re weniger schicksalhaft und insofern bedauerlich) in Creuzburg an der Werra, nahe Eisenach (heute im deutschen Bundesland Sachsen-Anhalt) geboren. Sein Vater, Michael Schulteis \u2013 <em>Praetorius<\/em> ist die lateinische \u00dcbersetzung von <em>Schulthei\u00df<\/em> \u2013 , war lutherischer Pfarrer. Praetorius besuchte die Lateinschule in Torgau (Sachsen), sp\u00e4ter die in Zerbst (Anhalt). 1585 nahm er das Studium der Philosophie und Theologie an der Universit\u00e4t Frankfurt an der Oder auf. Ende 1586 starb sein \u00e4lterer Bruder Andreas, Theologieprofessor an der Frankfurter Universit\u00e4t, der f\u00fcr seinen Lebensunterhalt gesorgt hatte; daraufhin \u00fcbernahm Praetorius, obwohl er \u00fcber den schulischen Musikunterricht hinaus keine musikalische Ausbildung erhalten zu haben scheint, das Amt des Organisten an der dortigen Universit\u00e4ts- und Pfarrkirche St. Marien, f\u00fchrte daneben aber seine Studien weiter. Seine Anstellung endete nach etwa 3 Jahren, um 1590 verlie\u00df er Frankfurt ohne Studienabschlu\u00df.<\/p>\n\n\n\n<p class=\"wp-block-paragraph\">1592 oder 1593 kam Praetorius nach Wolfenb\u00fcttel bei Braunschweig, seit sp\u00e4testens 1595 war er im Dienst des Herzogs <em>Heinrich Julius<\/em> von Braunschweig-L\u00fcneburg t\u00e4tig, zun\u00e4chst als Organist. Am 2.8.1596 nahm er an der <em>Gr\u00f6ninger Orgelprobe <\/em>teil, m\u00f6glicherweise als Organisator. In Gr\u00f6ningen in der N\u00e4he von Halberstadt hatte Heinrich Julius eine prachtvolle Residenz; dort lie\u00df er eine gro\u00dfe Orgel, seinerzeit die drittgr\u00f6\u00dfte in Deutschland, bauen, die 1596 mit einem \u201eOrganistenkongress\u201c unter Teilnahme von 53 der bedeutendsten Organisten Deutschlands eingeweiht wurde \u2013 neben Michael Praetorius waren u.a. Hieronymus Praetorius aus Hamburg, Johann Steffens aus L\u00fcneburg und Hans Leo Ha\u00dfler aus Augsburg gekommen. Eine perfekte Gelegenheit, Kontakte zu Kollegen zu kn\u00fcpfen. 1604 wurde er zum herzoglichen Kapellmeister ernannt, \u00fcbte aber weiterhin auch das Organistenamt aus. 1605 erschien unter dem Titel <em>Musae Sioniae oder Geistliche Concert Ges\u00e4nge, Erster Theil<\/em>, der erste Band seiner zahlreichen geistlichen Vokalkompositionen im Druck. Unter der F\u00f6rderung des kunstsinnigen Herzogs erwarb sich Praetorius in den n\u00e4chsten Jahren den Ruf eines der f\u00fchrenden Komponisten im protestantischen Teil Deutschlands. In kurzer Folge kamen weitere Kompositionen im Druck heraus.<\/p>\n\n\n\n<p class=\"wp-block-paragraph\">1613 verstarb unerwartet Herzog Heinrich Julius; f\u00fcr Praetorius bedeutete das das Ende des relativ ruhigen Lebens in der Provinz. Vom kurf\u00fcrstlichen Hofe in Dresden kam die Anfrage, ob man ihn w\u00e4hrend des Trauerjahres, in dem sich musikalisch am Wolfenb\u00fctteler Hof nichts abspielte, \u201eausleihen\u201c k\u00f6nne. So trat er im Herbst 1613 sein neues Amt als \u201eKapellmeister von Hause aus\u201c in Dresden an. Nach Ablauf eines Jahres wollte er wieder zur\u00fcck und schickte dem neuen Herzog, Friedrich Ulrich, Vorschl\u00e4ge zur Reorganisation der Wolfenb\u00fctteler Kapelle. Diese blieben unber\u00fccksichtigt, was auch darin begr\u00fcndet sein k\u00f6nnte, dass Friedrich Ulrich von seinem Vater nicht nur das Herzogtum, sondern auch hohe Schulden geerbt hatte, hingegen nicht die Musikbegeisterung, und der Musik daher nicht oberste Priorit\u00e4t beima\u00df. So blieb Praetorius bis zum Fr\u00fchjahr 1616 in Dresden (war allerdings wohl noch l\u00e4nger dort angestellt, denn er erhielt bis 1618 finanzielle Zuwendungen).<\/p>\n\n\n\n<p class=\"wp-block-paragraph\">Die T\u00e4tigkeit am dortigen kurf\u00fcrstlichen Hofe brachte erhebliche k\u00fcnstlerische Aufgaben und Herausforderungen mit sich, aber durch die Ber\u00fchrung mit neuen Moden und Str\u00f6mungen und den Kontakt mit international erfahrenen Musikern auch viele Inspirationen.<\/p>\n\n\n\n<p class=\"wp-block-paragraph\">Ab 1616 war Praetorius als gesch\u00e4tzter musikalischer Berater und Organisator viel unterwegs, teilweise zusammen mit ber\u00fchmten Kollegen (etwa die Einrichtung der \u201eConcertmusik\u201c am Magdeburger Dom zusammen mit Samuel Scheidt und Heinrich Sch\u00fctz). Als er 1620, \u00fcberarbeitet und krank, nach Wolfenb\u00fcttel zur\u00fcckkehrte, war die Kapelle stark heruntergekommen, und seine Anstellung, die in gewissem Umfang wohl weiterbestanden hatte, wurde nicht mehr verl\u00e4ngert. Am 15. Februar 1621 starb Michael Praetorius in Wolfenb\u00fcttel, gerade einmal 50-j\u00e4hrig. Den gr\u00f6\u00dften Teil seines nicht unbetr\u00e4chtlichen Verm\u00f6gens gab er in eine mildt\u00e4tige Stiftung f\u00fcr Arme.<\/p>\n\n\n\n<p class=\"wp-block-paragraph\">Sein umfangreiches, erhaltenes Werk besteht \u00fcberwiegend aus geistlicher Vokalmusik, von schlichten Chorals\u00e4tzen bis hin zu prachtvollen, mehrch\u00f6rigen Konzertkompositionen. Diesen geistlichen Werken sollte eigentlich ein weltliches \u0152uvre vergleichbaren Umfanges gegen\u00fcbergestellt werden, leider wurde davon nur ein Band mit franz\u00f6sischen Tanzs\u00e4tzen gedruckt. (Angeblich sollen die anderen Ausgaben fertiggestellt und auch schon am Wolfenb\u00fctteler Hof in Benutzung gewesen sein, aber noch nicht im Druck erschienen. Sie sind verschollen.)<\/p>\n\n\n\n<p class=\"wp-block-paragraph\">Daneben verfasste Praetorius ein \u00fcberaus wichtiges musiktheoretischen Werk, das dreib\u00e4ndige <em>Syntagma musicum<\/em> (Musikalische Ordnung), eine unsch\u00e4tzbare Quelle zur Musik der ausgehenden Renaissance und des beginnenden Barock, bestehend aus einem Band zur Musikgeschichte (1615), einem zur Instrumentenkunde (1619) und einem zur Auff\u00fchrungspraxis (1619). Zu einem geplanten und bereits konzipierten vierten Band kam Praetorius nicht mehr. Der zweite Band, <em>De Organographia<\/em> (Beschreibung der Instrumente) enth\u00e4lt \u2013 neben ausf\u00fchrlichen Er\u00f6rterungen alter und neuer Orgeln \u2013 eingehende Beschreibungen aller (na gut \u2013 der meisten) damals in Deutschland bekannten Instrumente; in einem Anhang werden diese sehr genau abgebildet (sowie einige exotische Instrumente, bei denen manchmal der Eindruck nicht zu vermeiden ist, die Zeichnung sei nach dem H\u00f6rensagen entstanden, und einiger biblischer Instrumente, die Praetorius aus der <em>Musica getutscht<\/em> des Sebastian Virdung \u00fcbernommen hat). Diese Darstellung des bekannten Instrumentariums geht an Umfang und Genauigkeit weit \u00fcber diejenigen von Virdung und Agricola hinaus \u2013 nicht zuletzt auch bedingt durch den Fortschritt der Drucktechnik in den mehr als 100 Jahren zwischen Virdungs <em>Musica getutscht<\/em> (1511) und Praetorius\u2018 <em>Organographia<\/em> (1619). Sie ist h\u00e4ufig die einzige Information \u00fcber das Aussehen von Instrumenten, die wir ansonsten nur, wenn \u00fcberhaupt, aus schriftlichen Erw\u00e4hnungen kennen, und es war in den letzten Jahrzehnten oft m\u00f6glich, allein auf dieser Grundlage diese Instrumente zu rekonstruieren.<\/p>\n<\/div>\n\n\n\n<div class=\"wp-block-themeisle-blocks-advanced-column\" id=\"wp-block-themeisle-blocks-advanced-column-d3c802b6\">\n<figure class=\"wp-block-image\"><img loading=\"lazy\" decoding=\"async\" width=\"1100\" height=\"1025\" src=\"http:\/\/www.cronopio.de\/seitenstetten-2021\/wp-content\/uploads\/sites\/13\/2021\/08\/6DE72B2E.jpg\" alt=\"\" class=\"wp-image-21\" srcset=\"http:\/\/www.cronopio.de\/seitenstetten-2021\/wp-content\/uploads\/sites\/13\/2021\/08\/6DE72B2E.jpg 1100w, http:\/\/www.cronopio.de\/seitenstetten-2021\/wp-content\/uploads\/sites\/13\/2021\/08\/6DE72B2E-300x280.jpg 300w, http:\/\/www.cronopio.de\/seitenstetten-2021\/wp-content\/uploads\/sites\/13\/2021\/08\/6DE72B2E-1024x954.jpg 1024w, http:\/\/www.cronopio.de\/seitenstetten-2021\/wp-content\/uploads\/sites\/13\/2021\/08\/6DE72B2E-768x716.jpg 768w, http:\/\/www.cronopio.de\/seitenstetten-2021\/wp-content\/uploads\/sites\/13\/2021\/08\/6DE72B2E-215x200.jpg 215w\" sizes=\"auto, (max-width: 1100px) 100vw, 1100px\" \/><\/figure>\n\n\n\n<ul class=\"wp-block-list\"><li>V. Bransle \u00e0 5<ul><li><a href=\"https:\/\/glueckskaese.de\/noten\/Seitenstetten_21\/Praetorius\/Terpsichore\/005.pdf\">Partitur<\/a><\/li><li><a href=\"https:\/\/glueckskaese.de\/noten\/Seitenstetten_21\/Praetorius\/Einzelstimmen\/005-Einzelstimmen.pdf\">Einzelstimmen<\/a><\/li><\/ul><\/li><li><a href=\"https:\/\/glueckskaese.de\/noten\/Seitenstetten_21\/Praetorius\/Terpsichore\/006.pdf\">VI. Bransle \u00e0 5<\/a><\/li><li><a href=\"https:\/\/glueckskaese.de\/noten\/Seitenstetten_21\/Praetorius\/Terpsichore\/007.pdf\">VII. Bransle \u00e0 5<\/a><\/li><li>VIII. Bransle \u00e0 5<ul><li><a href=\"https:\/\/glueckskaese.de\/noten\/Seitenstetten_21\/Praetorius\/Terpsichore\/008.pdf\">Partitur<\/a><\/li><li><a href=\"https:\/\/glueckskaese.de\/noten\/Seitenstetten_21\/Praetorius\/Einzelstimmen\/008-Einzelstimmen.pdf\">Einzelstimmen<\/a><\/li><\/ul><\/li><li><a href=\"https:\/\/glueckskaese.de\/noten\/Seitenstetten_21\/Praetorius\/Terpsichore\/009_Bransle_double_de_Poictou.pdf\">IX. Bransle double de Pictou \u00e0 5<\/a><\/li><li><a href=\"https:\/\/glueckskaese.de\/noten\/Seitenstetten_21\/Praetorius\/Terpsichore\/010_Bransle_gay.pdf\">X. Bransle gay \u00e0 5<\/a><\/li><li><a href=\"https:\/\/glueckskaese.de\/noten\/Seitenstetten_21\/Praetorius\/Terpsichore\/015_Bransle_de_la_Torche.pdf\">XV. Bransle de la Torche<\/a><\/li><li><a href=\"https:\/\/glueckskaese.de\/noten\/Seitenstetten_21\/Praetorius\/Terpsichore\/016_Bransle_la_Bohemiene.pdf\">XVI. Bransle de Bohemiene<\/a><\/li><li>XVII. Bransle de la Royne<ul><li><a href=\"https:\/\/glueckskaese.de\/noten\/Seitenstetten_21\/Praetorius\/Terpsichore\/017_Bransle_de_la_Royne.pdf\">Partitur<\/a><\/li><li><a href=\"https:\/\/glueckskaese.de\/noten\/Seitenstetten_21\/Praetorius\/Einzelstimmen\/Bransle%20de%20la%20Royne-Einzelstimmen.pdf\">Einzelstimmen<\/a><\/li><\/ul><\/li><li><a href=\"https:\/\/glueckskaese.de\/noten\/Seitenstetten_21\/Praetorius\/Terpsichore\/018_Bransle_Loraine.pdf\">XVIII. Bransle Loraine \u00e0 5<\/a><\/li><li>XIX. Bransle de la Schappe a 5<ul><li><a href=\"https:\/\/glueckskaese.de\/noten\/Seitenstetten_21\/Praetorius\/Terpsichore\/019_Bransle_de_la_Schappe.pdf\">Partitur<\/a><\/li><li><a href=\"https:\/\/glueckskaese.de\/noten\/Seitenstetten_21\/Praetorius\/Einzelstimmen\/Bransle%20de%20la%20Schappe-Einzelstimmen.pdf\">Einzelstimmen<\/a><\/li><\/ul><\/li><li><a href=\"https:\/\/glueckskaese.de\/noten\/Seitenstetten_21\/Praetorius\/Terpsichore\/022_Philou.pdf\">XXII. Philou<\/a><\/li><li><a href=\"https:\/\/glueckskaese.de\/noten\/Seitenstetten_21\/Praetorius\/Terpsichore\/029_Pavane_de_Spaigne.pdf\">XXIX. Pavane de Spaigne<\/a><\/li><li><a href=\"https:\/\/glueckskaese.de\/noten\/Seitenstetten_21\/Praetorius\/Terpsichore\/031_Canarie.pdf\">XXXI. La Canarie \u00e0 4<\/a><\/li><li><a href=\"https:\/\/glueckskaese.de\/noten\/Seitenstetten_21\/Praetorius\/Terpsichore\/052_Courante_de_la_Royne.pdf\">LII. Courrant de la Royne<\/a><\/li><li><a href=\"https:\/\/glueckskaese.de\/noten\/Seitenstetten_21\/Praetorius\/Terpsichore\/053_Courante.pdf\">LIII. Courante \u00e0 5<\/a><\/li><li><a href=\"https:\/\/glueckskaese.de\/noten\/Seitenstetten_21\/Praetorius\/Terpsichore\/054_Courante-tr-5.pdf\">LIV. Courante \u00e0 5<\/a><\/li><li><a href=\"https:\/\/glueckskaese.de\/noten\/Seitenstetten_21\/Praetorius\/Terpsichore\/079_Courrant_de_Mons_de_la_Moth_a_5.pdf\">LXXIX. Courrant de Monsieur de la Moth<\/a><\/li><li><a href=\"https:\/\/glueckskaese.de\/noten\/Seitenstetten_21\/Praetorius\/Terpsichore\/148_Courante-tr-4.pdf\">CXLVIII. Courante \u00e0 4<\/a><\/li><li><a href=\"https:\/\/glueckskaese.de\/noten\/Seitenstetten_21\/Praetorius\/Terpsichore\/183_Courante.pdf\">CLXXXIII. Courante \u00e0 4<\/a><\/li><li><a href=\"https:\/\/glueckskaese.de\/noten\/Seitenstetten_21\/Praetorius\/Terpsichore\/184_Courante.pdf\">CLXXXIV. Courante \u00e0 4<\/a><\/li><li><a href=\"https:\/\/glueckskaese.de\/noten\/Seitenstetten_21\/Praetorius\/Terpsichore\/185_Courante.pdf\">CLXXXV. Courante \u00e0 4 &#8211; Wilhelm von Nassau<\/a><\/li><li><a href=\"https:\/\/glueckskaese.de\/noten\/Seitenstetten_21\/Praetorius\/Terpsichore\/222_Volte.pdf\">CXCVII. Courante \u00e0 4<\/a><\/li><li><a href=\"https:\/\/glueckskaese.de\/noten\/Seitenstetten_21\/Praetorius\/Terpsichore\/222_Volte.pdf\">CCXXII. Volte<\/a><\/li><li><strong><a href=\"https:\/\/glueckskaese.de\/noten\/Seitenstetten_21\/Praetorius\/Terpsichore\/228_Volte.pdf\">CCXXVIII. Volte<\/a><\/strong><\/li><li><a href=\"https:\/\/glueckskaese.de\/noten\/Seitenstetten_21\/Praetorius\/Terpsichore\/250.pdf\">CCL. Ballet de Maistre Guiliaume \u00e0 5<\/a><\/li><li><a href=\"https:\/\/glueckskaese.de\/noten\/Seitenstetten_21\/Praetorius\/Terpsichore\/254.pdf\">CCLIV. Ballet des coqs \u00e0 5<\/a><\/li><li><a href=\"https:\/\/glueckskaese.de\/noten\/Seitenstetten_21\/Praetorius\/Terpsichore\/254.pdf\"><a href=\"https:\/\/glueckskaese.de\/noten\/Seitenstetten_21\/Praetorius\/Terpsichore\/222_Volte.pdf\"><\/a><\/a><a href=\"https:\/\/glueckskaese.de\/noten\/Seitenstetten_21\/Praetorius\/Terpsichore\/262.pdf\">CCLXII. Ballet des sorciers qu&#8217;il fault sonner devant le Ballet du Roy \u00e0 4<\/a><\/li><li><a href=\"https:\/\/glueckskaese.de\/noten\/Seitenstetten_21\/Praetorius\/Terpsichore\/265.pdf\">CCLXV. Ballet \u00e0 4<\/a><\/li><li><a href=\"https:\/\/glueckskaese.de\/noten\/Seitenstetten_21\/Praetorius\/Terpsichore\/269.pdf\">CCLXIX. Ballet du Roy pour sonner apres \u00e0 4<\/a><\/li><li><a href=\"https:\/\/glueckskaese.de\/noten\/Seitenstetten_21\/Praetorius\/Terpsichore\/286_Passamezza-tr-4.pdf\">CCLXXXVI. Passameze \u00e0 6<\/a><\/li><li><a href=\"https:\/\/glueckskaese.de\/noten\/Seitenstetten_21\/Praetorius\/Terpsichore\/287_Gaillarde-tr-4.pdf\">CCLXXXVII. Gaillarde \u00e0 5<\/a><\/li><li><a href=\"https:\/\/glueckskaese.de\/noten\/Seitenstetten_21\/Praetorius\/Terpsichore\/288_Passameze_pour_les_cornetz.pdf\">CCLXXXVIII. Passameze pour les cornetz \u00e0 6<\/a><\/li><li><a href=\"https:\/\/glueckskaese.de\/noten\/Seitenstetten_21\/Praetorius\/Terpsichore\/289_Galliarde_de_Monsieur_Wustrow.pdf\">CCLXXXIX. Galliarde de Monsieur Wustrow \u00e0 5<\/a><\/li><li><a href=\"https:\/\/glueckskaese.de\/noten\/Seitenstetten_21\/Praetorius\/Terpsichore\/291_Gailliarde.pdf\">CCXCI. Gaillarde \u00e0 5<\/a><\/li><li><a href=\"https:\/\/glueckskaese.de\/noten\/Seitenstetten_21\/Praetorius\/Terpsichore\/292_Gailliarde.pdf\">CCXCII. Gaillarde \u00e0 5<\/a><\/li><li>Verleih uns Fried<ul><li><a href=\"https:\/\/glueckskaese.de\/noten\/Seitenstetten_21\/Praetorius\/Verleih_uns_Fried_genaediglich.pdf\">Partitur<\/a><\/li><li><a href=\"https:\/\/glueckskaese.de\/noten\/Seitenstetten_21\/Praetorius\/Einzelstimmen\/Verleih_uns_Fried_gen%c3%a4diglich-Einzelstimmen.pdf\">Ch\u00f6re<\/a><\/li><\/ul><\/li><li>O lux, beata trinitas<ul><li><a href=\"https:\/\/glueckskaese.de\/noten\/Seitenstetten_21\/Praetorius\/O_lux_beata_Trinitas_Partitur-gesamt.pdf\">Partitur<\/a><\/li><li><a href=\"https:\/\/glueckskaese.de\/noten\/Seitenstetten_21\/Praetorius\/Einzelstimmen\/O_lux_beata_Trinitas_Einzelstimmen-gesamt.pdf\">Einzelstimmen<\/a><\/li><li><a href=\"http:\/\/www.cronopio.de\/seitenstetten-2021\/michael-praetorius\/o-lux-beata-trinitas\/\">\u00dcbersetzung<\/a><\/li><\/ul><\/li><li>Benedicamus Domino<ul><li><a href=\"https:\/\/glueckskaese.de\/noten\/Seitenstetten_21\/Praetorius\/Benedicamus_Domino.pdf\">Partitur<\/a><\/li><li><a href=\"https:\/\/glueckskaese.de\/noten\/Seitenstetten_21\/Praetorius\/Einzelstimmen\/Benedicamus_Domino-Einzelstimmen.pdf\">Einzelstimmen<\/a><\/li><\/ul><\/li><li>Allein Gott in der H\u00f6h sei Ehr<ul><li><a href=\"https:\/\/glueckskaese.de\/noten\/Seitenstetten_21\/Praetorius\/Allein_Gott_in_der_Hoeh_sei_Ehr.pdf\">Partitur<\/a><\/li><li><a href=\"https:\/\/glueckskaese.de\/noten\/Seitenstetten_21\/Praetorius\/Allein_Gott_in_der_Hoeh_sei_Ehr-Chor1.pdf\">Chor 1<\/a><\/li><li><a href=\"https:\/\/glueckskaese.de\/noten\/Seitenstetten_21\/Praetorius\/Allein_Gott_in_der_Hoeh_sei_Ehr-Chor2.pdf\">Chor 2<\/a><\/li><\/ul><\/li><li><a href=\"https:\/\/glueckskaese.de\/noten\/Seitenstetten_21\/Praetorius\/Gelobet_seist_du_Jesu_Christ.pdf\">Gelobet seist du, Jesu Christ<\/a><\/li><li><a href=\"https:\/\/glueckskaese.de\/noten\/Seitenstetten_21\/Praetorius\/Nun_bitten_wir_den_Heiligen_Geist.pdf\">Nun bitten wir den Heiligen Geist<\/a><\/li><li><a href=\"https:\/\/glueckskaese.de\/noten\/Seitenstetten_21\/Praetorius\/Vater_unser_in_dem_Himmel.pdf\">Vater unser in dem Himmel<\/a><\/li><li><a href=\"https:\/\/glueckskaese.de\/noten\/Seitenstetten_21\/Praetorius\/Ich_glaeub_in_Gott_Vater.pdf\">Ich gl\u00e4ub in Gott Vater<\/a><\/li><li>Tulerunt Dominum meum<ul><li><a href=\"https:\/\/glueckskaese.de\/noten\/Seitenstetten_21\/Praetorius\/Tulerunt_Dominum_meum.pdf\">Partitur<\/a><\/li><li><a href=\"https:\/\/glueckskaese.de\/noten\/Seitenstetten_21\/Praetorius\/Einzelstimmen\/Tulerunt_Dominum_meum-Einzelstimmen.pdf\">Einzelstimmen<\/a><\/li><li><a href=\"http:\/\/www.cronopio.de\/seitenstetten-2021\/michael-praetorius\/tulerunt-dominum-meum\/\">\u00dcbersetzung<\/a><\/li><\/ul><\/li><li>Pater noster<ul><li><a href=\"https:\/\/glueckskaese.de\/noten\/Seitenstetten_21\/Praetorius\/Pater_noster.pdf\">Partitur<\/a><\/li><li><a href=\"https:\/\/glueckskaese.de\/noten\/Seitenstetten_21\/Praetorius\/Einzelstimmen\/Pater_noster-Einzelstimmen.pdf\">Einzelstimmen<\/a><\/li><\/ul><\/li><li>Magnificat super Angelus ad pastores ait<ul><li><a href=\"https:\/\/glueckskaese.de\/noten\/Seitenstetten_21\/Praetorius\/Magnificat_super_Angelus_ad_pastores_ait.pdf\">Partitur<\/a><\/li><li><a href=\"https:\/\/glueckskaese.de\/noten\/Seitenstetten_21\/Praetorius\/Einzelstimmen\/Magnificat_super_Angelus_ad_pastores_ait-Einzelstimmen.pdf\">Einzelstimmen<\/a><\/li><\/ul><\/li><li>Christ, unser Herr, zum Jordan kam<ul><li><a href=\"https:\/\/glueckskaese.de\/noten\/Seitenstetten_21\/Praetorius\/Christ_unser_Herr_zum_Jordan_kam.pdf\">Partitur<\/a><\/li><li><a href=\"https:\/\/glueckskaese.de\/noten\/Seitenstetten_21\/Praetorius\/Einzelstimmen\/Christ_unser_Herr_zum_Jordan_kam-Einzelstimmen.pdf\">Einzelstimmen<\/a><\/li><\/ul><\/li><li>Universi populi<ul><li><a href=\"https:\/\/glueckskaese.de\/noten\/Seitenstetten_21\/Praetorius\/Universi_populi.pdf\">Partitur<\/a><\/li><li><a href=\"http:\/\/www.cronopio.de\/seitenstetten-2021\/michael-praetorius\/universi-populi\/\">\u00dcbersetzung<\/a><\/li><\/ul><\/li><li><a href=\"https:\/\/glueckskaese.de\/noten\/Seitenstetten_21\/Praetorius\/Olim_promissus_Abrahae.pdf\">Olim promissus Abrahae<\/a><\/li><\/ul>\n<\/div>\n<\/div><\/div>\n\n\n\n<p class=\"wp-block-paragraph\"><\/p>\n","protected":false},"excerpt":{"rendered":"","protected":false},"author":2,"featured_media":0,"parent":0,"menu_order":0,"comment_status":"closed","ping_status":"closed","template":"","meta":{"_crdt_document":"","_themeisle_gutenberg_block_has_review":false,"h5ap_radio_sources":[],"footnotes":""},"class_list":["post-38","page","type-page","status-publish","hentry"],"_links":{"self":[{"href":"http:\/\/www.cronopio.de\/seitenstetten-2021\/wp-json\/wp\/v2\/pages\/38","targetHints":{"allow":["GET"]}}],"collection":[{"href":"http:\/\/www.cronopio.de\/seitenstetten-2021\/wp-json\/wp\/v2\/pages"}],"about":[{"href":"http:\/\/www.cronopio.de\/seitenstetten-2021\/wp-json\/wp\/v2\/types\/page"}],"author":[{"embeddable":true,"href":"http:\/\/www.cronopio.de\/seitenstetten-2021\/wp-json\/wp\/v2\/users\/2"}],"replies":[{"embeddable":true,"href":"http:\/\/www.cronopio.de\/seitenstetten-2021\/wp-json\/wp\/v2\/comments?post=38"}],"version-history":[{"count":14,"href":"http:\/\/www.cronopio.de\/seitenstetten-2021\/wp-json\/wp\/v2\/pages\/38\/revisions"}],"predecessor-version":[{"id":167,"href":"http:\/\/www.cronopio.de\/seitenstetten-2021\/wp-json\/wp\/v2\/pages\/38\/revisions\/167"}],"wp:attachment":[{"href":"http:\/\/www.cronopio.de\/seitenstetten-2021\/wp-json\/wp\/v2\/media?parent=38"}],"curies":[{"name":"wp","href":"https:\/\/api.w.org\/{rel}","templated":true}]}}