{"id":30,"date":"2021-08-18T00:45:52","date_gmt":"2021-08-17T22:45:52","guid":{"rendered":"http:\/\/www.cronopio.de\/seitenstetten-2021\/?page_id=30"},"modified":"2021-08-24T13:58:21","modified_gmt":"2021-08-24T11:58:21","slug":"josquin-desprez","status":"publish","type":"page","link":"http:\/\/www.cronopio.de\/seitenstetten-2021\/josquin-desprez\/","title":{"rendered":"Josquin Desprez"},"content":{"rendered":"\n<div class=\"wp-block-themeisle-blocks-advanced-columns has-2-columns has-desktop-twoOne-layout has-tablet-equal-layout has-mobile-collapsedRows-layout has-default-gap has-vertical-unset\" id=\"wp-block-themeisle-blocks-advanced-columns-1389ae3c\"><div class=\"wp-block-themeisle-blocks-advanced-columns-overlay\"><\/div><div class=\"innerblocks-wrap\">\n<div class=\"wp-block-themeisle-blocks-advanced-column\" id=\"wp-block-themeisle-blocks-advanced-column-37fb8d26\">\n<p class=\"has-drop-cap wp-block-paragraph\"><strong>Josquin Desprez<\/strong> (eigentlich wohl <em>Josse Lebloitte dit Desprez <\/em>\u2013 Josquin ist eine Verkleinerungsform von Josse \u2013, andere Benennungen und Namensformen sind <em>Josquin d&#8217;Ascanio<\/em>, <em>Josquinus Pratensis<\/em>, <em>Iodocus a Prato<\/em> sowie diverse Kombinationen daraus) wurde wohl um 1450\/55 in Nordfrankreich geboren, vermutlich in oder um Saint Quentin. \u00dcber seine Jugend ist nichts bekannt, au\u00dfer da\u00df 1466 sein Onkel Gille Lebloitte dit Desprez und seine Frau ein Testament zu seinen Gunsten aufgesetzt hatten. S\u00e4mtliche weiteren Aussagen stammen aus Quellen aus deutlich sp\u00e4terer Zeit und sind entsprechend wenig zuverl\u00e4ssig. Etwa die, da\u00df Josquin \u2013 vielleicht zusammen mit seinem Freund(?) <em>Jean Mouton<\/em> \u2013 um 1460 Chorknabe in Saint Quentin wurde, oder da\u00df er Sch\u00fcler von <em>Johannes Ockeghem<\/em> war (den er allerdings tats\u00e4chlich kannte und bewunderte). Es kann als gesichert gelten, da\u00df er zu Beginn der 1470er Jahre bereits ein ber\u00fchmter Komponist war, denn er wird in der Motette \u201eOmnium bonorum plena\u201c des etwas \u00e4lteren <em>Loyset Comp\u00e8re<\/em>, die eine F\u00fcrbitte f\u00fcr eine Reihe bedeutender Komponisten enth\u00e4lt, unter diesen aufgef\u00fchrt; diese Motette wurde vermutlich f\u00fcr die Weihe der der Kathedrale von Cambrai 1572 komponiert, auf jeden Fall aber nicht sp\u00e4ter als 1574, das Todesjahr von Guillaume Dufay, der die Reihe der Komponisten anf\u00fchrt.<\/p>\n\n\n\n<p class=\"wp-block-paragraph\">F\u00fcr die Jahre 1477 und 1478 ist Josquins Anstellung als S\u00e4nger in der Kapelle des \u00fcberaus kunstsinnigen Herzogs <em>Ren\u00e9 von Anjou<\/em> in Aix-en-Provence dokumentiert (was nicht ausschlie\u00dft, da\u00df er bereits in den Jahren vorher dort t\u00e4tig war). M\u00f6glicherweise ging seine Anstellung auch noch l\u00e4nger. 1480 starb Ren\u00e9, der Staatsbesitz, zu dem auch die Kapelle geh\u00f6rte, fiel kurz darauf als \u201eKrondom\u00e4ne\u201c an K\u00f6nig <em>Ludwig XI<\/em>. und die Kapelle hatte sich an ihren neuen Dienstsitz Paris zu begeben. Vielleicht war Josquin dabei. Es gibt andererseits Hinweise, da\u00df er sich nach 1480 bereits in Italien im Dienst des sp\u00e4teren Kardinals <em>Ascanio Sforza<\/em> befand. Schlie\u00dflich erw\u00e4hnt ein Dokument aus der Mitte des 16. Jahrhunderts, das die ungarische Hofkapelle zu jener Zeit beschreibt, unter ihren Mitgliedern sei auch Josquin gewesen.<\/p>\n\n\n\n<p class=\"wp-block-paragraph\">1483 jedenfalls hielt er sich in Conde-sur-l&#8217;Escaut auf, unweit seines Geburtsortes an der Grenze zu Burgund (heute zu Belgien), um das Erbe seines Onkels anzutreten und die Verwaltung des geerbten Grundbesitzes zu organisieren. Anschlie\u00dfend, im selben oder folgenden Jahr, begab er sich definitiv in den Dienst von <em>Ascanio Sforza<\/em> in Mailand. Von dort aus unternahm er mehrere Reisen nach Rom, m\u00f6glicherweise auch nach Paris.<\/p>\n\n\n\n<p class=\"wp-block-paragraph\">1489 wurde Josquin Mitglied der p\u00e4pstlichen Kapelle, nachdem er m\u00f6glicherweise dort bereits seit 1586 \u201eals Gast\u201c(?) mitgewirkt hatte, und blieb es wohl bis 1495. Ein mittlerweile ber\u00fchmtes Graffito \u201eJosquinus\u201c, einer unter Hunderten von an der Cantoria (S\u00e4ngerkanzel) der Sixtinischen Kapelle verewigten S\u00e4ngernamen, w\u00fcrde, wenn es von unserem Josquin stammte \u2013 wovon die Wissenschaft inzwischen ausgeht \u2013, aus dieser Zeit stammen. Es ist, sofern nicht doch noch Gegenbelege auftauchen, das einzige \u201eAutograph\u201c unseres Meisters.<\/p>\n\n\n\n<p class=\"wp-block-paragraph\">Wie Josquin die Zeit nach der Anstellung bei der p\u00e4pstlichen Kapelle verbracht hat, ist wieder mal unsicher. Da\u00df er dem burgundischen K\u00f6nig <em>Philipp dem Sch\u00f6nen<\/em> 1495 ein Exemplar seines Stabat Mater zuschickte, legt die Vermutung nahe, da\u00df den Noten die Anfrage nach einer Anstellung beilag. Falls dem so war, wurde diese Anfrage wohl abschl\u00e4gig beschieden, denn es spricht vieles daf\u00fcr, da\u00df Josquin einige Jahre Mitglied der Hofkapelle des franz\u00f6sischen K\u00f6nigs Ludwig XII. war.<\/p>\n\n\n\n<p class=\"wp-block-paragraph\">W\u00e4hrend dieser Zeit, im Jahr 1497, starb der Hofkapellmeister des Herzogs <em>Ercole I. d&#8217;Este<\/em> in Ferrara. Der Herzog war wohl recht w\u00e4hlerisch, jedenfalls zog sich die Suche nach einem Nachfolger jahrelang hin. Schlie\u00dflich gerieten auch Josquin und <em>Heinrich Isaac<\/em> ins Visier der Agenten, die einen neuen Kapellmeister auftun sollten. Einem dieser Agenten namens <em>Gian de Artiganova<\/em> verdanken wir das einzige Dokument \u00fcber den Charakter Josquins (und Isaacs; vielleicht erinnert sich jemand an die Musikwoche 2017, wo ich es schon einmal erw\u00e4hnt habe). Als es letztlich darum ging, wer von diesen beiden Meistern die Anstellung bekommen sollte, schrieb Gian an den Herzog: \u201eMir scheint er [Isaac] gut geeignet, Euer Gnaden zu dienen, besser als Josquin, weil er zu seinen Musikern von liebensw\u00fcrdigerem Wesen ist und \u00f6fter neue Werke komponieren will. Dass Josquin besser komponiert, ist richtig, aber er komponiert, wenn er es will und nicht, wenn man es von ihm erwartet, und er verlangt 200 Dukaten als Lohn, w\u00e4hrend Isaac f\u00fcr 120 kommen will \u2026\u201c Josquin war der Beste und wu\u00dfte es genau, \u00fcberm\u00e4\u00dfige Bescheidenheit war ihm anscheinend nicht eigen. Trotz der Empfehlungen seines Agenten entschied sich der Herzog f\u00fcr Josquin. Im Juni 1503 erfolgte die erste \u00fcppige Gehaltszahlung an ihn.<\/p>\n\n\n\n<p class=\"wp-block-paragraph\">Bereits ein Dreivierteljahr sp\u00e4ter, im April 1504, wurde die letzte Zahlung an ihn angewiesen, denn er hatte die lukrative und sicherlich musikalisch ebenso erf\u00fcllende Stellung bereits wieder aufgegeben und war Hals \u00fcber Kopf in seine Heimat, nach Cond\u00e9-sur-l&#8217;Escaut, gereist. Grund daf\u00fcr war die in Ferrara grassierende Pest.<\/p>\n\n\n\n<p class=\"wp-block-paragraph\">In Cond\u00e9-sur-l&#8217;Escaut wurde Josquin Propst an der Kirche Notre Dame; eine Stellung, die betr\u00e4chtlichen weltlichen und geistlichen Einflu\u00df mit sich brachte, zumal die dortige Musikaus\u00fcbung von hoher Qualit\u00e4t war. Diese Stellung behielt er 17 Jahre, bis zu seinem Tode, bei. Er starb am 27. August 1521. Der Kirche Notre Dame vermachte er ein Haus und Grundbesitz, u.a. unter der Auflage, da\u00df bei Prozessionen durch die Stadt sein vermutlich letztes Werk, die Doppelmotette \u201ePater noster \u2013 Ave Maria\u201c vor seinem Haus am Marktplatz zu singen sei.<\/p>\n\n\n\n<p class=\"wp-block-paragraph\">Wie soll man Josquins Werk w\u00fcrdigen? Er war ohne Zweifel der bedeutendste Komponist der Zeit um 1500; ob auch der beste, oder ob nicht zumindest ein Heinrich Isaac neben ihm Platz findet (meiner bescheidenen Meinung nach durchaus), l\u00e4\u00dft sich wohl nicht beantworten. Aber sein gro\u00dfes Renommee brachte es mit sich, da\u00df unz\u00e4hlige Kopisten seinen Namen an ihre \u201eHervorbringungen\u201c (was durchaus nicht durchweg negativ gemeint ist) schrieben, um sie besser verkaufen zu k\u00f6nnen. So ist ein nicht unbetr\u00e4chtlicher Teil dessen, was unter Josquins Namen auf uns gekommen ist, wohl nicht von ihm, darunter ausgesprochene \u201eLieblinge\u201c wie \u201eLa Spagna\u201c \u2013 was mich nicht gehindert hat, es trotzdem in diese Sammlung aufzunehmen \u2013, selbst vor dem gro\u00dfen \u201eMille regretz\u201c macht die Skepsis der modernen Forschung nicht halt. Insofern ist eine Beurteilung des Gesamtwerks schwierig, da es nicht sauber definiert ist. Das Problem mit den falschen \u201eJosquins\u201c war durchaus schon in alten Zeiten bekannt. Vom Liedersammler und Komponisten <em>Georg Forster<\/em> stammt der Ausspruch aus dem Jahr 1540: \u201eIch erinnere mich an einen bedeutenden Mann, der sagte, dass Josquin jetzt, da er tot ist, mehr Werke herausbringt als zu Lebzeiten.\u201c<\/p>\n\n\n\n<p class=\"wp-block-paragraph\">Zusammenfassend kann man dem ber\u00fchmten Ausspruch von Martin Luther wohl zustimmen: \u201eJosquin ist der noten meister, die habens m\u00fcssen machen, wie er wolt; die andern Sangmeister m\u00fcssens machen, wie es die noten haben w\u00f6llen.\u201c<\/p>\n<\/div>\n\n\n\n<div class=\"wp-block-themeisle-blocks-advanced-column\" id=\"wp-block-themeisle-blocks-advanced-column-2f471a12\">\n<figure class=\"wp-block-image\"><img loading=\"lazy\" decoding=\"async\" width=\"1610\" height=\"1604\" src=\"http:\/\/www.cronopio.de\/seitenstetten-2021\/wp-content\/uploads\/sites\/13\/2021\/08\/6DE72B2A.jpg\" alt=\"\" class=\"wp-image-23\" srcset=\"http:\/\/www.cronopio.de\/seitenstetten-2021\/wp-content\/uploads\/sites\/13\/2021\/08\/6DE72B2A.jpg 1610w, http:\/\/www.cronopio.de\/seitenstetten-2021\/wp-content\/uploads\/sites\/13\/2021\/08\/6DE72B2A-300x300.jpg 300w, http:\/\/www.cronopio.de\/seitenstetten-2021\/wp-content\/uploads\/sites\/13\/2021\/08\/6DE72B2A-1024x1020.jpg 1024w, http:\/\/www.cronopio.de\/seitenstetten-2021\/wp-content\/uploads\/sites\/13\/2021\/08\/6DE72B2A-150x150.jpg 150w, http:\/\/www.cronopio.de\/seitenstetten-2021\/wp-content\/uploads\/sites\/13\/2021\/08\/6DE72B2A-768x765.jpg 768w, http:\/\/www.cronopio.de\/seitenstetten-2021\/wp-content\/uploads\/sites\/13\/2021\/08\/6DE72B2A-1536x1530.jpg 1536w, http:\/\/www.cronopio.de\/seitenstetten-2021\/wp-content\/uploads\/sites\/13\/2021\/08\/6DE72B2A-201x200.jpg 201w\" sizes=\"auto, (max-width: 1610px) 100vw, 1610px\" \/><\/figure>\n\n\n\n<ul class=\"wp-block-list\"><li><a href=\"https:\/\/glueckskaese.de\/noten\/Seitenstetten_21\/Josquin\/Cent_mille_regretz.pdf\">Cent mille regretz<\/a><\/li><li>Fama, malum<ul><li><a href=\"https:\/\/glueckskaese.de\/noten\/Seitenstetten_21\/Josquin\/Fama_malum.pdf\">Partitur<\/a><\/li><li><a href=\"http:\/\/www.cronopio.de\/seitenstetten-2021\/josquin-desprez\/fama-malum\/\">\u00dcbersetzung<\/a><\/li><\/ul><\/li><li>El grillo<a href=\"https:\/\/glueckskaese.de\/noten\/Seitenstetten_21\/Josquin\/El_Grillo.pdf\"><\/a><ul><li><a href=\"https:\/\/glueckskaese.de\/noten\/Seitenstetten_21\/Josquin\/El_Grillo.pdf\">Partitur<\/a><\/li><li><a href=\"http:\/\/www.cronopio.de\/seitenstetten-2021\/?page_id=72\">\u00dcbersetzung<\/a><\/li><\/ul><\/li><li>La spagna<ul><li><a href=\"https:\/\/glueckskaese.de\/noten\/Seitenstetten_21\/Josquin\/La_Spagna.pdf\">Partitur<\/a><\/li><li><a href=\"https:\/\/glueckskaese.de\/noten\/Seitenstetten_21\/Josquin\/Einzelstimmen\/Josquin_-_La_Spagna-Einzelstimmen.pdf\">Einzelstimmen<\/a><\/li><\/ul><\/li><li>Mille regretz<ul><li><a href=\"https:\/\/glueckskaese.de\/noten\/Seitenstetten_21\/Josquin\/Mille_regretz.pdf\">Partitur<\/a><\/li><li><a href=\"http:\/\/www.cronopio.de\/seitenstetten-2021\/josquin-desprez\/mille-regretz\/\">\u00dcbersetzung<\/a><\/li><\/ul><\/li><li>Scaramella<ul><li><a href=\"https:\/\/glueckskaese.de\/noten\/Seitenstetten_21\/Josquin\/Scaramella.pdf\">Partitur<\/a><\/li><li><a href=\"http:\/\/www.cronopio.de\/seitenstetten-2021\/josquin-desprez\/scaramella\/\">\u00dcbersetzung<\/a><\/li><\/ul><\/li><li><a href=\"https:\/\/glueckskaese.de\/noten\/Seitenstetten_21\/Josquin\/Vive_le_roy.pdf\">Vive le roy<\/a><\/li><li>Praeter rerum seriem<ul><li><a href=\"https:\/\/glueckskaese.de\/noten\/Seitenstetten_21\/Josquin\/Praeter_rerum_seriem.pdf\">Partitur<\/a><\/li><\/ul><ul><li><a href=\"https:\/\/glueckskaese.de\/noten\/Seitenstetten_21\/Josquin\/Einzelstimmen\/Josquin_-_Praeter_rerum_seriem-Einzelstimmen.pdf\">Einzelstimmen<\/a><\/li><li><a href=\"http:\/\/www.cronopio.de\/seitenstetten-2021\/josquin-desprez\/praeter-rerum-seriem\/\">\u00dcbersetzung<\/a><\/li><\/ul><\/li><li>Alma Redemptoris Mater<ul><li><a href=\"https:\/\/glueckskaese.de\/noten\/Seitenstetten_21\/Josquin\/Alma_Redemptoris_Mater_-_Ave_Regina_coelorum.pdf\">Partitur<\/a><\/li><\/ul><ul><li>Einzelstimmen<\/li><li><a href=\"http:\/\/www.cronopio.de\/seitenstetten-2021\/josquin-desprez\/alma-redemptoris-mater-ave-regina-coelorum\/\">\u00dcbersetzung<\/a><\/li><\/ul><\/li><li>Faulte d\u2018argent<ul><li><a href=\"https:\/\/glueckskaese.de\/noten\/Seitenstetten_21\/Josquin\/Faulte_d_argent.pdf\">Partitur<\/a><\/li><\/ul><ul><li><a href=\"https:\/\/glueckskaese.de\/noten\/Seitenstetten_21\/Josquin\/Einzelstimmen\/Josquin_-_Faulte_d_argent-Einzelstimmen.pdf\">Einzelstimmen<\/a><\/li><\/ul><\/li><li>Nymphes de bois<ul><li><a href=\"https:\/\/glueckskaese.de\/noten\/Seitenstetten_21\/Josquin\/Nymphes_de_bois_-_Werte_halbiert.pdf\">Partitur<\/a><\/li><\/ul><ul><li><a href=\"https:\/\/glueckskaese.de\/noten\/Seitenstetten_21\/Josquin\/Einzelstimmen\/Josquin_-_Nymphes_de_bois_-_Werte_halbiert-Einzelstimmen.pdf\">Einzelstimmen<\/a><\/li><li><a href=\"http:\/\/www.cronopio.de\/seitenstetten-2021\/josquin-desprez\/nymphes-des-bois\/\">\u00dcbersetzung<\/a><\/li><\/ul><\/li><li><a href=\"https:\/\/glueckskaese.de\/noten\/Seitenstetten_21\/Josquin\/Je_sey_bien_dire.pdf\">Je sey bien dire<\/a><\/li><li><a href=\"https:\/\/glueckskaese.de\/noten\/Seitenstetten_21\/Josquin\/Le_villain.pdf\">Le villain<\/a><\/li><li><a href=\"https:\/\/glueckskaese.de\/noten\/Seitenstetten_21\/Josquin\/Leal_schray_tante.pdf\">Leal schray tante<\/a><\/li><li>Pater noster \/ Ave Maria<ul><li><a href=\"https:\/\/glueckskaese.de\/noten\/Seitenstetten_21\/Josquin\/Pater_noster.pdf\">Partitur<\/a><\/li><\/ul><ul><li><a href=\"https:\/\/glueckskaese.de\/noten\/Seitenstetten_21\/Josquin\/Einzelstimmen\/Josquin_-_Pater_noster-Einzelstimmen.pdf\">Einzelstimmen<\/a><\/li><\/ul><\/li><li><a href=\"https:\/\/glueckskaese.de\/noten\/Seitenstetten_21\/Josquin\/Benedictus-Kanon.pdf\">Benedictus-Kanon<\/a><\/li><li>Guillaume se va chaufer<ul><li><a href=\"https:\/\/glueckskaese.de\/noten\/Seitenstetten_21\/Josquin\/Guillaume_se_va_chaufer.pdf\">Partitur<\/a><\/li><li><a href=\"http:\/\/www.cronopio.de\/seitenstetten-2021\/josquin-desprez\/guillaume-se-va-chaufer\/\">\u00dcbersetzung<\/a><\/li><\/ul><\/li><li>Missa Pange lingua<ul><li><a href=\"https:\/\/glueckskaese.de\/noten\/Seitenstetten_21\/Josquin\/Missa_Pange_lingua_-_1_Kyrie.pdf\">Kyrie<\/a><\/li><li><a href=\"https:\/\/glueckskaese.de\/noten\/Seitenstetten_21\/Josquin\/Missa_Pange_lingua_-_2_Gloria.pdf\">Gloria<\/a><\/li><li><a href=\"https:\/\/glueckskaese.de\/noten\/Seitenstetten_21\/Josquin\/Missa_Pange_lingua_-_3_Sanctus.pdf\">Sanctus<\/a><\/li><li><a href=\"https:\/\/glueckskaese.de\/noten\/Seitenstetten_21\/Josquin\/Missa_Pange_lingua_-_4_Agnus.pdf\">Agnus Dei<\/a><\/li><\/ul><\/li><\/ul>\n<\/div>\n<\/div><\/div>\n","protected":false},"excerpt":{"rendered":"","protected":false},"author":2,"featured_media":0,"parent":0,"menu_order":0,"comment_status":"closed","ping_status":"closed","template":"","meta":{"_crdt_document":"","_themeisle_gutenberg_block_has_review":false,"h5ap_radio_sources":[],"footnotes":""},"class_list":["post-30","page","type-page","status-publish","hentry"],"_links":{"self":[{"href":"http:\/\/www.cronopio.de\/seitenstetten-2021\/wp-json\/wp\/v2\/pages\/30","targetHints":{"allow":["GET"]}}],"collection":[{"href":"http:\/\/www.cronopio.de\/seitenstetten-2021\/wp-json\/wp\/v2\/pages"}],"about":[{"href":"http:\/\/www.cronopio.de\/seitenstetten-2021\/wp-json\/wp\/v2\/types\/page"}],"author":[{"embeddable":true,"href":"http:\/\/www.cronopio.de\/seitenstetten-2021\/wp-json\/wp\/v2\/users\/2"}],"replies":[{"embeddable":true,"href":"http:\/\/www.cronopio.de\/seitenstetten-2021\/wp-json\/wp\/v2\/comments?post=30"}],"version-history":[{"count":15,"href":"http:\/\/www.cronopio.de\/seitenstetten-2021\/wp-json\/wp\/v2\/pages\/30\/revisions"}],"predecessor-version":[{"id":107,"href":"http:\/\/www.cronopio.de\/seitenstetten-2021\/wp-json\/wp\/v2\/pages\/30\/revisions\/107"}],"wp:attachment":[{"href":"http:\/\/www.cronopio.de\/seitenstetten-2021\/wp-json\/wp\/v2\/media?parent=30"}],"curies":[{"name":"wp","href":"https:\/\/api.w.org\/{rel}","templated":true}]}}